{"id":1054,"date":"2024-06-04T08:12:31","date_gmt":"2024-06-04T06:12:31","guid":{"rendered":"https:\/\/hmi-test.ezenit.link\/?page_id=1054"},"modified":"2024-07-17T16:08:58","modified_gmt":"2024-07-17T14:08:58","slug":"clinical-analysis","status":"publish","type":"page","link":"https:\/\/hmi-test.ezenit.link\/es\/clinical-analysis\/","title":{"rendered":"An\u00e1lisis cl\u00ednicos"},"content":{"rendered":"<style>.elementor-1054 .elementor-element.elementor-element-cdf07c1{--display:flex;--flex-direction:row;--container-widget-width:initial;--container-widget-height:100%;--container-widget-flex-grow:1;--container-widget-align-self:stretch;--flex-wrap-mobile:wrap;--gap:0px 0px;--row-gap:0px;--column-gap:0px;--margin-top:0px;--margin-bottom:140px;--margin-left:0px;--margin-right:0px;}.elementor-1054 .elementor-element.elementor-element-0d41257{--display:flex;--justify-content:flex-start;--align-items:flex-start;--container-widget-width:calc( ( 1 - var( --container-widget-flex-grow ) ) * 100% );--margin-top:0px;--margin-bottom:0px;--margin-left:0px;--margin-right:0px;--padding-top:0px;--padding-bottom:0px;--padding-left:0px;--padding-right:0px;}.elementor-widget-image .widget-image-caption{color:var( --e-global-color-text );font-family:var( --e-global-typography-text-font-family ), Sans-serif;font-weight:var( --e-global-typography-text-font-weight );}.elementor-1054 .elementor-element.elementor-element-0a95c59 img{border-radius:10px 10px 10px 10px;}.elementor-1054 .elementor-element.elementor-element-2e8bf05{--display:flex;--padding-top:25px;--padding-bottom:0px;--padding-left:70px;--padding-right:70px;}.elementor-1054 .elementor-element.elementor-element-759286a{--display:flex;--flex-direction:column;--container-widget-width:calc( ( 1 - var( --container-widget-flex-grow ) ) * 100% );--container-widget-height:initial;--container-widget-flex-grow:0;--container-widget-align-self:initial;--flex-wrap-mobile:wrap;--justify-content:center;--align-items:flex-start;--gap:0px 53px;--row-gap:0px;--column-gap:53px;--margin-top:0px;--margin-bottom:060px;--margin-left:0px;--margin-right:0px;--padding-top:0px;--padding-bottom:0px;--padding-left:0px;--padding-right:0px;}.elementor-1054 .elementor-element.elementor-element-759286a.e-con{--align-self:center;}.elementor-widget-heading .elementor-heading-title{font-family:var( --e-global-typography-primary-font-family ), Sans-serif;font-weight:var( --e-global-typography-primary-font-weight );color:var( --e-global-color-primary );}.elementor-1054 .elementor-element.elementor-element-903ca19{width:100%;max-width:100%;text-align:left;}.elementor-1054 .elementor-element.elementor-element-903ca19 > .elementor-widget-container{margin:-26px 0px 0px 0px;}.elementor-1054 .elementor-element.elementor-element-903ca19 .elementor-heading-title{font-family:\"Glaw\", Sans-serif;font-size:35px;font-weight:700;color:#243072;}.elementor-widget-text-editor{font-family:var( --e-global-typography-text-font-family ), Sans-serif;font-weight:var( --e-global-typography-text-font-weight );color:var( --e-global-color-text );}.elementor-widget-text-editor.elementor-drop-cap-view-stacked .elementor-drop-cap{background-color:var( --e-global-color-primary );}.elementor-widget-text-editor.elementor-drop-cap-view-framed .elementor-drop-cap, .elementor-widget-text-editor.elementor-drop-cap-view-default .elementor-drop-cap{color:var( --e-global-color-primary );border-color:var( --e-global-color-primary );}.elementor-1054 .elementor-element.elementor-element-1aa3ebf{width:var( --container-widget-width, 100% );max-width:100%;--container-widget-width:100%;--container-widget-flex-grow:0;font-family:\"Glaw\", Sans-serif;font-weight:400;line-height:20px;color:#243072;}.elementor-1054 .elementor-element.elementor-element-1aa3ebf > .elementor-widget-container{margin:16px 0px -20px 0px;padding:0px 0px 0px 0px;}.elementor-1054 .elementor-element.elementor-element-1aa3ebf.elementor-element{--align-self:flex-start;}:root{--page-title-display:none;}@media(max-width:767px){.elementor-1054 .elementor-element.elementor-element-cdf07c1{--gap:070px 0px;--row-gap:070px;--column-gap:0px;--padding-top:0px;--padding-bottom:0px;--padding-left:25px;--padding-right:25px;}.elementor-1054 .elementor-element.elementor-element-0d41257{--width:100%;--gap:020px 0px;--row-gap:020px;--column-gap:0px;--margin-top:0px;--margin-bottom:0px;--margin-left:0px;--margin-right:0px;}.elementor-1054 .elementor-element.elementor-element-2e8bf05{--width:100%;--gap:40px 0px;--row-gap:40px;--column-gap:0px;--margin-top:0px;--margin-bottom:0px;--margin-left:0px;--margin-right:0px;--padding-top:0px;--padding-bottom:0px;--padding-left:0px;--padding-right:0px;}.elementor-1054 .elementor-element.elementor-element-759286a{--flex-direction:column;--container-widget-width:calc( ( 1 - var( --container-widget-flex-grow ) ) * 100% );--container-widget-height:initial;--container-widget-flex-grow:0;--container-widget-align-self:initial;--flex-wrap-mobile:wrap;--justify-content:center;--align-items:center;--gap:20px 20px;--row-gap:20px;--column-gap:20px;--margin-top:0px;--margin-bottom:0px;--margin-left:0px;--margin-right:0px;}.elementor-1054 .elementor-element.elementor-element-1aa3ebf > .elementor-widget-container{margin:0px 0px 0px 0px;}}@media(min-width:768px){.elementor-1054 .elementor-element.elementor-element-cdf07c1{--content-width:90%;}.elementor-1054 .elementor-element.elementor-element-0d41257{--width:40%;}.elementor-1054 .elementor-element.elementor-element-2e8bf05{--width:60%;}.elementor-1054 .elementor-element.elementor-element-759286a{--width:100%;}}\/* Start Custom Fonts CSS *\/@font-face {\n\tfont-family: 'Glaw';\n\tfont-style: normal;\n\tfont-weight: normal;\n\tfont-display: auto;\n\tsrc: url('https:\/\/hmi-test.ezenit.link\/wp-content\/uploads\/2024\/05\/glaw.ttf') format('truetype');\n}\n@font-face {\n\tfont-family: 'Glaw';\n\tfont-style: italic;\n\tfont-weight: normal;\n\tfont-display: auto;\n\tsrc: url('https:\/\/hmi-test.ezenit.link\/wp-content\/uploads\/2024\/05\/glawi.ttf') format('truetype');\n}\n@font-face {\n\tfont-family: 'Glaw';\n\tfont-style: normal;\n\tfont-weight: bold;\n\tfont-display: auto;\n\tsrc: url('https:\/\/hmi-test.ezenit.link\/wp-content\/uploads\/2024\/05\/glawb.ttf') format('truetype');\n}\n@font-face {\n\tfont-family: 'Glaw';\n\tfont-style: italic;\n\tfont-weight: bold;\n\tfont-display: auto;\n\tsrc: url('https:\/\/hmi-test.ezenit.link\/wp-content\/uploads\/2024\/05\/glawbi.ttf') format('truetype');\n}\n@font-face {\n\tfont-family: 'Glaw';\n\tfont-style: normal;\n\tfont-weight: 900;\n\tfont-display: auto;\n\tsrc: url('https:\/\/hmi-test.ezenit.link\/wp-content\/uploads\/2024\/05\/glawh.ttf') format('truetype');\n}\n@font-face {\n\tfont-family: 'Glaw';\n\tfont-style: italic;\n\tfont-weight: 900;\n\tfont-display: auto;\n\tsrc: url('https:\/\/hmi-test.ezenit.link\/wp-content\/uploads\/2024\/05\/glawhi.ttf') format('truetype');\n}\n@font-face {\n\tfont-family: 'Glaw';\n\tfont-style: normal;\n\tfont-weight: 100;\n\tfont-display: auto;\n\tsrc: url('https:\/\/hmi-test.ezenit.link\/wp-content\/uploads\/2024\/05\/glawl.ttf') format('truetype');\n}\n@font-face {\n\tfont-family: 'Glaw';\n\tfont-style: italic;\n\tfont-weight: 100;\n\tfont-display: auto;\n\tsrc: url('https:\/\/hmi-test.ezenit.link\/wp-content\/uploads\/2024\/05\/glawli.ttf') format('truetype');\n}\n\/* End Custom Fonts CSS *\/<\/style>\t\t<div data-elementor-type=\"wp-page\" data-elementor-id=\"1054\" class=\"elementor elementor-1054\" data-elementor-post-type=\"page\">\n\t\t\t\t<div class=\"elementor-element elementor-element-cdf07c1 e-flex e-con-boxed e-con e-parent\" data-id=\"cdf07c1\" data-element_type=\"container\">\n\t\t\t\t\t<div class=\"e-con-inner\">\n\t\t<div class=\"elementor-element elementor-element-0d41257 e-con-full e-flex e-con e-child\" data-id=\"0d41257\" data-element_type=\"container\">\n\t\t\t\t<div class=\"elementor-element elementor-element-0a95c59 elementor-widget elementor-widget-image\" data-id=\"0a95c59\" data-element_type=\"widget\" data-widget_type=\"image.default\">\n\t\t\t\t<div class=\"elementor-widget-container\">\n\t\t\t\t\t\t\t\t\t\t\t\t\t\t\t<img fetchpriority=\"high\" decoding=\"async\" width=\"640\" height=\"427\" src=\"https:\/\/assets-hmi.imgix.net\/uploads\/2024\/06\/HM-PUERTA-SUR-129-en-tamano-mediano.jpeg?auto=format%2Ccompress&amp;ixlib=php-3.3.0\" class=\"attachment-large size-large wp-image-1517\" alt=\"\" srcset=\"https:\/\/assets-hmi.imgix.net\/uploads\/2024\/06\/HM-PUERTA-SUR-129-en-tamano-mediano.jpeg?auto=format%2Ccompress&amp;ixlib=php-3.3.0&amp;w=640 640w, https:\/\/assets-hmi.imgix.net\/uploads\/2024\/06\/HM-PUERTA-SUR-129-en-tamano-mediano.jpeg?auto=format%2Ccompress&amp;fit=crop&amp;h=200&amp;ixlib=php-3.3.0&amp;w=300 300w, https:\/\/assets-hmi.imgix.net\/uploads\/2024\/06\/HM-PUERTA-SUR-129-en-tamano-mediano.jpeg?auto=format%2Ccompress&amp;fit=crop&amp;h=12&amp;ixlib=php-3.3.0&amp;w=18 18w\" sizes=\"(max-width: 640px) 100vw, 640px\" \/>\t\t\t\t\t\t\t\t\t\t\t\t\t\t\t<\/div>\n\t\t\t\t<\/div>\n\t\t\t\t<\/div>\n\t\t<div class=\"elementor-element elementor-element-2e8bf05 e-con-full e-flex e-con e-child\" data-id=\"2e8bf05\" data-element_type=\"container\">\n\t\t<div class=\"elementor-element elementor-element-759286a e-con-full e-flex e-con e-child\" data-id=\"759286a\" data-element_type=\"container\">\n\t\t\t\t<div class=\"elementor-element elementor-element-903ca19 elementor-widget__width-inherit elementor-widget elementor-widget-heading\" data-id=\"903ca19\" data-element_type=\"widget\" data-widget_type=\"heading.default\">\n\t\t\t\t<div class=\"elementor-widget-container\">\n\t\t\t\t\t<h2 class=\"elementor-heading-title elementor-size-default\">An\u00e1lisis cl\u00ednicos<\/h2>\t\t\t\t<\/div>\n\t\t\t\t<\/div>\n\t\t\t\t<div class=\"elementor-element elementor-element-1aa3ebf elementor-widget__width-initial elementor-widget elementor-widget-text-editor\" data-id=\"1aa3ebf\" data-element_type=\"widget\" data-widget_type=\"text-editor.default\">\n\t\t\t\t<div class=\"elementor-widget-container\">\n\t\t\t\t\t\t\t\t\t<p>Es competencia del especialista la gesti\u00f3n integral del laboratorio de An\u00e1lisis Cl\u00ednicos.<\/p><p>Se entiende por An\u00e1lisis Cl\u00ednicos el \u00e1rea de las ciencias b\u00e1sicas de aplicaci\u00f3n al diagn\u00f3stico, pron\u00f3stico, terap\u00e9utica y prevenci\u00f3n de la enfermedad.\u00a0<\/p><p>Los An\u00e1lisis Cl\u00ednicos son la base com\u00fan de las siguientes especialidades: <b>Hematolog\u00eda y Hemoterapia, Bioqu\u00edmica Cl\u00ednica, Microbiolog\u00eda y Parasitolog\u00eda, Inmunolog\u00eda y Gen\u00e9tica.<\/b>Su campo de acci\u00f3n ser\u00e1 la asistencia primaria y secundaria de la actual estructura sanitaria. A nivel de la asistencia terciaria su actuaci\u00f3n se reducir\u00e1 a \u00e1reas concretas.<\/p><p>De lunes a s\u00e1bado abierto al p\u00fablico y 24\/7 para emergencias, todo tipo de pruebas, ETS, An\u00e1lisis de sangre generales, Pruebas Covid 19. Pruebas gen\u00e9ticas, etc.\u00a0<\/p>\t\t\t\t\t\t\t\t<\/div>\n\t\t\t\t<\/div>\n\t\t\t\t<\/div>\n\t\t\t\t<\/div>\n\t\t\t\t\t<\/div>\n\t\t\t\t<\/div>\n\t\t\t\t<\/div>","protected":false},"excerpt":{"rendered":"<p>Clinical Analysis The specialist is in charge of the overall management of the Clinical Analysis Laboratory. Clinical Analysis is understood to mean the area of basic sciences applicable to the diagnosis, prognosis, treatment and prevention of diseases. Clinical Analysis forms the common basis of the following specialties: Haematology and Haemotherapy, Clinical Biochemistry, Microbiology and Parasitology, [&hellip;]<\/p>","protected":false},"author":3,"featured_media":0,"parent":0,"menu_order":0,"comment_status":"closed","ping_status":"closed","template":"","meta":{"footnotes":""},"class_list":["post-1054","page","type-page","status-publish","hentry"],"_links":{"self":[{"href":"https:\/\/hmi-test.ezenit.link\/es\/wp-json\/wp\/v2\/pages\/1054","targetHints":{"allow":["GET"]}}],"collection":[{"href":"https:\/\/hmi-test.ezenit.link\/es\/wp-json\/wp\/v2\/pages"}],"about":[{"href":"https:\/\/hmi-test.ezenit.link\/es\/wp-json\/wp\/v2\/types\/page"}],"author":[{"embeddable":true,"href":"https:\/\/hmi-test.ezenit.link\/es\/wp-json\/wp\/v2\/users\/3"}],"replies":[{"embeddable":true,"href":"https:\/\/hmi-test.ezenit.link\/es\/wp-json\/wp\/v2\/comments?post=1054"}],"version-history":[{"count":25,"href":"https:\/\/hmi-test.ezenit.link\/es\/wp-json\/wp\/v2\/pages\/1054\/revisions"}],"predecessor-version":[{"id":3581,"href":"https:\/\/hmi-test.ezenit.link\/es\/wp-json\/wp\/v2\/pages\/1054\/revisions\/3581"}],"wp:attachment":[{"href":"https:\/\/hmi-test.ezenit.link\/es\/wp-json\/wp\/v2\/media?parent=1054"}],"curies":[{"name":"wp","href":"https:\/\/api.w.org\/{rel}","templated":true}]}}