{"id":1089,"date":"2024-06-04T08:14:48","date_gmt":"2024-06-04T06:14:48","guid":{"rendered":"https:\/\/hmi-test.ezenit.link\/?page_id=1089"},"modified":"2024-07-17T15:54:50","modified_gmt":"2024-07-17T13:54:50","slug":"pediatric","status":"publish","type":"page","link":"https:\/\/hmi-test.ezenit.link\/es\/pediatric\/","title":{"rendered":"Pediatr\u00eda"},"content":{"rendered":"<style>.elementor-1089 .elementor-element.elementor-element-7ea5c14{--display:flex;--flex-direction:row;--container-widget-width:initial;--container-widget-height:100%;--container-widget-flex-grow:1;--container-widget-align-self:stretch;--flex-wrap-mobile:wrap;--gap:0px 0px;--row-gap:0px;--column-gap:0px;--margin-top:0px;--margin-bottom:140px;--margin-left:0px;--margin-right:0px;}.elementor-1089 .elementor-element.elementor-element-5351bdb{--display:flex;--justify-content:flex-start;--align-items:flex-start;--container-widget-width:calc( ( 1 - var( --container-widget-flex-grow ) ) * 100% );--margin-top:0px;--margin-bottom:0px;--margin-left:0px;--margin-right:0px;--padding-top:0px;--padding-bottom:0px;--padding-left:0px;--padding-right:0px;}.elementor-widget-image .widget-image-caption{color:var( --e-global-color-text );font-family:var( --e-global-typography-text-font-family ), Sans-serif;font-weight:var( --e-global-typography-text-font-weight );}.elementor-1089 .elementor-element.elementor-element-da820be img{border-radius:10px 10px 10px 10px;}.elementor-1089 .elementor-element.elementor-element-bec5526{--display:flex;--padding-top:25px;--padding-bottom:0px;--padding-left:70px;--padding-right:70px;}.elementor-1089 .elementor-element.elementor-element-9209e3e{--display:flex;--flex-direction:column;--container-widget-width:calc( ( 1 - var( --container-widget-flex-grow ) ) * 100% );--container-widget-height:initial;--container-widget-flex-grow:0;--container-widget-align-self:initial;--flex-wrap-mobile:wrap;--justify-content:center;--align-items:flex-start;--gap:0px 53px;--row-gap:0px;--column-gap:53px;--margin-top:0px;--margin-bottom:060px;--margin-left:0px;--margin-right:0px;--padding-top:0px;--padding-bottom:0px;--padding-left:0px;--padding-right:0px;}.elementor-1089 .elementor-element.elementor-element-9209e3e.e-con{--align-self:center;}.elementor-widget-heading .elementor-heading-title{font-family:var( --e-global-typography-primary-font-family ), Sans-serif;font-weight:var( --e-global-typography-primary-font-weight );color:var( --e-global-color-primary );}.elementor-1089 .elementor-element.elementor-element-b99e432{width:100%;max-width:100%;text-align:left;}.elementor-1089 .elementor-element.elementor-element-b99e432 > .elementor-widget-container{margin:0px 0px 0px 0px;}.elementor-1089 .elementor-element.elementor-element-b99e432 .elementor-heading-title{font-family:\"Glaw\", Sans-serif;font-size:35px;font-weight:700;color:#243072;}.elementor-widget-text-editor{font-family:var( --e-global-typography-text-font-family ), Sans-serif;font-weight:var( --e-global-typography-text-font-weight );color:var( --e-global-color-text );}.elementor-widget-text-editor.elementor-drop-cap-view-stacked .elementor-drop-cap{background-color:var( --e-global-color-primary );}.elementor-widget-text-editor.elementor-drop-cap-view-framed .elementor-drop-cap, .elementor-widget-text-editor.elementor-drop-cap-view-default .elementor-drop-cap{color:var( --e-global-color-primary );border-color:var( --e-global-color-primary );}.elementor-1089 .elementor-element.elementor-element-bd0a192{width:var( --container-widget-width, 100% );max-width:100%;--container-widget-width:100%;--container-widget-flex-grow:0;font-family:\"Glaw\", Sans-serif;font-weight:400;line-height:20px;color:#243072;}.elementor-1089 .elementor-element.elementor-element-bd0a192 > .elementor-widget-container{margin:16px 0px -20px 0px;padding:0px 0px 0px 0px;}.elementor-1089 .elementor-element.elementor-element-bd0a192.elementor-element{--align-self:flex-start;}:root{--page-title-display:none;}@media(max-width:767px){.elementor-1089 .elementor-element.elementor-element-7ea5c14{--gap:070px 0px;--row-gap:070px;--column-gap:0px;--padding-top:0px;--padding-bottom:0px;--padding-left:25px;--padding-right:25px;}.elementor-1089 .elementor-element.elementor-element-5351bdb{--width:100%;--gap:020px 0px;--row-gap:020px;--column-gap:0px;--margin-top:0px;--margin-bottom:0px;--margin-left:0px;--margin-right:0px;}.elementor-1089 .elementor-element.elementor-element-bec5526{--width:100%;--gap:40px 0px;--row-gap:40px;--column-gap:0px;--margin-top:0px;--margin-bottom:0px;--margin-left:0px;--margin-right:0px;--padding-top:0px;--padding-bottom:0px;--padding-left:0px;--padding-right:0px;}.elementor-1089 .elementor-element.elementor-element-9209e3e{--flex-direction:column;--container-widget-width:calc( ( 1 - var( --container-widget-flex-grow ) ) * 100% );--container-widget-height:initial;--container-widget-flex-grow:0;--container-widget-align-self:initial;--flex-wrap-mobile:wrap;--justify-content:center;--align-items:center;--gap:20px 20px;--row-gap:20px;--column-gap:20px;--margin-top:0px;--margin-bottom:0px;--margin-left:0px;--margin-right:0px;}.elementor-1089 .elementor-element.elementor-element-bd0a192 > .elementor-widget-container{margin:0px 0px 0px 0px;}}@media(min-width:768px){.elementor-1089 .elementor-element.elementor-element-7ea5c14{--content-width:90%;}.elementor-1089 .elementor-element.elementor-element-5351bdb{--width:40%;}.elementor-1089 .elementor-element.elementor-element-bec5526{--width:60%;}.elementor-1089 .elementor-element.elementor-element-9209e3e{--width:100%;}}\/* Start Custom Fonts CSS *\/@font-face {\n\tfont-family: 'Glaw';\n\tfont-style: normal;\n\tfont-weight: normal;\n\tfont-display: auto;\n\tsrc: url('https:\/\/hmi-test.ezenit.link\/wp-content\/uploads\/2024\/05\/glaw.ttf') format('truetype');\n}\n@font-face {\n\tfont-family: 'Glaw';\n\tfont-style: italic;\n\tfont-weight: normal;\n\tfont-display: auto;\n\tsrc: url('https:\/\/hmi-test.ezenit.link\/wp-content\/uploads\/2024\/05\/glawi.ttf') format('truetype');\n}\n@font-face {\n\tfont-family: 'Glaw';\n\tfont-style: normal;\n\tfont-weight: bold;\n\tfont-display: auto;\n\tsrc: url('https:\/\/hmi-test.ezenit.link\/wp-content\/uploads\/2024\/05\/glawb.ttf') format('truetype');\n}\n@font-face {\n\tfont-family: 'Glaw';\n\tfont-style: italic;\n\tfont-weight: bold;\n\tfont-display: auto;\n\tsrc: url('https:\/\/hmi-test.ezenit.link\/wp-content\/uploads\/2024\/05\/glawbi.ttf') format('truetype');\n}\n@font-face {\n\tfont-family: 'Glaw';\n\tfont-style: normal;\n\tfont-weight: 900;\n\tfont-display: auto;\n\tsrc: url('https:\/\/hmi-test.ezenit.link\/wp-content\/uploads\/2024\/05\/glawh.ttf') format('truetype');\n}\n@font-face {\n\tfont-family: 'Glaw';\n\tfont-style: italic;\n\tfont-weight: 900;\n\tfont-display: auto;\n\tsrc: url('https:\/\/hmi-test.ezenit.link\/wp-content\/uploads\/2024\/05\/glawhi.ttf') format('truetype');\n}\n@font-face {\n\tfont-family: 'Glaw';\n\tfont-style: normal;\n\tfont-weight: 100;\n\tfont-display: auto;\n\tsrc: url('https:\/\/hmi-test.ezenit.link\/wp-content\/uploads\/2024\/05\/glawl.ttf') format('truetype');\n}\n@font-face {\n\tfont-family: 'Glaw';\n\tfont-style: italic;\n\tfont-weight: 100;\n\tfont-display: auto;\n\tsrc: url('https:\/\/hmi-test.ezenit.link\/wp-content\/uploads\/2024\/05\/glawli.ttf') format('truetype');\n}\n\/* End Custom Fonts CSS *\/<\/style>\t\t<div data-elementor-type=\"wp-page\" data-elementor-id=\"1089\" class=\"elementor elementor-1089\" data-elementor-post-type=\"page\">\n\t\t\t\t<div class=\"elementor-element elementor-element-7ea5c14 e-flex e-con-boxed e-con e-parent\" data-id=\"7ea5c14\" data-element_type=\"container\">\n\t\t\t\t\t<div class=\"e-con-inner\">\n\t\t<div class=\"elementor-element elementor-element-5351bdb e-con-full e-flex e-con e-child\" data-id=\"5351bdb\" data-element_type=\"container\">\n\t\t\t\t<div class=\"elementor-element elementor-element-da820be elementor-widget elementor-widget-image\" data-id=\"da820be\" data-element_type=\"widget\" data-widget_type=\"image.default\">\n\t\t\t\t<div class=\"elementor-widget-container\">\n\t\t\t\t\t\t\t\t\t\t\t\t\t\t\t<img fetchpriority=\"high\" decoding=\"async\" width=\"640\" height=\"427\" src=\"https:\/\/assets-hmi.imgix.net\/uploads\/2024\/06\/HM-PUERTA-SUR-121-en-tamano-mediano.jpeg?auto=format%2Ccompress&amp;ixlib=php-3.3.0\" class=\"attachment-large size-large wp-image-1516\" alt=\"\" srcset=\"https:\/\/assets-hmi.imgix.net\/uploads\/2024\/06\/HM-PUERTA-SUR-121-en-tamano-mediano.jpeg?auto=format%2Ccompress&amp;ixlib=php-3.3.0&amp;w=640 640w, https:\/\/assets-hmi.imgix.net\/uploads\/2024\/06\/HM-PUERTA-SUR-121-en-tamano-mediano.jpeg?auto=format%2Ccompress&amp;fit=crop&amp;h=200&amp;ixlib=php-3.3.0&amp;w=300 300w, https:\/\/assets-hmi.imgix.net\/uploads\/2024\/06\/HM-PUERTA-SUR-121-en-tamano-mediano.jpeg?auto=format%2Ccompress&amp;fit=crop&amp;h=12&amp;ixlib=php-3.3.0&amp;w=18 18w\" sizes=\"(max-width: 640px) 100vw, 640px\" \/>\t\t\t\t\t\t\t\t\t\t\t\t\t\t\t<\/div>\n\t\t\t\t<\/div>\n\t\t\t\t<\/div>\n\t\t<div class=\"elementor-element elementor-element-bec5526 e-con-full e-flex e-con e-child\" data-id=\"bec5526\" data-element_type=\"container\">\n\t\t<div class=\"elementor-element elementor-element-9209e3e e-con-full e-flex e-con e-child\" data-id=\"9209e3e\" data-element_type=\"container\">\n\t\t\t\t<div class=\"elementor-element elementor-element-b99e432 elementor-widget__width-inherit elementor-widget elementor-widget-heading\" data-id=\"b99e432\" data-element_type=\"widget\" data-widget_type=\"heading.default\">\n\t\t\t\t<div class=\"elementor-widget-container\">\n\t\t\t\t\t<h2 class=\"elementor-heading-title elementor-size-default\">Pediatr\u00eda<\/h2>\t\t\t\t<\/div>\n\t\t\t\t<\/div>\n\t\t\t\t<div class=\"elementor-element elementor-element-bd0a192 elementor-widget__width-initial elementor-widget elementor-widget-text-editor\" data-id=\"bd0a192\" data-element_type=\"widget\" data-widget_type=\"text-editor.default\">\n\t\t\t\t<div class=\"elementor-widget-container\">\n\t\t\t\t\t\t\t\t\t<p>Pediatr\u00eda es la medicina integral del per\u00edodo evolutivo de la existencia humana desde la concepci\u00f3n hasta el fin de la adolescencia, \u00e9poca cuya singularidad reside en el fen\u00f3meno del crecimiento, maduraci\u00f3n y desarrollo biol\u00f3gico, fisiol\u00f3gico y social que, en cada momento, se liga a la \u00edntima interdependencia entre el patrimonio heredado y el medio ambiente en el que el ni\u00f1o se desenvuelve.\u00a0<\/p><p>La Pediatr\u00eda, se ocupa del diagn\u00f3stico y tratamiento de toda la patolog\u00eda del ni\u00f1o y del adolescente desde los 0 a los 21 a\u00f1os.\u00a0<\/p><p>Los cometidos de la Pediatr\u00eda actual se dividen en tres grandes \u00e1reas:\u00a0<\/p><p>-Cuidados del ni\u00f1o sano (Pediatr\u00eda Preventiva o Puericultura)<\/p><p>-Cuidados del ni\u00f1o enfermo (Pediatr\u00eda Cl\u00ednica)<\/p><p>-Interrelaciones entre el ni\u00f1o sano y enfermo con la Sociedad (Pediatr\u00eda Social).\u00a0<\/p>\t\t\t\t\t\t\t\t<\/div>\n\t\t\t\t<\/div>\n\t\t\t\t<\/div>\n\t\t\t\t<\/div>\n\t\t\t\t\t<\/div>\n\t\t\t\t<\/div>\n\t\t\t\t<\/div>","protected":false},"excerpt":{"rendered":"<p>Pediatric Pediatrics is the integral medicine of the evolutionary period of human existence from conception to the end of adolescence, a period whose uniqueness lies in the phenomenon of growth, maturation and biological, physiological and social development that, at each moment, is linked to intimate interdependence between inherited heritage and the environment in which the [&hellip;]<\/p>","protected":false},"author":3,"featured_media":0,"parent":0,"menu_order":0,"comment_status":"closed","ping_status":"closed","template":"","meta":{"footnotes":""},"class_list":["post-1089","page","type-page","status-publish","hentry"],"_links":{"self":[{"href":"https:\/\/hmi-test.ezenit.link\/es\/wp-json\/wp\/v2\/pages\/1089","targetHints":{"allow":["GET"]}}],"collection":[{"href":"https:\/\/hmi-test.ezenit.link\/es\/wp-json\/wp\/v2\/pages"}],"about":[{"href":"https:\/\/hmi-test.ezenit.link\/es\/wp-json\/wp\/v2\/types\/page"}],"author":[{"embeddable":true,"href":"https:\/\/hmi-test.ezenit.link\/es\/wp-json\/wp\/v2\/users\/3"}],"replies":[{"embeddable":true,"href":"https:\/\/hmi-test.ezenit.link\/es\/wp-json\/wp\/v2\/comments?post=1089"}],"version-history":[{"count":40,"href":"https:\/\/hmi-test.ezenit.link\/es\/wp-json\/wp\/v2\/pages\/1089\/revisions"}],"predecessor-version":[{"id":3546,"href":"https:\/\/hmi-test.ezenit.link\/es\/wp-json\/wp\/v2\/pages\/1089\/revisions\/3546"}],"wp:attachment":[{"href":"https:\/\/hmi-test.ezenit.link\/es\/wp-json\/wp\/v2\/media?parent=1089"}],"curies":[{"name":"wp","href":"https:\/\/api.w.org\/{rel}","templated":true}]}}