{"id":1099,"date":"2024-06-04T08:15:20","date_gmt":"2024-06-04T06:15:20","guid":{"rendered":"https:\/\/hmi-test.ezenit.link\/?page_id=1099"},"modified":"2024-07-17T15:54:58","modified_gmt":"2024-07-17T13:54:58","slug":"psychiatry","status":"publish","type":"page","link":"https:\/\/hmi-test.ezenit.link\/es\/psychiatry\/","title":{"rendered":"Psiquiatr\u00eda"},"content":{"rendered":"<style>.elementor-1099 .elementor-element.elementor-element-5983971{--display:flex;--flex-direction:row;--container-widget-width:initial;--container-widget-height:100%;--container-widget-flex-grow:1;--container-widget-align-self:stretch;--flex-wrap-mobile:wrap;--gap:0px 0px;--row-gap:0px;--column-gap:0px;--margin-top:0px;--margin-bottom:140px;--margin-left:0px;--margin-right:0px;}.elementor-1099 .elementor-element.elementor-element-28deaa6{--display:flex;--justify-content:flex-start;--align-items:flex-start;--container-widget-width:calc( ( 1 - var( --container-widget-flex-grow ) ) * 100% );--margin-top:0px;--margin-bottom:0px;--margin-left:0px;--margin-right:0px;--padding-top:0px;--padding-bottom:0px;--padding-left:0px;--padding-right:0px;}.elementor-widget-image .widget-image-caption{color:var( --e-global-color-text );font-family:var( --e-global-typography-text-font-family ), Sans-serif;font-weight:var( --e-global-typography-text-font-weight );}.elementor-1099 .elementor-element.elementor-element-adf64bb img{border-radius:10px 10px 10px 10px;}.elementor-1099 .elementor-element.elementor-element-fb4864f{--display:flex;--padding-top:25px;--padding-bottom:0px;--padding-left:70px;--padding-right:70px;}.elementor-1099 .elementor-element.elementor-element-7ef4485{--display:flex;--flex-direction:column;--container-widget-width:calc( ( 1 - var( --container-widget-flex-grow ) ) * 100% );--container-widget-height:initial;--container-widget-flex-grow:0;--container-widget-align-self:initial;--flex-wrap-mobile:wrap;--justify-content:center;--align-items:flex-start;--gap:0px 53px;--row-gap:0px;--column-gap:53px;--margin-top:0px;--margin-bottom:060px;--margin-left:0px;--margin-right:0px;--padding-top:0px;--padding-bottom:0px;--padding-left:0px;--padding-right:0px;}.elementor-1099 .elementor-element.elementor-element-7ef4485.e-con{--align-self:center;}.elementor-widget-heading .elementor-heading-title{font-family:var( --e-global-typography-primary-font-family ), Sans-serif;font-weight:var( --e-global-typography-primary-font-weight );color:var( --e-global-color-primary );}.elementor-1099 .elementor-element.elementor-element-7998b7f{width:100%;max-width:100%;text-align:left;}.elementor-1099 .elementor-element.elementor-element-7998b7f > .elementor-widget-container{margin:0px 0px 0px 0px;}.elementor-1099 .elementor-element.elementor-element-7998b7f .elementor-heading-title{font-family:\"Glaw\", Sans-serif;font-size:35px;font-weight:700;color:#243072;}.elementor-widget-text-editor{font-family:var( --e-global-typography-text-font-family ), Sans-serif;font-weight:var( --e-global-typography-text-font-weight );color:var( --e-global-color-text );}.elementor-widget-text-editor.elementor-drop-cap-view-stacked .elementor-drop-cap{background-color:var( --e-global-color-primary );}.elementor-widget-text-editor.elementor-drop-cap-view-framed .elementor-drop-cap, .elementor-widget-text-editor.elementor-drop-cap-view-default .elementor-drop-cap{color:var( --e-global-color-primary );border-color:var( --e-global-color-primary );}.elementor-1099 .elementor-element.elementor-element-9088bf2{width:var( --container-widget-width, 100% );max-width:100%;--container-widget-width:100%;--container-widget-flex-grow:0;font-family:\"Glaw\", Sans-serif;font-weight:400;line-height:20px;color:#243072;}.elementor-1099 .elementor-element.elementor-element-9088bf2 > .elementor-widget-container{margin:16px 0px -20px 0px;padding:0px 0px 0px 0px;}.elementor-1099 .elementor-element.elementor-element-9088bf2.elementor-element{--align-self:flex-start;}:root{--page-title-display:none;}@media(max-width:767px){.elementor-1099 .elementor-element.elementor-element-5983971{--gap:070px 0px;--row-gap:070px;--column-gap:0px;--padding-top:0px;--padding-bottom:0px;--padding-left:25px;--padding-right:25px;}.elementor-1099 .elementor-element.elementor-element-28deaa6{--width:100%;--gap:020px 0px;--row-gap:020px;--column-gap:0px;--margin-top:0px;--margin-bottom:0px;--margin-left:0px;--margin-right:0px;}.elementor-1099 .elementor-element.elementor-element-fb4864f{--width:100%;--gap:40px 0px;--row-gap:40px;--column-gap:0px;--margin-top:0px;--margin-bottom:0px;--margin-left:0px;--margin-right:0px;--padding-top:0px;--padding-bottom:0px;--padding-left:0px;--padding-right:0px;}.elementor-1099 .elementor-element.elementor-element-7ef4485{--flex-direction:column;--container-widget-width:calc( ( 1 - var( --container-widget-flex-grow ) ) * 100% );--container-widget-height:initial;--container-widget-flex-grow:0;--container-widget-align-self:initial;--flex-wrap-mobile:wrap;--justify-content:center;--align-items:center;--gap:20px 20px;--row-gap:20px;--column-gap:20px;--margin-top:0px;--margin-bottom:0px;--margin-left:0px;--margin-right:0px;}.elementor-1099 .elementor-element.elementor-element-9088bf2 > .elementor-widget-container{margin:0px 0px 0px 0px;}}@media(min-width:768px){.elementor-1099 .elementor-element.elementor-element-5983971{--content-width:90%;}.elementor-1099 .elementor-element.elementor-element-28deaa6{--width:40%;}.elementor-1099 .elementor-element.elementor-element-fb4864f{--width:60%;}.elementor-1099 .elementor-element.elementor-element-7ef4485{--width:100%;}}\/* Start Custom Fonts CSS *\/@font-face {\n\tfont-family: 'Glaw';\n\tfont-style: normal;\n\tfont-weight: normal;\n\tfont-display: auto;\n\tsrc: url('https:\/\/hmi-test.ezenit.link\/wp-content\/uploads\/2024\/05\/glaw.ttf') format('truetype');\n}\n@font-face {\n\tfont-family: 'Glaw';\n\tfont-style: italic;\n\tfont-weight: normal;\n\tfont-display: auto;\n\tsrc: url('https:\/\/hmi-test.ezenit.link\/wp-content\/uploads\/2024\/05\/glawi.ttf') format('truetype');\n}\n@font-face {\n\tfont-family: 'Glaw';\n\tfont-style: normal;\n\tfont-weight: bold;\n\tfont-display: auto;\n\tsrc: url('https:\/\/hmi-test.ezenit.link\/wp-content\/uploads\/2024\/05\/glawb.ttf') format('truetype');\n}\n@font-face {\n\tfont-family: 'Glaw';\n\tfont-style: italic;\n\tfont-weight: bold;\n\tfont-display: auto;\n\tsrc: url('https:\/\/hmi-test.ezenit.link\/wp-content\/uploads\/2024\/05\/glawbi.ttf') format('truetype');\n}\n@font-face {\n\tfont-family: 'Glaw';\n\tfont-style: normal;\n\tfont-weight: 900;\n\tfont-display: auto;\n\tsrc: url('https:\/\/hmi-test.ezenit.link\/wp-content\/uploads\/2024\/05\/glawh.ttf') format('truetype');\n}\n@font-face {\n\tfont-family: 'Glaw';\n\tfont-style: italic;\n\tfont-weight: 900;\n\tfont-display: auto;\n\tsrc: url('https:\/\/hmi-test.ezenit.link\/wp-content\/uploads\/2024\/05\/glawhi.ttf') format('truetype');\n}\n@font-face {\n\tfont-family: 'Glaw';\n\tfont-style: normal;\n\tfont-weight: 100;\n\tfont-display: auto;\n\tsrc: url('https:\/\/hmi-test.ezenit.link\/wp-content\/uploads\/2024\/05\/glawl.ttf') format('truetype');\n}\n@font-face {\n\tfont-family: 'Glaw';\n\tfont-style: italic;\n\tfont-weight: 100;\n\tfont-display: auto;\n\tsrc: url('https:\/\/hmi-test.ezenit.link\/wp-content\/uploads\/2024\/05\/glawli.ttf') format('truetype');\n}\n\/* End Custom Fonts CSS *\/<\/style>\t\t<div data-elementor-type=\"wp-page\" data-elementor-id=\"1099\" class=\"elementor elementor-1099\" data-elementor-post-type=\"page\">\n\t\t\t\t<div class=\"elementor-element elementor-element-5983971 e-flex e-con-boxed e-con e-parent\" data-id=\"5983971\" data-element_type=\"container\">\n\t\t\t\t\t<div class=\"e-con-inner\">\n\t\t<div class=\"elementor-element elementor-element-28deaa6 e-con-full e-flex e-con e-child\" data-id=\"28deaa6\" data-element_type=\"container\">\n\t\t\t\t<div class=\"elementor-element elementor-element-adf64bb elementor-widget elementor-widget-image\" data-id=\"adf64bb\" data-element_type=\"widget\" data-widget_type=\"image.default\">\n\t\t\t\t<div class=\"elementor-widget-container\">\n\t\t\t\t\t\t\t\t\t\t\t\t\t\t\t<img fetchpriority=\"high\" decoding=\"async\" width=\"800\" height=\"534\" src=\"https:\/\/assets-hmi.imgix.net\/uploads\/2024\/06\/Medico-paciente-hombre-scaled.jpg?auto=format%2Ccompress&amp;fit=crop&amp;ixlib=php-3.3.0&amp;max-h=534&amp;max-w=800\" class=\"attachment-large size-large wp-image-2788\" alt=\"\" srcset=\"https:\/\/assets-hmi.imgix.net\/uploads\/2024\/06\/Medico-paciente-hombre-scaled.jpg?auto=format%2Ccompress&amp;ixlib=php-3.3.0&amp;w=2560 2560w, https:\/\/assets-hmi.imgix.net\/uploads\/2024\/06\/Medico-paciente-hombre-scaled.jpg?auto=format%2Ccompress&amp;fit=crop&amp;h=200&amp;ixlib=php-3.3.0&amp;w=300 300w, https:\/\/assets-hmi.imgix.net\/uploads\/2024\/06\/Medico-paciente-hombre-scaled.jpg?auto=format%2Ccompress&amp;fit=crop&amp;h=683&amp;ixlib=php-3.3.0&amp;w=1024 1024w, https:\/\/assets-hmi.imgix.net\/uploads\/2024\/06\/Medico-paciente-hombre-scaled.jpg?auto=format%2Ccompress&amp;fit=crop&amp;h=512&amp;ixlib=php-3.3.0&amp;w=768 768w, https:\/\/assets-hmi.imgix.net\/uploads\/2024\/06\/Medico-paciente-hombre-scaled.jpg?auto=format%2Ccompress&amp;fit=crop&amp;h=1024&amp;ixlib=php-3.3.0&amp;w=1536 1536w, https:\/\/assets-hmi.imgix.net\/uploads\/2024\/06\/Medico-paciente-hombre-scaled.jpg?auto=format%2Ccompress&amp;fit=crop&amp;h=1365&amp;ixlib=php-3.3.0&amp;w=2048 2048w, https:\/\/assets-hmi.imgix.net\/uploads\/2024\/06\/Medico-paciente-hombre-scaled.jpg?auto=format%2Ccompress&amp;fit=crop&amp;h=12&amp;ixlib=php-3.3.0&amp;w=18 18w\" sizes=\"(max-width: 800px) 100vw, 800px\" \/>\t\t\t\t\t\t\t\t\t\t\t\t\t\t\t<\/div>\n\t\t\t\t<\/div>\n\t\t\t\t<\/div>\n\t\t<div class=\"elementor-element elementor-element-fb4864f e-con-full e-flex e-con e-child\" data-id=\"fb4864f\" data-element_type=\"container\">\n\t\t<div class=\"elementor-element elementor-element-7ef4485 e-con-full e-flex e-con e-child\" data-id=\"7ef4485\" data-element_type=\"container\">\n\t\t\t\t<div class=\"elementor-element elementor-element-7998b7f elementor-widget__width-inherit elementor-widget elementor-widget-heading\" data-id=\"7998b7f\" data-element_type=\"widget\" data-widget_type=\"heading.default\">\n\t\t\t\t<div class=\"elementor-widget-container\">\n\t\t\t\t\t<h2 class=\"elementor-heading-title elementor-size-default\">Psiquiatr\u00eda<\/h2>\t\t\t\t<\/div>\n\t\t\t\t<\/div>\n\t\t\t\t<div class=\"elementor-element elementor-element-9088bf2 elementor-widget__width-initial elementor-widget elementor-widget-text-editor\" data-id=\"9088bf2\" data-element_type=\"widget\" data-widget_type=\"text-editor.default\">\n\t\t\t\t<div class=\"elementor-widget-container\">\n\t\t\t\t\t\t\t\t\t<p>La psiquiatr\u00eda es la especialidad m\u00e9dica dedicada al estudio, diagn\u00f3stico, tratamiento y prevenci\u00f3n de los trastornos mentales. Combina la observaci\u00f3n cl\u00ednica con la investigaci\u00f3n cient\u00edfica para abordar problemas de salud mental. La psiquiatr\u00eda fusiona de manera \u00fanica la ciencia m\u00e9dica con la \u201cciencia de la subjetividad\u201d, enfatizando la experiencia cl\u00ednica, los desarrollos emp\u00edricos, los fundamentos biol\u00f3gicos y las metodolog\u00edas rigurosas.<\/p><p>El campo se centra en el tratamiento de trastornos emocionales y relacionales, ayudando a las personas a adaptarse a sus entornos y mantener la independencia. La psiquiatr\u00eda implica una amplia gama de intervenciones, desde psicoterapia hasta tratamientos som\u00e1ticos como la psicofarmacolog\u00eda y la terapia electroconvulsiva. Sigue clasificaciones como la secci\u00f3n \u201cTrastornos mentales y del comportamiento\u201d de la CIE-10 de la Organizaci\u00f3n Mundial de la Salud.<\/p>\t\t\t\t\t\t\t\t<\/div>\n\t\t\t\t<\/div>\n\t\t\t\t<\/div>\n\t\t\t\t<\/div>\n\t\t\t\t\t<\/div>\n\t\t\t\t<\/div>\n\t\t\t\t<\/div>","protected":false},"excerpt":{"rendered":"<p>Psychiatry Psychiatry is the medical specialty dedicated to the study, diagnosis, treatment, and prevention of mental disorders. It combines clinical observation with scientific research to address mental health issues. Psychiatry uniquely merges medical science with the &#8220;science of subjectivity,&#8221; emphasizing clinical experience, empirical developments, biological foundations, and rigorous methodologies. The field focuses on treating emotional [&hellip;]<\/p>","protected":false},"author":3,"featured_media":0,"parent":0,"menu_order":0,"comment_status":"closed","ping_status":"closed","template":"","meta":{"footnotes":""},"class_list":["post-1099","page","type-page","status-publish","hentry"],"_links":{"self":[{"href":"https:\/\/hmi-test.ezenit.link\/es\/wp-json\/wp\/v2\/pages\/1099","targetHints":{"allow":["GET"]}}],"collection":[{"href":"https:\/\/hmi-test.ezenit.link\/es\/wp-json\/wp\/v2\/pages"}],"about":[{"href":"https:\/\/hmi-test.ezenit.link\/es\/wp-json\/wp\/v2\/types\/page"}],"author":[{"embeddable":true,"href":"https:\/\/hmi-test.ezenit.link\/es\/wp-json\/wp\/v2\/users\/3"}],"replies":[{"embeddable":true,"href":"https:\/\/hmi-test.ezenit.link\/es\/wp-json\/wp\/v2\/comments?post=1099"}],"version-history":[{"count":28,"href":"https:\/\/hmi-test.ezenit.link\/es\/wp-json\/wp\/v2\/pages\/1099\/revisions"}],"predecessor-version":[{"id":3552,"href":"https:\/\/hmi-test.ezenit.link\/es\/wp-json\/wp\/v2\/pages\/1099\/revisions\/3552"}],"wp:attachment":[{"href":"https:\/\/hmi-test.ezenit.link\/es\/wp-json\/wp\/v2\/media?parent=1099"}],"curies":[{"name":"wp","href":"https:\/\/api.w.org\/{rel}","templated":true}]}}