{"id":1104,"date":"2024-06-04T08:15:37","date_gmt":"2024-06-04T06:15:37","guid":{"rendered":"https:\/\/hmi-test.ezenit.link\/?page_id=1104"},"modified":"2024-07-17T15:55:15","modified_gmt":"2024-07-17T13:55:15","slug":"traumatology","status":"publish","type":"page","link":"https:\/\/hmi-test.ezenit.link\/es\/traumatology\/","title":{"rendered":"Traumatolog\u00eda"},"content":{"rendered":"<style>.elementor-1104 .elementor-element.elementor-element-548a367{--display:flex;--flex-direction:row;--container-widget-width:initial;--container-widget-height:100%;--container-widget-flex-grow:1;--container-widget-align-self:stretch;--flex-wrap-mobile:wrap;--gap:0px 0px;--row-gap:0px;--column-gap:0px;--margin-top:0px;--margin-bottom:140px;--margin-left:0px;--margin-right:0px;}.elementor-1104 .elementor-element.elementor-element-fa21410{--display:flex;--justify-content:flex-start;--align-items:flex-start;--container-widget-width:calc( ( 1 - var( --container-widget-flex-grow ) ) * 100% );--margin-top:0px;--margin-bottom:0px;--margin-left:0px;--margin-right:0px;--padding-top:0px;--padding-bottom:0px;--padding-left:0px;--padding-right:0px;}.elementor-widget-image .widget-image-caption{color:var( --e-global-color-text );font-family:var( --e-global-typography-text-font-family ), Sans-serif;font-weight:var( --e-global-typography-text-font-weight );}.elementor-1104 .elementor-element.elementor-element-aa85280 img{border-radius:10px 10px 10px 10px;}.elementor-1104 .elementor-element.elementor-element-fa87515{--display:flex;--padding-top:25px;--padding-bottom:0px;--padding-left:70px;--padding-right:70px;}.elementor-1104 .elementor-element.elementor-element-9ad1bb9{--display:flex;--flex-direction:column;--container-widget-width:calc( ( 1 - var( --container-widget-flex-grow ) ) * 100% );--container-widget-height:initial;--container-widget-flex-grow:0;--container-widget-align-self:initial;--flex-wrap-mobile:wrap;--justify-content:center;--align-items:flex-start;--gap:0px 53px;--row-gap:0px;--column-gap:53px;--margin-top:0px;--margin-bottom:060px;--margin-left:0px;--margin-right:0px;--padding-top:0px;--padding-bottom:0px;--padding-left:0px;--padding-right:0px;}.elementor-1104 .elementor-element.elementor-element-9ad1bb9.e-con{--align-self:center;}.elementor-widget-heading .elementor-heading-title{font-family:var( --e-global-typography-primary-font-family ), Sans-serif;font-weight:var( --e-global-typography-primary-font-weight );color:var( --e-global-color-primary );}.elementor-1104 .elementor-element.elementor-element-57afa46{width:100%;max-width:100%;text-align:left;}.elementor-1104 .elementor-element.elementor-element-57afa46 > .elementor-widget-container{margin:0px 0px 0px 0px;}.elementor-1104 .elementor-element.elementor-element-57afa46 .elementor-heading-title{font-family:\"Glaw\", Sans-serif;font-size:35px;font-weight:700;color:#243072;}.elementor-widget-text-editor{font-family:var( --e-global-typography-text-font-family ), Sans-serif;font-weight:var( --e-global-typography-text-font-weight );color:var( --e-global-color-text );}.elementor-widget-text-editor.elementor-drop-cap-view-stacked .elementor-drop-cap{background-color:var( --e-global-color-primary );}.elementor-widget-text-editor.elementor-drop-cap-view-framed .elementor-drop-cap, .elementor-widget-text-editor.elementor-drop-cap-view-default .elementor-drop-cap{color:var( --e-global-color-primary );border-color:var( --e-global-color-primary );}.elementor-1104 .elementor-element.elementor-element-19720da{width:var( --container-widget-width, 100% );max-width:100%;--container-widget-width:100%;--container-widget-flex-grow:0;font-family:\"Glaw\", Sans-serif;font-weight:400;line-height:20px;color:#243072;}.elementor-1104 .elementor-element.elementor-element-19720da > .elementor-widget-container{margin:16px 0px -20px 0px;padding:0px 0px 0px 0px;}.elementor-1104 .elementor-element.elementor-element-19720da.elementor-element{--align-self:flex-start;}:root{--page-title-display:none;}@media(max-width:767px){.elementor-1104 .elementor-element.elementor-element-548a367{--gap:070px 0px;--row-gap:070px;--column-gap:0px;--padding-top:0px;--padding-bottom:0px;--padding-left:25px;--padding-right:25px;}.elementor-1104 .elementor-element.elementor-element-fa21410{--width:100%;--gap:020px 0px;--row-gap:020px;--column-gap:0px;--margin-top:0px;--margin-bottom:0px;--margin-left:0px;--margin-right:0px;}.elementor-1104 .elementor-element.elementor-element-fa87515{--width:100%;--gap:40px 0px;--row-gap:40px;--column-gap:0px;--margin-top:0px;--margin-bottom:0px;--margin-left:0px;--margin-right:0px;--padding-top:0px;--padding-bottom:0px;--padding-left:0px;--padding-right:0px;}.elementor-1104 .elementor-element.elementor-element-9ad1bb9{--flex-direction:column;--container-widget-width:calc( ( 1 - var( --container-widget-flex-grow ) ) * 100% );--container-widget-height:initial;--container-widget-flex-grow:0;--container-widget-align-self:initial;--flex-wrap-mobile:wrap;--justify-content:center;--align-items:center;--gap:20px 20px;--row-gap:20px;--column-gap:20px;--margin-top:0px;--margin-bottom:0px;--margin-left:0px;--margin-right:0px;}.elementor-1104 .elementor-element.elementor-element-19720da > .elementor-widget-container{margin:0px 0px 0px 0px;}}@media(min-width:768px){.elementor-1104 .elementor-element.elementor-element-548a367{--content-width:90%;}.elementor-1104 .elementor-element.elementor-element-fa21410{--width:40%;}.elementor-1104 .elementor-element.elementor-element-fa87515{--width:60%;}.elementor-1104 .elementor-element.elementor-element-9ad1bb9{--width:100%;}}\/* Start Custom Fonts CSS *\/@font-face {\n\tfont-family: 'Glaw';\n\tfont-style: normal;\n\tfont-weight: normal;\n\tfont-display: auto;\n\tsrc: url('https:\/\/hmi-test.ezenit.link\/wp-content\/uploads\/2024\/05\/glaw.ttf') format('truetype');\n}\n@font-face {\n\tfont-family: 'Glaw';\n\tfont-style: italic;\n\tfont-weight: normal;\n\tfont-display: auto;\n\tsrc: url('https:\/\/hmi-test.ezenit.link\/wp-content\/uploads\/2024\/05\/glawi.ttf') format('truetype');\n}\n@font-face {\n\tfont-family: 'Glaw';\n\tfont-style: normal;\n\tfont-weight: bold;\n\tfont-display: auto;\n\tsrc: url('https:\/\/hmi-test.ezenit.link\/wp-content\/uploads\/2024\/05\/glawb.ttf') format('truetype');\n}\n@font-face {\n\tfont-family: 'Glaw';\n\tfont-style: italic;\n\tfont-weight: bold;\n\tfont-display: auto;\n\tsrc: url('https:\/\/hmi-test.ezenit.link\/wp-content\/uploads\/2024\/05\/glawbi.ttf') format('truetype');\n}\n@font-face {\n\tfont-family: 'Glaw';\n\tfont-style: normal;\n\tfont-weight: 900;\n\tfont-display: auto;\n\tsrc: url('https:\/\/hmi-test.ezenit.link\/wp-content\/uploads\/2024\/05\/glawh.ttf') format('truetype');\n}\n@font-face {\n\tfont-family: 'Glaw';\n\tfont-style: italic;\n\tfont-weight: 900;\n\tfont-display: auto;\n\tsrc: url('https:\/\/hmi-test.ezenit.link\/wp-content\/uploads\/2024\/05\/glawhi.ttf') format('truetype');\n}\n@font-face {\n\tfont-family: 'Glaw';\n\tfont-style: normal;\n\tfont-weight: 100;\n\tfont-display: auto;\n\tsrc: url('https:\/\/hmi-test.ezenit.link\/wp-content\/uploads\/2024\/05\/glawl.ttf') format('truetype');\n}\n@font-face {\n\tfont-family: 'Glaw';\n\tfont-style: italic;\n\tfont-weight: 100;\n\tfont-display: auto;\n\tsrc: url('https:\/\/hmi-test.ezenit.link\/wp-content\/uploads\/2024\/05\/glawli.ttf') format('truetype');\n}\n\/* End Custom Fonts CSS *\/<\/style>\t\t<div data-elementor-type=\"wp-page\" data-elementor-id=\"1104\" class=\"elementor elementor-1104\" data-elementor-post-type=\"page\">\n\t\t\t\t<div class=\"elementor-element elementor-element-548a367 e-flex e-con-boxed e-con e-parent\" data-id=\"548a367\" data-element_type=\"container\">\n\t\t\t\t\t<div class=\"e-con-inner\">\n\t\t<div class=\"elementor-element elementor-element-fa21410 e-con-full e-flex e-con e-child\" data-id=\"fa21410\" data-element_type=\"container\">\n\t\t\t\t<div class=\"elementor-element elementor-element-aa85280 elementor-widget elementor-widget-image\" data-id=\"aa85280\" data-element_type=\"widget\" data-widget_type=\"image.default\">\n\t\t\t\t<div class=\"elementor-widget-container\">\n\t\t\t\t\t\t\t\t\t\t\t\t\t\t\t<img fetchpriority=\"high\" decoding=\"async\" width=\"800\" height=\"533\" src=\"https:\/\/assets-hmi.imgix.net\/uploads\/2024\/06\/HM-NENS.-PHOTO-ALVARO-LAFORET_25-06-24-23-en-tamano-grande.jpeg?auto=format%2Ccompress&amp;fit=crop&amp;ixlib=php-3.3.0&amp;max-h=533&amp;max-w=800\" class=\"attachment-large size-large wp-image-1889\" alt=\"\" srcset=\"https:\/\/assets-hmi.imgix.net\/uploads\/2024\/06\/HM-NENS.-PHOTO-ALVARO-LAFORET_25-06-24-23-en-tamano-grande.jpeg?auto=format%2Ccompress&amp;ixlib=php-3.3.0&amp;w=1280 1280w, https:\/\/assets-hmi.imgix.net\/uploads\/2024\/06\/HM-NENS.-PHOTO-ALVARO-LAFORET_25-06-24-23-en-tamano-grande.jpeg?auto=format%2Ccompress&amp;fit=crop&amp;h=200&amp;ixlib=php-3.3.0&amp;w=300 300w, https:\/\/assets-hmi.imgix.net\/uploads\/2024\/06\/HM-NENS.-PHOTO-ALVARO-LAFORET_25-06-24-23-en-tamano-grande.jpeg?auto=format%2Ccompress&amp;fit=crop&amp;h=682&amp;ixlib=php-3.3.0&amp;w=1024 1024w, https:\/\/assets-hmi.imgix.net\/uploads\/2024\/06\/HM-NENS.-PHOTO-ALVARO-LAFORET_25-06-24-23-en-tamano-grande.jpeg?auto=format%2Ccompress&amp;fit=crop&amp;h=512&amp;ixlib=php-3.3.0&amp;w=768 768w, https:\/\/assets-hmi.imgix.net\/uploads\/2024\/06\/HM-NENS.-PHOTO-ALVARO-LAFORET_25-06-24-23-en-tamano-grande.jpeg?auto=format%2Ccompress&amp;fit=crop&amp;h=12&amp;ixlib=php-3.3.0&amp;w=18 18w\" sizes=\"(max-width: 800px) 100vw, 800px\" \/>\t\t\t\t\t\t\t\t\t\t\t\t\t\t\t<\/div>\n\t\t\t\t<\/div>\n\t\t\t\t<\/div>\n\t\t<div class=\"elementor-element elementor-element-fa87515 e-con-full e-flex e-con e-child\" data-id=\"fa87515\" data-element_type=\"container\">\n\t\t<div class=\"elementor-element elementor-element-9ad1bb9 e-con-full e-flex e-con e-child\" data-id=\"9ad1bb9\" data-element_type=\"container\">\n\t\t\t\t<div class=\"elementor-element elementor-element-57afa46 elementor-widget__width-inherit elementor-widget elementor-widget-heading\" data-id=\"57afa46\" data-element_type=\"widget\" data-widget_type=\"heading.default\">\n\t\t\t\t<div class=\"elementor-widget-container\">\n\t\t\t\t\t<h2 class=\"elementor-heading-title elementor-size-default\">Traumatolog\u00eda<\/h2>\t\t\t\t<\/div>\n\t\t\t\t<\/div>\n\t\t\t\t<div class=\"elementor-element elementor-element-19720da elementor-widget__width-initial elementor-widget elementor-widget-text-editor\" data-id=\"19720da\" data-element_type=\"widget\" data-widget_type=\"text-editor.default\">\n\t\t\t\t<div class=\"elementor-widget-container\">\n\t\t\t\t\t\t\t\t\t<p>La Traumatolog\u00eda y Cirug\u00eda Ortop\u00e9dica es la especialidad que incluye <b>la valoraci\u00f3n cl\u00ednica, el diagn\u00f3stico, la prevenci\u00f3n, el tratamiento por medios quir\u00fargicos y no quir\u00fargicos y la rehabilitaci\u00f3n <\/b>adecuados a la atenci\u00f3n del paciente portador de enfermedades cong\u00e9nitas y adquiridas, de deformidades y de alteraciones funcionales traum\u00e1ticas y no traum\u00e1ticas del aparato locomotor y sus estructuras asociadas.<\/p><p>En los \u00faltimos a\u00f1os, <b>los avances\u00a0realizados por los\u00a0Traumat\u00f3logos\u00a0y Cirujanos\u00a0Ortop\u00e9dicos\u00a0<\/b> \u00a0han sido espectaculares cuantitativa y cualitativamente, sobre todo en lo que se refiere al desarrollo de nuevas t\u00e9cnicas tanto en el campo del diagn\u00f3stico como en el de la terap\u00e9utica. Esto justifica la revisi\u00f3n y actualizaci\u00f3n de los contenidos te\u00f3ricos y pr\u00e1cticos del programa de formaci\u00f3n y adem\u00e1s conduce, cada vez m\u00e1s, a la definici\u00f3n de \u00e1reas de capacitaci\u00f3n espec\u00edfica post-especializaci\u00f3n.<\/p>\t\t\t\t\t\t\t\t<\/div>\n\t\t\t\t<\/div>\n\t\t\t\t<\/div>\n\t\t\t\t<\/div>\n\t\t\t\t\t<\/div>\n\t\t\t\t<\/div>\n\t\t\t\t<\/div>","protected":false},"excerpt":{"rendered":"<p>Traumatology Orthopedic Traumatology and Surgery is the specialty concerning clinical assessment, diagnosis, prevention, treatment by surgical and non-surgical means and rehabilitation adapted for patients with congenital and acquired diseases, deformities, and traumatic and non-traumatic functional disorders of the musculoskeletal system and its associated structures. Over the last few years, traumatologists and orthopedic surgeons have made [&hellip;]<\/p>","protected":false},"author":3,"featured_media":0,"parent":0,"menu_order":0,"comment_status":"closed","ping_status":"closed","template":"","meta":{"footnotes":""},"class_list":["post-1104","page","type-page","status-publish","hentry"],"_links":{"self":[{"href":"https:\/\/hmi-test.ezenit.link\/es\/wp-json\/wp\/v2\/pages\/1104","targetHints":{"allow":["GET"]}}],"collection":[{"href":"https:\/\/hmi-test.ezenit.link\/es\/wp-json\/wp\/v2\/pages"}],"about":[{"href":"https:\/\/hmi-test.ezenit.link\/es\/wp-json\/wp\/v2\/types\/page"}],"author":[{"embeddable":true,"href":"https:\/\/hmi-test.ezenit.link\/es\/wp-json\/wp\/v2\/users\/3"}],"replies":[{"embeddable":true,"href":"https:\/\/hmi-test.ezenit.link\/es\/wp-json\/wp\/v2\/comments?post=1104"}],"version-history":[{"count":43,"href":"https:\/\/hmi-test.ezenit.link\/es\/wp-json\/wp\/v2\/pages\/1104\/revisions"}],"predecessor-version":[{"id":3555,"href":"https:\/\/hmi-test.ezenit.link\/es\/wp-json\/wp\/v2\/pages\/1104\/revisions\/3555"}],"wp:attachment":[{"href":"https:\/\/hmi-test.ezenit.link\/es\/wp-json\/wp\/v2\/media?parent=1104"}],"curies":[{"name":"wp","href":"https:\/\/api.w.org\/{rel}","templated":true}]}}