{"id":1115,"date":"2024-06-04T08:23:18","date_gmt":"2024-06-04T06:23:18","guid":{"rendered":"https:\/\/hmi-test.ezenit.link\/?page_id=1115"},"modified":"2024-07-17T15:45:44","modified_gmt":"2024-07-17T13:45:44","slug":"diagnostic-imaging","status":"publish","type":"page","link":"https:\/\/hmi-test.ezenit.link\/es\/diagnostic-imaging\/","title":{"rendered":"Diagn\u00f3stico por imagen"},"content":{"rendered":"<style>.elementor-1115 .elementor-element.elementor-element-fec2bcc{--display:flex;--flex-direction:row;--container-widget-width:initial;--container-widget-height:100%;--container-widget-flex-grow:1;--container-widget-align-self:stretch;--flex-wrap-mobile:wrap;--gap:0px 0px;--row-gap:0px;--column-gap:0px;--margin-top:0px;--margin-bottom:140px;--margin-left:0px;--margin-right:0px;}.elementor-1115 .elementor-element.elementor-element-680a43e{--display:flex;--justify-content:flex-start;--align-items:flex-start;--container-widget-width:calc( ( 1 - var( --container-widget-flex-grow ) ) * 100% );--margin-top:0px;--margin-bottom:0px;--margin-left:0px;--margin-right:0px;--padding-top:0px;--padding-bottom:0px;--padding-left:0px;--padding-right:0px;}.elementor-widget-image .widget-image-caption{color:var( --e-global-color-text );font-family:var( --e-global-typography-text-font-family ), Sans-serif;font-weight:var( --e-global-typography-text-font-weight );}.elementor-1115 .elementor-element.elementor-element-e564f4e img{border-radius:10px 10px 10px 10px;}.elementor-1115 .elementor-element.elementor-element-5e2841a{--display:flex;--padding-top:25px;--padding-bottom:0px;--padding-left:70px;--padding-right:70px;}.elementor-1115 .elementor-element.elementor-element-95e7ac5{--display:flex;--flex-direction:column;--container-widget-width:calc( ( 1 - var( --container-widget-flex-grow ) ) * 100% );--container-widget-height:initial;--container-widget-flex-grow:0;--container-widget-align-self:initial;--flex-wrap-mobile:wrap;--justify-content:center;--align-items:flex-start;--gap:0px 53px;--row-gap:0px;--column-gap:53px;--margin-top:0px;--margin-bottom:060px;--margin-left:0px;--margin-right:0px;--padding-top:0px;--padding-bottom:0px;--padding-left:0px;--padding-right:0px;}.elementor-1115 .elementor-element.elementor-element-95e7ac5.e-con{--align-self:center;}.elementor-widget-heading .elementor-heading-title{font-family:var( --e-global-typography-primary-font-family ), Sans-serif;font-weight:var( --e-global-typography-primary-font-weight );color:var( --e-global-color-primary );}.elementor-1115 .elementor-element.elementor-element-7c14076{width:100%;max-width:100%;text-align:left;}.elementor-1115 .elementor-element.elementor-element-7c14076 > .elementor-widget-container{margin:-29px 0px 0px 0px;}.elementor-1115 .elementor-element.elementor-element-7c14076 .elementor-heading-title{font-family:\"Glaw\", Sans-serif;font-size:35px;font-weight:700;color:#243072;}.elementor-widget-text-editor{font-family:var( --e-global-typography-text-font-family ), Sans-serif;font-weight:var( --e-global-typography-text-font-weight );color:var( --e-global-color-text );}.elementor-widget-text-editor.elementor-drop-cap-view-stacked .elementor-drop-cap{background-color:var( --e-global-color-primary );}.elementor-widget-text-editor.elementor-drop-cap-view-framed .elementor-drop-cap, .elementor-widget-text-editor.elementor-drop-cap-view-default .elementor-drop-cap{color:var( --e-global-color-primary );border-color:var( --e-global-color-primary );}.elementor-1115 .elementor-element.elementor-element-09b4a1c{width:var( --container-widget-width, 100% );max-width:100%;--container-widget-width:100%;--container-widget-flex-grow:0;font-family:\"Glaw\", Sans-serif;font-weight:400;line-height:20px;color:#243072;}.elementor-1115 .elementor-element.elementor-element-09b4a1c > .elementor-widget-container{margin:16px 0px -20px 0px;padding:0px 0px 0px 0px;}.elementor-1115 .elementor-element.elementor-element-09b4a1c.elementor-element{--align-self:flex-start;}.elementor-1115 .elementor-element.elementor-element-6737f1b{--display:flex;}:root{--page-title-display:none;}@media(max-width:767px){.elementor-1115 .elementor-element.elementor-element-fec2bcc{--gap:070px 0px;--row-gap:070px;--column-gap:0px;--padding-top:0px;--padding-bottom:0px;--padding-left:25px;--padding-right:25px;}.elementor-1115 .elementor-element.elementor-element-680a43e{--width:100%;--gap:020px 0px;--row-gap:020px;--column-gap:0px;--margin-top:0px;--margin-bottom:0px;--margin-left:0px;--margin-right:0px;}.elementor-1115 .elementor-element.elementor-element-5e2841a{--width:100%;--gap:40px 0px;--row-gap:40px;--column-gap:0px;--margin-top:0px;--margin-bottom:0px;--margin-left:0px;--margin-right:0px;--padding-top:0px;--padding-bottom:0px;--padding-left:0px;--padding-right:0px;}.elementor-1115 .elementor-element.elementor-element-95e7ac5{--flex-direction:column;--container-widget-width:calc( ( 1 - var( --container-widget-flex-grow ) ) * 100% );--container-widget-height:initial;--container-widget-flex-grow:0;--container-widget-align-self:initial;--flex-wrap-mobile:wrap;--justify-content:center;--align-items:center;--gap:20px 20px;--row-gap:20px;--column-gap:20px;--margin-top:0px;--margin-bottom:0px;--margin-left:0px;--margin-right:0px;}.elementor-1115 .elementor-element.elementor-element-09b4a1c > .elementor-widget-container{margin:0px 0px 0px 0px;}}@media(min-width:768px){.elementor-1115 .elementor-element.elementor-element-fec2bcc{--content-width:90%;}.elementor-1115 .elementor-element.elementor-element-680a43e{--width:40%;}.elementor-1115 .elementor-element.elementor-element-5e2841a{--width:60%;}.elementor-1115 .elementor-element.elementor-element-95e7ac5{--width:100%;}}\/* Start Custom Fonts CSS *\/@font-face {\n\tfont-family: 'Glaw';\n\tfont-style: normal;\n\tfont-weight: normal;\n\tfont-display: auto;\n\tsrc: url('https:\/\/hmi-test.ezenit.link\/wp-content\/uploads\/2024\/05\/glaw.ttf') format('truetype');\n}\n@font-face {\n\tfont-family: 'Glaw';\n\tfont-style: italic;\n\tfont-weight: normal;\n\tfont-display: auto;\n\tsrc: url('https:\/\/hmi-test.ezenit.link\/wp-content\/uploads\/2024\/05\/glawi.ttf') format('truetype');\n}\n@font-face {\n\tfont-family: 'Glaw';\n\tfont-style: normal;\n\tfont-weight: bold;\n\tfont-display: auto;\n\tsrc: url('https:\/\/hmi-test.ezenit.link\/wp-content\/uploads\/2024\/05\/glawb.ttf') format('truetype');\n}\n@font-face {\n\tfont-family: 'Glaw';\n\tfont-style: italic;\n\tfont-weight: bold;\n\tfont-display: auto;\n\tsrc: url('https:\/\/hmi-test.ezenit.link\/wp-content\/uploads\/2024\/05\/glawbi.ttf') format('truetype');\n}\n@font-face {\n\tfont-family: 'Glaw';\n\tfont-style: normal;\n\tfont-weight: 900;\n\tfont-display: auto;\n\tsrc: url('https:\/\/hmi-test.ezenit.link\/wp-content\/uploads\/2024\/05\/glawh.ttf') format('truetype');\n}\n@font-face {\n\tfont-family: 'Glaw';\n\tfont-style: italic;\n\tfont-weight: 900;\n\tfont-display: auto;\n\tsrc: url('https:\/\/hmi-test.ezenit.link\/wp-content\/uploads\/2024\/05\/glawhi.ttf') format('truetype');\n}\n@font-face {\n\tfont-family: 'Glaw';\n\tfont-style: normal;\n\tfont-weight: 100;\n\tfont-display: auto;\n\tsrc: url('https:\/\/hmi-test.ezenit.link\/wp-content\/uploads\/2024\/05\/glawl.ttf') format('truetype');\n}\n@font-face {\n\tfont-family: 'Glaw';\n\tfont-style: italic;\n\tfont-weight: 100;\n\tfont-display: auto;\n\tsrc: url('https:\/\/hmi-test.ezenit.link\/wp-content\/uploads\/2024\/05\/glawli.ttf') format('truetype');\n}\n\/* End Custom Fonts CSS *\/<\/style>\t\t<div data-elementor-type=\"wp-page\" data-elementor-id=\"1115\" class=\"elementor elementor-1115\" data-elementor-post-type=\"page\">\n\t\t\t\t<div class=\"elementor-element elementor-element-fec2bcc e-flex e-con-boxed e-con e-parent\" data-id=\"fec2bcc\" data-element_type=\"container\">\n\t\t\t\t\t<div class=\"e-con-inner\">\n\t\t<div class=\"elementor-element elementor-element-680a43e e-con-full e-flex e-con e-child\" data-id=\"680a43e\" data-element_type=\"container\">\n\t\t\t\t<div class=\"elementor-element elementor-element-e564f4e elementor-widget elementor-widget-image\" data-id=\"e564f4e\" data-element_type=\"widget\" data-widget_type=\"image.default\">\n\t\t\t\t<div class=\"elementor-widget-container\">\n\t\t\t\t\t\t\t\t\t\t\t\t\t\t\t<img fetchpriority=\"high\" decoding=\"async\" width=\"640\" height=\"427\" src=\"https:\/\/assets-hmi.imgix.net\/uploads\/2024\/06\/HM-NOU-DEFLOS-ENERO-2024-FOTO-ALVARO-LAFORET_02-01-25-61-en-tamano-mediano.jpeg?auto=format%2Ccompress&amp;ixlib=php-3.3.0\" class=\"attachment-large size-large wp-image-1508\" alt=\"\" srcset=\"https:\/\/assets-hmi.imgix.net\/uploads\/2024\/06\/HM-NOU-DEFLOS-ENERO-2024-FOTO-ALVARO-LAFORET_02-01-25-61-en-tamano-mediano.jpeg?auto=format%2Ccompress&amp;ixlib=php-3.3.0&amp;w=640 640w, https:\/\/assets-hmi.imgix.net\/uploads\/2024\/06\/HM-NOU-DEFLOS-ENERO-2024-FOTO-ALVARO-LAFORET_02-01-25-61-en-tamano-mediano.jpeg?auto=format%2Ccompress&amp;fit=crop&amp;h=200&amp;ixlib=php-3.3.0&amp;w=300 300w, https:\/\/assets-hmi.imgix.net\/uploads\/2024\/06\/HM-NOU-DEFLOS-ENERO-2024-FOTO-ALVARO-LAFORET_02-01-25-61-en-tamano-mediano.jpeg?auto=format%2Ccompress&amp;fit=crop&amp;h=12&amp;ixlib=php-3.3.0&amp;w=18 18w\" sizes=\"(max-width: 640px) 100vw, 640px\" \/>\t\t\t\t\t\t\t\t\t\t\t\t\t\t\t<\/div>\n\t\t\t\t<\/div>\n\t\t\t\t<\/div>\n\t\t<div class=\"elementor-element elementor-element-5e2841a e-con-full e-flex e-con e-child\" data-id=\"5e2841a\" data-element_type=\"container\">\n\t\t<div class=\"elementor-element elementor-element-95e7ac5 e-con-full e-flex e-con e-child\" data-id=\"95e7ac5\" data-element_type=\"container\">\n\t\t\t\t<div class=\"elementor-element elementor-element-7c14076 elementor-widget__width-inherit elementor-widget elementor-widget-heading\" data-id=\"7c14076\" data-element_type=\"widget\" data-widget_type=\"heading.default\">\n\t\t\t\t<div class=\"elementor-widget-container\">\n\t\t\t\t\t<h2 class=\"elementor-heading-title elementor-size-default\">Diagn\u00f3stico por imagen<\/h2>\t\t\t\t<\/div>\n\t\t\t\t<\/div>\n\t\t\t\t<div class=\"elementor-element elementor-element-09b4a1c elementor-widget__width-initial elementor-widget elementor-widget-text-editor\" data-id=\"09b4a1c\" data-element_type=\"widget\" data-widget_type=\"text-editor.default\">\n\t\t\t\t<div class=\"elementor-widget-container\">\n\t\t\t\t\t\t\t\t\t<p>En HM Hospitales contamos con la \u00faltima tecnolog\u00eda en diagn\u00f3stico por imagen. Nuestro servicio de radiodiagn\u00f3stico juega un papel crucial para ayudar a nuestro equipo de especialistas a lograr diagn\u00f3sticos precisos, permiti\u00e9ndonos brindar el tratamiento m\u00e1s efectivo para cada uno de nuestros pacientes. Nuestro equipo de radi\u00f3logos cuenta con amplia experiencia en el campo, asegurando la precisi\u00f3n y confianza de nuestras pruebas de radiodiagn\u00f3stico. Trabajamos estrechamente con otras especialidades m\u00e9dicas para interpretar y analizar las im\u00e1genes obtenidas, lo que nos aporta una visi\u00f3n integral de la salud de nuestros pacientes.\u00a0<\/p><p>Las tecnolog\u00edas avanzadas que utilizamos en nuestro servicio de radiodiagn\u00f3stico incluyen Im\u00e1genes por Resonancia Magn\u00e9tica (MRI), Tomograf\u00eda Computarizada (CT), Ultrasonido, Radiograf\u00eda Convencional y Mamograf\u00eda. Nuestro objetivo es proporcionar diagn\u00f3sticos precisos y tempranos, que nos permitan identificar y tratar eficazmente las enfermedades m\u00e9dicas. La radiolog\u00eda juega un papel esencial en el seguimiento de enfermedades, evaluaci\u00f3n de lesiones y planificaci\u00f3n de tratamientos adecuados. En HM Hospitales nos esforzamos por ofrecer un servicio de radiodiagn\u00f3stico de alta calidad basado en la tecnolog\u00eda m\u00e1s avanzada y la experiencia de nuestros especialistas. Conf\u00ede en nosotros para brindarle resultados precisos y confiables en el diagn\u00f3stico de su condici\u00f3n m\u00e9dica.<\/p>\t\t\t\t\t\t\t\t<\/div>\n\t\t\t\t<\/div>\n\t\t\t\t<\/div>\n\t\t\t\t<\/div>\n\t\t\t\t\t<\/div>\n\t\t\t\t<\/div>\n\t\t<div class=\"elementor-element elementor-element-6737f1b e-flex e-con-boxed e-con e-parent\" data-id=\"6737f1b\" data-element_type=\"container\">\n\t\t\t\t\t<div class=\"e-con-inner\">\n\t\t\t\t\t<\/div>\n\t\t\t\t<\/div>\n\t\t\t\t<\/div>","protected":false},"excerpt":{"rendered":"<p>Diagnostic imaging At HM Hospitales, we have the latest technology in diagnostic imaging. Our radiodiagnosis service plays a crucial role in helping our team of specialists achieve accurate diagnoses, allowing us to provide the most effective treatment for each of our patients. Our team of radiologists has extensive experience in the field, ensuring the precision [&hellip;]<\/p>","protected":false},"author":3,"featured_media":0,"parent":0,"menu_order":0,"comment_status":"closed","ping_status":"closed","template":"","meta":{"footnotes":""},"class_list":["post-1115","page","type-page","status-publish","hentry"],"_links":{"self":[{"href":"https:\/\/hmi-test.ezenit.link\/es\/wp-json\/wp\/v2\/pages\/1115","targetHints":{"allow":["GET"]}}],"collection":[{"href":"https:\/\/hmi-test.ezenit.link\/es\/wp-json\/wp\/v2\/pages"}],"about":[{"href":"https:\/\/hmi-test.ezenit.link\/es\/wp-json\/wp\/v2\/types\/page"}],"author":[{"embeddable":true,"href":"https:\/\/hmi-test.ezenit.link\/es\/wp-json\/wp\/v2\/users\/3"}],"replies":[{"embeddable":true,"href":"https:\/\/hmi-test.ezenit.link\/es\/wp-json\/wp\/v2\/comments?post=1115"}],"version-history":[{"count":49,"href":"https:\/\/hmi-test.ezenit.link\/es\/wp-json\/wp\/v2\/pages\/1115\/revisions"}],"predecessor-version":[{"id":3527,"href":"https:\/\/hmi-test.ezenit.link\/es\/wp-json\/wp\/v2\/pages\/1115\/revisions\/3527"}],"wp:attachment":[{"href":"https:\/\/hmi-test.ezenit.link\/es\/wp-json\/wp\/v2\/media?parent=1115"}],"curies":[{"name":"wp","href":"https:\/\/api.w.org\/{rel}","templated":true}]}}