{"id":3793,"date":"2024-07-17T23:43:16","date_gmt":"2024-07-17T21:43:16","guid":{"rendered":"https:\/\/hmi-test.ezenit.link\/?page_id=3793"},"modified":"2024-07-18T12:35:53","modified_gmt":"2024-07-18T10:35:53","slug":"hm-puerta-del-sur","status":"publish","type":"page","link":"https:\/\/hmi-test.ezenit.link\/es\/hm-puerta-del-sur\/","title":{"rendered":"HM Puerta del Sur"},"content":{"rendered":"<style>.elementor-3793 .elementor-element.elementor-element-459cf49e{--display:flex;--flex-direction:row;--container-widget-width:initial;--container-widget-height:100%;--container-widget-flex-grow:1;--container-widget-align-self:stretch;--flex-wrap-mobile:wrap;--gap:0px 0px;--row-gap:0px;--column-gap:0px;--margin-top:0px;--margin-bottom:140px;--margin-left:0px;--margin-right:0px;}.elementor-3793 .elementor-element.elementor-element-459cf49e.e-con{--flex-grow:0;--flex-shrink:0;}.elementor-3793 .elementor-element.elementor-element-255dc2a0{--display:flex;--justify-content:flex-start;--align-items:flex-start;--container-widget-width:calc( ( 1 - var( --container-widget-flex-grow ) ) * 100% );--margin-top:0px;--margin-bottom:0px;--margin-left:0px;--margin-right:0px;--padding-top:0px;--padding-bottom:0px;--padding-left:0px;--padding-right:0px;}.elementor-widget-image .widget-image-caption{color:var( --e-global-color-text );font-family:var( --e-global-typography-text-font-family ), Sans-serif;font-weight:var( --e-global-typography-text-font-weight );}.elementor-3793 .elementor-element.elementor-element-3ff2d247 img{border-radius:10px 10px 10px 10px;}.elementor-3793 .elementor-element.elementor-element-6c53f235{--display:flex;--flex-direction:column;--container-widget-width:calc( ( 1 - var( --container-widget-flex-grow ) ) * 100% );--container-widget-height:initial;--container-widget-flex-grow:0;--container-widget-align-self:initial;--flex-wrap-mobile:wrap;--justify-content:center;--align-items:flex-start;--gap:0px 53px;--row-gap:0px;--column-gap:53px;--margin-top:0px;--margin-bottom:0px;--margin-left:0px;--margin-right:0px;--padding-top:0px;--padding-bottom:0px;--padding-left:0px;--padding-right:0px;}.elementor-3793 .elementor-element.elementor-element-6c53f235.e-con{--align-self:center;}.elementor-3793 .elementor-element.elementor-element-4b3cb586{--display:flex;--flex-direction:row;--container-widget-width:initial;--container-widget-height:100%;--container-widget-flex-grow:1;--container-widget-align-self:stretch;--flex-wrap-mobile:wrap;--gap:0px 0px;--row-gap:0px;--column-gap:0px;}.elementor-3793 .elementor-element.elementor-element-64f39ef1{--display:flex;--justify-content:center;--align-items:center;--container-widget-width:calc( ( 1 - var( --container-widget-flex-grow ) ) * 100% );--margin-top:0px;--margin-bottom:0px;--margin-left:0px;--margin-right:0px;--padding-top:0px;--padding-bottom:0px;--padding-left:0px;--padding-right:0px;}.elementor-3793 .elementor-element.elementor-element-65767cee > .elementor-widget-container{margin:0px 0px 0px 0px;padding:0px 0px 0px 0px;}.elementor-3793 .elementor-element.elementor-element-65767cee.elementor-element{--align-self:flex-end;--order:-99999 \/* order start hack *\/;}.elementor-3793 .elementor-element.elementor-element-21ae7625{--display:flex;--margin-top:0px;--margin-bottom:0px;--margin-left:0px;--margin-right:0px;--padding-top:0px;--padding-bottom:0px;--padding-left:0px;--padding-right:0px;}.elementor-3793 .elementor-element.elementor-element-14a14a22 > .elementor-widget-container{padding:020px 0px 0px 010px;}.elementor-3793 .elementor-element.elementor-element-14a14a22.elementor-element{--align-self:flex-start;}.elementor-3793 .elementor-element.elementor-element-14a14a22{text-align:center;}.elementor-3793 .elementor-element.elementor-element-41ca4ffd{--display:flex;--padding-top:25px;--padding-bottom:0px;--padding-left:70px;--padding-right:70px;}.elementor-3793 .elementor-element.elementor-element-1e9cddc9{--display:flex;--flex-direction:column;--container-widget-width:calc( ( 1 - var( --container-widget-flex-grow ) ) * 100% );--container-widget-height:initial;--container-widget-flex-grow:0;--container-widget-align-self:initial;--flex-wrap-mobile:wrap;--justify-content:center;--align-items:flex-start;--gap:0px 53px;--row-gap:0px;--column-gap:53px;--margin-top:-33px;--margin-bottom:0px;--margin-left:0px;--margin-right:0px;}.elementor-3793 .elementor-element.elementor-element-1e9cddc9.e-con{--align-self:center;}.elementor-widget-heading .elementor-heading-title{font-family:var( --e-global-typography-primary-font-family ), Sans-serif;font-weight:var( --e-global-typography-primary-font-weight );color:var( --e-global-color-primary );}.elementor-3793 .elementor-element.elementor-element-7696113e{width:100%;max-width:100%;text-align:left;}.elementor-3793 .elementor-element.elementor-element-7696113e > .elementor-widget-container{margin:0px 0px 0px 0px;}.elementor-3793 .elementor-element.elementor-element-7696113e .elementor-heading-title{font-family:\"Glaw\", Sans-serif;font-size:35px;font-weight:700;color:#243072;}.elementor-widget-text-editor{font-family:var( --e-global-typography-text-font-family ), Sans-serif;font-weight:var( --e-global-typography-text-font-weight );color:var( --e-global-color-text );}.elementor-widget-text-editor.elementor-drop-cap-view-stacked .elementor-drop-cap{background-color:var( --e-global-color-primary );}.elementor-widget-text-editor.elementor-drop-cap-view-framed .elementor-drop-cap, .elementor-widget-text-editor.elementor-drop-cap-view-default .elementor-drop-cap{color:var( --e-global-color-primary );border-color:var( --e-global-color-primary );}.elementor-3793 .elementor-element.elementor-element-1c592473{width:var( --container-widget-width, 100% );max-width:100%;--container-widget-width:100%;--container-widget-flex-grow:0;font-family:\"Glaw\", Sans-serif;font-weight:400;line-height:20px;color:#243072;}.elementor-3793 .elementor-element.elementor-element-1c592473 > .elementor-widget-container{margin:16px 110px -20px 0px;padding:0px 0px 0px 0px;}.elementor-3793 .elementor-element.elementor-element-1c592473.elementor-element{--align-self:flex-start;}.elementor-3793 .elementor-element.elementor-element-3f1cb126{--display:grid;--e-con-grid-template-columns:repeat(3, 1fr);--e-con-grid-template-rows:repeat(1, 1fr);--gap:0px 10px;--row-gap:0px;--column-gap:10px;--grid-auto-flow:row;--margin-top:0px;--margin-bottom:0px;--margin-left:0px;--margin-right:0px;--padding-top:0px;--padding-bottom:0px;--padding-left:0px;--padding-right:0px;}.elementor-3793 .elementor-element.elementor-element-79bc0a2f{--display:flex;--gap:20px 20px;--row-gap:20px;--column-gap:20px;}.elementor-3793 .elementor-element.elementor-element-c1d8a72 img{width:124px;height:124px;object-fit:cover;object-position:center center;border-radius:62px 62px 62px 62px;}.elementor-3793 .elementor-element.elementor-element-5b35fd4d{text-align:center;font-family:\"Glaw\", Sans-serif;font-size:16px;font-weight:500;color:#243072;}.elementor-3793 .elementor-element.elementor-element-19d39ac6{--display:flex;--align-items:center;--container-widget-width:calc( ( 1 - var( --container-widget-flex-grow ) ) * 100% );}.elementor-3793 .elementor-element.elementor-element-33f3641a img{width:124px;height:124px;object-fit:cover;object-position:center center;}.elementor-3793 .elementor-element.elementor-element-6ed9d794{width:var( --container-widget-width, 82% );max-width:82%;--container-widget-width:82%;--container-widget-flex-grow:0;text-align:center;font-family:\"Glaw\", Sans-serif;font-size:16px;font-weight:500;color:#243072;}.elementor-3793 .elementor-element.elementor-element-149669c6{--display:flex;--align-items:center;--container-widget-width:calc( ( 1 - var( --container-widget-flex-grow ) ) * 100% );}.elementor-3793 .elementor-element.elementor-element-5259484b img{width:124px;height:124px;object-fit:cover;object-position:center center;}.elementor-3793 .elementor-element.elementor-element-1b3000ba{width:var( --container-widget-width, 82% );max-width:82%;--container-widget-width:82%;--container-widget-flex-grow:0;text-align:center;font-family:\"Glaw\", Sans-serif;font-size:16px;font-weight:500;color:#243072;}@media(max-width:1024px){.elementor-3793 .elementor-element.elementor-element-3f1cb126{--grid-auto-flow:row;}}@media(min-width:768px){.elementor-3793 .elementor-element.elementor-element-459cf49e{--width:98.376%;}.elementor-3793 .elementor-element.elementor-element-255dc2a0{--width:35%;}.elementor-3793 .elementor-element.elementor-element-6c53f235{--content-width:100%;}.elementor-3793 .elementor-element.elementor-element-4b3cb586{--width:100%;}.elementor-3793 .elementor-element.elementor-element-41ca4ffd{--width:65%;}.elementor-3793 .elementor-element.elementor-element-1e9cddc9{--width:100%;}.elementor-3793 .elementor-element.elementor-element-3f1cb126{--content-width:100%;}}@media(max-width:767px){.elementor-3793 .elementor-element.elementor-element-459cf49e{--width:100%;--gap:0px 0px;--row-gap:0px;--column-gap:0px;--padding-top:0px;--padding-bottom:0px;--padding-left:25px;--padding-right:25px;}.elementor-3793 .elementor-element.elementor-element-255dc2a0{--width:100%;--gap:020px 0px;--row-gap:020px;--column-gap:0px;--margin-top:0px;--margin-bottom:0px;--margin-left:0px;--margin-right:0px;--padding-top:0px;--padding-bottom:30px;--padding-left:0px;--padding-right:0px;}.elementor-3793 .elementor-element.elementor-element-6c53f235{--flex-direction:column;--container-widget-width:calc( ( 1 - var( --container-widget-flex-grow ) ) * 100% );--container-widget-height:initial;--container-widget-flex-grow:0;--container-widget-align-self:initial;--flex-wrap-mobile:wrap;--justify-content:center;--align-items:center;--gap:20px 20px;--row-gap:20px;--column-gap:20px;--margin-top:0px;--margin-bottom:0px;--margin-left:0px;--margin-right:0px;}.elementor-3793 .elementor-element.elementor-element-65767cee.elementor-element{--align-self:center;}.elementor-3793 .elementor-element.elementor-element-21ae7625{--margin-top:-16px;--margin-bottom:0px;--margin-left:32px;--margin-right:0px;}.elementor-3793 .elementor-element.elementor-element-14a14a22.elementor-element{--align-self:center;}.elementor-3793 .elementor-element.elementor-element-41ca4ffd{--width:100%;--gap:40px 0px;--row-gap:40px;--column-gap:0px;--margin-top:0px;--margin-bottom:0px;--margin-left:0px;--margin-right:0px;--padding-top:0px;--padding-bottom:0px;--padding-left:0px;--padding-right:0px;}.elementor-3793 .elementor-element.elementor-element-1e9cddc9{--flex-direction:column;--container-widget-width:calc( ( 1 - var( --container-widget-flex-grow ) ) * 100% );--container-widget-height:initial;--container-widget-flex-grow:0;--container-widget-align-self:initial;--flex-wrap-mobile:wrap;--justify-content:center;--align-items:center;--gap:20px 20px;--row-gap:20px;--column-gap:20px;--margin-top:0px;--margin-bottom:0px;--margin-left:0px;--margin-right:0px;}.elementor-3793 .elementor-element.elementor-element-1c592473 > .elementor-widget-container{margin:0px 0px 0px 0px;}.elementor-3793 .elementor-element.elementor-element-3f1cb126{--e-con-grid-template-columns:repeat(3, 1fr);--grid-auto-flow:column;--justify-items:center;--align-items:start;--margin-top:0px;--margin-bottom:0px;--margin-left:0px;--margin-right:0px;--padding-top:0px;--padding-bottom:0px;--padding-left:0px;--padding-right:0px;}.elementor-3793 .elementor-element.elementor-element-79bc0a2f{--content-width:100%;--gap:10px 0px;--row-gap:10px;--column-gap:0px;--margin-top:0px;--margin-bottom:0px;--margin-left:0px;--margin-right:0px;--padding-top:0px;--padding-bottom:0px;--padding-left:0px;--padding-right:0px;}.elementor-3793 .elementor-element.elementor-element-79bc0a2f.e-con{--align-self:flex-start;}.elementor-3793 .elementor-element.elementor-element-c1d8a72 img{width:90px;height:90px;}.elementor-3793 .elementor-element.elementor-element-5b35fd4d{font-size:14px;line-height:1.1em;}.elementor-3793 .elementor-element.elementor-element-19d39ac6{--gap:010px 0px;--row-gap:010px;--column-gap:0px;--margin-top:0px;--margin-bottom:0px;--margin-left:0px;--margin-right:0px;--padding-top:0px;--padding-bottom:0px;--padding-left:0px;--padding-right:0px;}.elementor-3793 .elementor-element.elementor-element-33f3641a img{width:90px;height:90px;}.elementor-3793 .elementor-element.elementor-element-6ed9d794{font-size:14px;line-height:1.1em;}.elementor-3793 .elementor-element.elementor-element-149669c6{--gap:010px 0px;--row-gap:010px;--column-gap:0px;--margin-top:0px;--margin-bottom:0px;--margin-left:0px;--margin-right:0px;--padding-top:0px;--padding-bottom:0px;--padding-left:0px;--padding-right:0px;}.elementor-3793 .elementor-element.elementor-element-5259484b img{width:90px;height:90px;}.elementor-3793 .elementor-element.elementor-element-1b3000ba{font-size:14px;line-height:1.1em;}}\/* Start Custom Fonts CSS *\/@font-face {\n\tfont-family: 'Glaw';\n\tfont-style: normal;\n\tfont-weight: normal;\n\tfont-display: auto;\n\tsrc: url('https:\/\/hmi-test.ezenit.link\/wp-content\/uploads\/2024\/05\/glaw.ttf') format('truetype');\n}\n@font-face {\n\tfont-family: 'Glaw';\n\tfont-style: italic;\n\tfont-weight: normal;\n\tfont-display: auto;\n\tsrc: url('https:\/\/hmi-test.ezenit.link\/wp-content\/uploads\/2024\/05\/glawi.ttf') format('truetype');\n}\n@font-face {\n\tfont-family: 'Glaw';\n\tfont-style: normal;\n\tfont-weight: bold;\n\tfont-display: auto;\n\tsrc: url('https:\/\/hmi-test.ezenit.link\/wp-content\/uploads\/2024\/05\/glawb.ttf') format('truetype');\n}\n@font-face {\n\tfont-family: 'Glaw';\n\tfont-style: italic;\n\tfont-weight: bold;\n\tfont-display: auto;\n\tsrc: url('https:\/\/hmi-test.ezenit.link\/wp-content\/uploads\/2024\/05\/glawbi.ttf') format('truetype');\n}\n@font-face {\n\tfont-family: 'Glaw';\n\tfont-style: normal;\n\tfont-weight: 900;\n\tfont-display: auto;\n\tsrc: url('https:\/\/hmi-test.ezenit.link\/wp-content\/uploads\/2024\/05\/glawh.ttf') format('truetype');\n}\n@font-face {\n\tfont-family: 'Glaw';\n\tfont-style: italic;\n\tfont-weight: 900;\n\tfont-display: auto;\n\tsrc: url('https:\/\/hmi-test.ezenit.link\/wp-content\/uploads\/2024\/05\/glawhi.ttf') format('truetype');\n}\n@font-face {\n\tfont-family: 'Glaw';\n\tfont-style: normal;\n\tfont-weight: 100;\n\tfont-display: auto;\n\tsrc: url('https:\/\/hmi-test.ezenit.link\/wp-content\/uploads\/2024\/05\/glawl.ttf') format('truetype');\n}\n@font-face {\n\tfont-family: 'Glaw';\n\tfont-style: italic;\n\tfont-weight: 100;\n\tfont-display: auto;\n\tsrc: url('https:\/\/hmi-test.ezenit.link\/wp-content\/uploads\/2024\/05\/glawli.ttf') format('truetype');\n}\n\/* End Custom Fonts CSS *\/<\/style>\t\t<div data-elementor-type=\"wp-page\" data-elementor-id=\"3793\" class=\"elementor elementor-3793\" data-elementor-post-type=\"page\">\n\t\t\t\t<div class=\"elementor-element elementor-element-459cf49e e-con-full e-flex e-con e-parent\" data-id=\"459cf49e\" data-element_type=\"container\">\n\t\t<div class=\"elementor-element elementor-element-255dc2a0 e-con-full e-flex e-con e-child\" data-id=\"255dc2a0\" data-element_type=\"container\">\n\t\t\t\t<div class=\"elementor-element elementor-element-3ff2d247 elementor-widget elementor-widget-image\" data-id=\"3ff2d247\" data-element_type=\"widget\" data-widget_type=\"image.default\">\n\t\t\t\t<div class=\"elementor-widget-container\">\n\t\t\t\t\t\t\t\t\t\t\t\t\t\t\t<img fetchpriority=\"high\" decoding=\"async\" width=\"2048\" height=\"1365\" src=\"https:\/\/assets-hmi.imgix.net\/uploads\/2024\/06\/HM-PUERTA-SUR-S2-%C2%A9-PHOTO-ALVARO-LAFORET-2.jpg?auto=format%2Ccompress&amp;ixlib=php-3.3.0\" class=\"attachment-full size-full wp-image-3487\" alt=\"\" \/>\t\t\t\t\t\t\t\t\t\t\t\t\t\t\t<\/div>\n\t\t\t\t<\/div>\n\t\t<div class=\"elementor-element elementor-element-6c53f235 e-flex e-con-boxed e-con e-child\" data-id=\"6c53f235\" data-element_type=\"container\">\n\t\t\t\t\t<div class=\"e-con-inner\">\n\t\t<div class=\"elementor-element elementor-element-4b3cb586 e-con-full e-flex e-con e-child\" data-id=\"4b3cb586\" data-element_type=\"container\">\n\t\t<div class=\"elementor-element elementor-element-64f39ef1 e-flex e-con-boxed e-con e-child\" data-id=\"64f39ef1\" data-element_type=\"container\">\n\t\t\t\t\t<div class=\"e-con-inner\">\n\t\t\t\t<div class=\"elementor-element elementor-element-65767cee elementor-widget elementor-widget-image\" data-id=\"65767cee\" data-element_type=\"widget\" data-widget_type=\"image.default\">\n\t\t\t\t<div class=\"elementor-widget-container\">\n\t\t\t\t\t\t\t\t\t\t\t\t\t\t\t<img decoding=\"async\" width=\"364\" height=\"308\" src=\"https:\/\/assets-hmi.imgix.net\/uploads\/2024\/07\/HM-CINAC-5.png?auto=format%2Ccompress&amp;ixlib=php-3.3.0\" class=\"attachment-large size-large wp-image-3707\" alt=\"\" srcset=\"https:\/\/assets-hmi.imgix.net\/uploads\/2024\/07\/HM-CINAC-5.png?auto=format%2Ccompress&amp;ixlib=php-3.3.0&amp;w=364 364w, https:\/\/assets-hmi.imgix.net\/uploads\/2024\/07\/HM-CINAC-5.png?auto=format%2Ccompress&amp;fit=crop&amp;h=254&amp;ixlib=php-3.3.0&amp;w=300 300w, https:\/\/assets-hmi.imgix.net\/uploads\/2024\/07\/HM-CINAC-5.png?auto=format%2Ccompress&amp;fit=crop&amp;h=12&amp;ixlib=php-3.3.0&amp;w=14 14w\" sizes=\"(max-width: 364px) 100vw, 364px\" \/>\t\t\t\t\t\t\t\t\t\t\t\t\t\t\t<\/div>\n\t\t\t\t<\/div>\n\t\t\t\t\t<\/div>\n\t\t\t\t<\/div>\n\t\t<div class=\"elementor-element elementor-element-21ae7625 e-flex e-con-boxed e-con e-child\" data-id=\"21ae7625\" data-element_type=\"container\">\n\t\t\t\t\t<div class=\"e-con-inner\">\n\t\t\t\t<div class=\"elementor-element elementor-element-14a14a22 elementor-widget elementor-widget-image\" data-id=\"14a14a22\" data-element_type=\"widget\" data-widget_type=\"image.default\">\n\t\t\t\t<div class=\"elementor-widget-container\">\n\t\t\t\t\t\t\t\t\t\t\t\t\t\t\t<img decoding=\"async\" width=\"289\" height=\"47\" src=\"https:\/\/assets-hmi.imgix.net\/uploads\/2024\/07\/HM-CINAC-11.png?auto=format%2Ccompress&amp;ixlib=php-3.3.0\" class=\"attachment-large size-large wp-image-3795\" alt=\"\" srcset=\"https:\/\/assets-hmi.imgix.net\/uploads\/2024\/07\/HM-CINAC-11.png?auto=format%2Ccompress&amp;ixlib=php-3.3.0&amp;w=289 289w, https:\/\/assets-hmi.imgix.net\/uploads\/2024\/07\/HM-CINAC-11.png?auto=format%2Ccompress&amp;fit=crop&amp;h=3&amp;ixlib=php-3.3.0&amp;w=18 18w\" sizes=\"(max-width: 289px) 100vw, 289px\" \/>\t\t\t\t\t\t\t\t\t\t\t\t\t\t\t<\/div>\n\t\t\t\t<\/div>\n\t\t\t\t\t<\/div>\n\t\t\t\t<\/div>\n\t\t\t\t<\/div>\n\t\t\t\t\t<\/div>\n\t\t\t\t<\/div>\n\t\t\t\t<\/div>\n\t\t<div class=\"elementor-element elementor-element-41ca4ffd e-con-full e-flex e-con e-child\" data-id=\"41ca4ffd\" data-element_type=\"container\">\n\t\t<div class=\"elementor-element elementor-element-1e9cddc9 e-con-full e-flex e-con e-child\" data-id=\"1e9cddc9\" data-element_type=\"container\">\n\t\t\t\t<div class=\"elementor-element elementor-element-7696113e elementor-widget__width-inherit elementor-widget elementor-widget-heading\" data-id=\"7696113e\" data-element_type=\"widget\" data-widget_type=\"heading.default\">\n\t\t\t\t<div class=\"elementor-widget-container\">\n\t\t\t\t\t<h2 class=\"elementor-heading-title elementor-size-default\">HM Puerta del Sur<\/h2>\t\t\t\t<\/div>\n\t\t\t\t<\/div>\n\t\t\t\t<div class=\"elementor-element elementor-element-1c592473 elementor-widget__width-initial elementor-widget elementor-widget-text-editor\" data-id=\"1c592473\" data-element_type=\"widget\" data-widget_type=\"text-editor.default\">\n\t\t\t\t<div class=\"elementor-widget-container\">\n\t\t\t\t\t\t\t\t\t<p>Con m\u00e1s de 24.000 metros cuadrados y recientemente inaugurado, el Hospital HM Puerta del Sur ofrece servicios sanitarios a una zona que supera el mill\u00f3n de habitantes como es M\u00f3stoles. Tambi\u00e9n impulsa el centro HM CINA para el tratamiento del Parkinson y del tremo esencial.<\/p><p><b>Instalaciones<\/b><\/p><ul><li>Anatom\u00eda patol\u00f3gica<\/li><li>Consultas generales<\/li><li>Diagn\u00f3stico por imagen<\/li><li>Ensayos cl\u00ednicos en c\u00e1ncer (HM CIOCC).<\/li><li>Equipo de Mamograf\u00eda con Tomos\u00edntesis<\/li><li>Farmacia<\/li><li>Gimnasio de rehabilitaci\u00f3n<\/li><li>Hospital de D\u00eda contra el C\u00e1ncer<\/li><li>Laboratorios de An\u00e1lisis Cl\u00ednicos<\/li><li>Medicina Nuclear<\/li><li>Oncologia medica<\/li><li>PET-RMN<\/li><li>Servicios centrales<\/li><li>Servicio de Oncolog\u00eda M\u00e9dico-Radioter\u00e1pica de \u00faltima generaci\u00f3n<\/li><li>Unidad de Donaci\u00f3n de Sangre<\/li><li>Unidad de Reproducci\u00f3n Asistida<\/li><li>Emergencias<\/li><li>Acceso a HM CINAC (Servicios Especializados en Neurolog\u00eda, Neurocirug\u00eda, Psiquiatr\u00eda)<\/li><li>Cafeter\u00eda<\/li><li>Capilla<\/li><li>Recepci\u00f3n principal del Hospital General y Admisi\u00f3n de pacientes<\/li><li>Auditorio con capacidad para 100 personas<\/li><li>Unidad del sistema digestivo<\/li><li>Unidad de Hospitalizaci\u00f3n con 15 habitaciones, consultas, salas de tratamiento y \u00e1rea de investigaci\u00f3n para tratamientos personalizados<\/li><li>\u00c1reas de Hospitalizaci\u00f3n General: 73 habitaciones que se pueden modificar para formar 111 habitaciones<\/li><li>Unidad Docente: Cuatro aulas, Biblioteca y despachos con acceso independiente desde planta baja<\/li><li>\u00c1rea Quir\u00fargica, \u00c1rea Gineco-Obst\u00e9trica y Maternidad en el Segundo Piso del HM Puerta del Sur<\/li><li>\u00c1rea quir\u00fargica: Con dos grandes quir\u00f3fanos ambulatorios, cinco quir\u00f3fanos generales, un quir\u00f3fano integrado, una sala de despertar, un \u00e1rea de esterilizaci\u00f3n y el bloque obst\u00e9trico con tres salas de parto y reanimaci\u00f3n de reci\u00e9n nacidos, adem\u00e1s de la UCI Adultos, UCI Neonatal, Cuidados Intermedios y el Hospital de D\u00eda<\/li><li>\u00c1rea Gineco-Obst\u00e9trica y Maternidad: 31 salas materno-pedi\u00e1tricas, Enfermer\u00eda y Nido, y cuatro Unidades de Trabajo de Parto y Recuperaci\u00f3n con sala de reanimaci\u00f3n para reci\u00e9n nacidos. El hospital tambi\u00e9n cuenta con una unidad de parto de baja intervenci\u00f3n o parto natural<\/li><\/ul>\t\t\t\t\t\t\t\t<\/div>\n\t\t\t\t<\/div>\n\t\t\t\t<\/div>\n\t\t<div class=\"elementor-element elementor-element-3f1cb126 e-grid e-con-boxed e-con e-child\" data-id=\"3f1cb126\" data-element_type=\"container\">\n\t\t\t\t\t<div class=\"e-con-inner\">\n\t\t<div class=\"elementor-element elementor-element-79bc0a2f elementor-hidden-desktop elementor-hidden-tablet elementor-hidden-mobile e-flex e-con-boxed e-con e-child\" data-id=\"79bc0a2f\" data-element_type=\"container\">\n\t\t\t\t\t<div class=\"e-con-inner\">\n\t\t\t\t<div class=\"elementor-element elementor-element-c1d8a72 elementor-widget elementor-widget-image\" data-id=\"c1d8a72\" data-element_type=\"widget\" data-widget_type=\"image.default\">\n\t\t\t\t<div class=\"elementor-widget-container\">\n\t\t\t\t\t\t\t\t\t\t\t\t\t\t\t<img loading=\"lazy\" decoding=\"async\" width=\"150\" height=\"150\" src=\"https:\/\/assets-hmi.imgix.net\/uploads\/2024\/05\/Ellipse-2.png?auto=format%2Ccompress&amp;ixlib=php-3.3.0\" class=\"attachment-large size-large wp-image-183\" alt=\"\" \/>\t\t\t\t\t\t\t\t\t\t\t\t\t\t\t<\/div>\n\t\t\t\t<\/div>\n\t\t\t\t<div class=\"elementor-element elementor-element-5b35fd4d elementor-widget elementor-widget-text-editor\" data-id=\"5b35fd4d\" data-element_type=\"widget\" data-widget_type=\"text-editor.default\">\n\t\t\t\t<div class=\"elementor-widget-container\">\n\t\t\t\t\t\t\t\t\t<p>Asistencia m\u00e9dica personalizada<\/p>\t\t\t\t\t\t\t\t<\/div>\n\t\t\t\t<\/div>\n\t\t\t\t\t<\/div>\n\t\t\t\t<\/div>\n\t\t<div class=\"elementor-element elementor-element-19d39ac6 elementor-hidden-desktop elementor-hidden-tablet elementor-hidden-mobile e-flex e-con-boxed e-con e-child\" data-id=\"19d39ac6\" data-element_type=\"container\">\n\t\t\t\t\t<div class=\"e-con-inner\">\n\t\t\t\t<div class=\"elementor-element elementor-element-33f3641a elementor-widget elementor-widget-image\" data-id=\"33f3641a\" data-element_type=\"widget\" data-widget_type=\"image.default\">\n\t\t\t\t<div class=\"elementor-widget-container\">\n\t\t\t\t\t\t\t\t\t\t\t\t\t\t\t<img loading=\"lazy\" decoding=\"async\" width=\"150\" height=\"150\" src=\"https:\/\/assets-hmi.imgix.net\/uploads\/2024\/05\/Ellipse-2.png?auto=format%2Ccompress&amp;ixlib=php-3.3.0\" class=\"attachment-large size-large wp-image-183\" alt=\"\" \/>\t\t\t\t\t\t\t\t\t\t\t\t\t\t\t<\/div>\n\t\t\t\t<\/div>\n\t\t\t\t<div class=\"elementor-element elementor-element-6ed9d794 elementor-widget__width-initial elementor-widget elementor-widget-text-editor\" data-id=\"6ed9d794\" data-element_type=\"widget\" data-widget_type=\"text-editor.default\">\n\t\t\t\t<div class=\"elementor-widget-container\">\n\t\t\t\t\t\t\t\t\t<p>Servicio M\u00e9dico a d\u00f3nde est\u00e9s<\/p>\t\t\t\t\t\t\t\t<\/div>\n\t\t\t\t<\/div>\n\t\t\t\t\t<\/div>\n\t\t\t\t<\/div>\n\t\t<div class=\"elementor-element elementor-element-149669c6 elementor-hidden-desktop elementor-hidden-tablet elementor-hidden-mobile e-flex e-con-boxed e-con e-child\" data-id=\"149669c6\" data-element_type=\"container\">\n\t\t\t\t\t<div class=\"e-con-inner\">\n\t\t\t\t<div class=\"elementor-element elementor-element-5259484b elementor-widget elementor-widget-image\" data-id=\"5259484b\" data-element_type=\"widget\" data-widget_type=\"image.default\">\n\t\t\t\t<div class=\"elementor-widget-container\">\n\t\t\t\t\t\t\t\t\t\t\t\t\t\t\t<img loading=\"lazy\" decoding=\"async\" width=\"150\" height=\"150\" src=\"https:\/\/assets-hmi.imgix.net\/uploads\/2024\/05\/Ellipse-2.png?auto=format%2Ccompress&amp;ixlib=php-3.3.0\" class=\"attachment-large size-large wp-image-183\" alt=\"\" \/>\t\t\t\t\t\t\t\t\t\t\t\t\t\t\t<\/div>\n\t\t\t\t<\/div>\n\t\t\t\t<div class=\"elementor-element elementor-element-1b3000ba elementor-widget__width-initial elementor-widget elementor-widget-text-editor\" data-id=\"1b3000ba\" data-element_type=\"widget\" data-widget_type=\"text-editor.default\">\n\t\t\t\t<div class=\"elementor-widget-container\">\n\t\t\t\t\t\t\t\t\t<p>Segunda opini\u00f3n m\u00e9dica<\/p>\t\t\t\t\t\t\t\t<\/div>\n\t\t\t\t<\/div>\n\t\t\t\t\t<\/div>\n\t\t\t\t<\/div>\n\t\t\t\t\t<\/div>\n\t\t\t\t<\/div>\n\t\t\t\t<\/div>\n\t\t\t\t<\/div>\n\t\t\t\t<\/div>","protected":false},"excerpt":{"rendered":"<p>HM Puerta del Sur With more than 24,000sq mt floor plan and recently inaugurated, the HM Puerta del Sur Hospital offers health services to an area that exceeds one million inhabitants, such as M\u00f3stoles. It also fosters the HM CINAC center for the treatment of Parkinson&#8217;s and essential tremo. Facilities Pathological anatomy General inquiries Diagnostic [&hellip;]<\/p>","protected":false},"author":8,"featured_media":0,"parent":0,"menu_order":0,"comment_status":"closed","ping_status":"closed","template":"","meta":{"footnotes":""},"class_list":["post-3793","page","type-page","status-publish","hentry"],"_links":{"self":[{"href":"https:\/\/hmi-test.ezenit.link\/es\/wp-json\/wp\/v2\/pages\/3793","targetHints":{"allow":["GET"]}}],"collection":[{"href":"https:\/\/hmi-test.ezenit.link\/es\/wp-json\/wp\/v2\/pages"}],"about":[{"href":"https:\/\/hmi-test.ezenit.link\/es\/wp-json\/wp\/v2\/types\/page"}],"author":[{"embeddable":true,"href":"https:\/\/hmi-test.ezenit.link\/es\/wp-json\/wp\/v2\/users\/8"}],"replies":[{"embeddable":true,"href":"https:\/\/hmi-test.ezenit.link\/es\/wp-json\/wp\/v2\/comments?post=3793"}],"version-history":[{"count":10,"href":"https:\/\/hmi-test.ezenit.link\/es\/wp-json\/wp\/v2\/pages\/3793\/revisions"}],"predecessor-version":[{"id":4029,"href":"https:\/\/hmi-test.ezenit.link\/es\/wp-json\/wp\/v2\/pages\/3793\/revisions\/4029"}],"wp:attachment":[{"href":"https:\/\/hmi-test.ezenit.link\/es\/wp-json\/wp\/v2\/media?parent=3793"}],"curies":[{"name":"wp","href":"https:\/\/api.w.org\/{rel}","templated":true}]}}