{"id":3805,"date":"2024-07-17T23:50:14","date_gmt":"2024-07-17T21:50:14","guid":{"rendered":"https:\/\/hmi-test.ezenit.link\/?page_id=3805"},"modified":"2024-07-18T12:38:04","modified_gmt":"2024-07-18T10:38:04","slug":"hm-valles","status":"publish","type":"page","link":"https:\/\/hmi-test.ezenit.link\/es\/hm-valles\/","title":{"rendered":"HM Vall\u00e9s"},"content":{"rendered":"<style>.elementor-3805 .elementor-element.elementor-element-4bd20221{--display:flex;--flex-direction:row;--container-widget-width:initial;--container-widget-height:100%;--container-widget-flex-grow:1;--container-widget-align-self:stretch;--flex-wrap-mobile:wrap;--gap:0px 0px;--row-gap:0px;--column-gap:0px;--margin-top:0px;--margin-bottom:140px;--margin-left:0px;--margin-right:0px;}.elementor-3805 .elementor-element.elementor-element-4bd20221.e-con{--flex-grow:0;--flex-shrink:0;}.elementor-3805 .elementor-element.elementor-element-4eb81f75{--display:flex;--justify-content:flex-start;--align-items:flex-start;--container-widget-width:calc( ( 1 - var( --container-widget-flex-grow ) ) * 100% );--margin-top:0px;--margin-bottom:0px;--margin-left:0px;--margin-right:0px;--padding-top:0px;--padding-bottom:0px;--padding-left:0px;--padding-right:0px;}.elementor-widget-image .widget-image-caption{color:var( --e-global-color-text );font-family:var( --e-global-typography-text-font-family ), Sans-serif;font-weight:var( --e-global-typography-text-font-weight );}.elementor-3805 .elementor-element.elementor-element-7bd65634 img{border-radius:10px 10px 10px 10px;}.elementor-3805 .elementor-element.elementor-element-6c070a37{--display:flex;--flex-direction:column;--container-widget-width:calc( ( 1 - var( --container-widget-flex-grow ) ) * 100% );--container-widget-height:initial;--container-widget-flex-grow:0;--container-widget-align-self:initial;--flex-wrap-mobile:wrap;--justify-content:center;--align-items:flex-start;--gap:0px 53px;--row-gap:0px;--column-gap:53px;--margin-top:0px;--margin-bottom:0px;--margin-left:0px;--margin-right:0px;--padding-top:0px;--padding-bottom:0px;--padding-left:0px;--padding-right:0px;}.elementor-3805 .elementor-element.elementor-element-6c070a37.e-con{--align-self:center;}.elementor-3805 .elementor-element.elementor-element-4a007187{--display:flex;--flex-direction:row;--container-widget-width:initial;--container-widget-height:100%;--container-widget-flex-grow:1;--container-widget-align-self:stretch;--flex-wrap-mobile:wrap;--gap:0px 0px;--row-gap:0px;--column-gap:0px;}.elementor-3805 .elementor-element.elementor-element-fe4880{--display:flex;--justify-content:center;--align-items:center;--container-widget-width:calc( ( 1 - var( --container-widget-flex-grow ) ) * 100% );--margin-top:0px;--margin-bottom:0px;--margin-left:0px;--margin-right:0px;--padding-top:0px;--padding-bottom:0px;--padding-left:0px;--padding-right:0px;}.elementor-3805 .elementor-element.elementor-element-3afbbb3f > .elementor-widget-container{margin:0px 0px 0px 0px;padding:0px 0px 0px 0px;}.elementor-3805 .elementor-element.elementor-element-3afbbb3f.elementor-element{--align-self:flex-end;--order:-99999 \/* order start hack *\/;}.elementor-3805 .elementor-element.elementor-element-1dfa7fd8{--display:flex;--margin-top:0px;--margin-bottom:0px;--margin-left:0px;--margin-right:0px;--padding-top:0px;--padding-bottom:0px;--padding-left:0px;--padding-right:0px;}.elementor-3805 .elementor-element.elementor-element-31dc3d26 > .elementor-widget-container{padding:020px 0px 0px 010px;}.elementor-3805 .elementor-element.elementor-element-31dc3d26.elementor-element{--align-self:flex-start;}.elementor-3805 .elementor-element.elementor-element-31dc3d26{text-align:center;}.elementor-3805 .elementor-element.elementor-element-5cac8ecd{--display:flex;--padding-top:25px;--padding-bottom:0px;--padding-left:70px;--padding-right:70px;}.elementor-3805 .elementor-element.elementor-element-6f60b849{--display:flex;--flex-direction:column;--container-widget-width:calc( ( 1 - var( --container-widget-flex-grow ) ) * 100% );--container-widget-height:initial;--container-widget-flex-grow:0;--container-widget-align-self:initial;--flex-wrap-mobile:wrap;--justify-content:center;--align-items:flex-start;--gap:0px 53px;--row-gap:0px;--column-gap:53px;--margin-top:0px;--margin-bottom:0px;--margin-left:0px;--margin-right:0px;--padding-top:0px;--padding-bottom:0px;--padding-left:0px;--padding-right:0px;}.elementor-3805 .elementor-element.elementor-element-6f60b849.e-con{--align-self:center;}.elementor-widget-heading .elementor-heading-title{font-family:var( --e-global-typography-primary-font-family ), Sans-serif;font-weight:var( --e-global-typography-primary-font-weight );color:var( --e-global-color-primary );}.elementor-3805 .elementor-element.elementor-element-26185eea{width:100%;max-width:100%;text-align:left;}.elementor-3805 .elementor-element.elementor-element-26185eea > .elementor-widget-container{margin:-28px 0px 0px 0px;}.elementor-3805 .elementor-element.elementor-element-26185eea .elementor-heading-title{font-family:\"Glaw\", Sans-serif;font-size:35px;font-weight:700;color:#243072;}.elementor-widget-text-editor{font-family:var( --e-global-typography-text-font-family ), Sans-serif;font-weight:var( --e-global-typography-text-font-weight );color:var( --e-global-color-text );}.elementor-widget-text-editor.elementor-drop-cap-view-stacked .elementor-drop-cap{background-color:var( --e-global-color-primary );}.elementor-widget-text-editor.elementor-drop-cap-view-framed .elementor-drop-cap, .elementor-widget-text-editor.elementor-drop-cap-view-default .elementor-drop-cap{color:var( --e-global-color-primary );border-color:var( --e-global-color-primary );}.elementor-3805 .elementor-element.elementor-element-70785866{width:var( --container-widget-width, 100% );max-width:100%;--container-widget-width:100%;--container-widget-flex-grow:0;font-family:\"Glaw\", Sans-serif;font-weight:400;line-height:20px;color:#243072;}.elementor-3805 .elementor-element.elementor-element-70785866 > .elementor-widget-container{margin:16px 110px -20px 0px;padding:0px 0px 0px 0px;}.elementor-3805 .elementor-element.elementor-element-70785866.elementor-element{--align-self:flex-start;}.elementor-3805 .elementor-element.elementor-element-199d07e8{--display:grid;--e-con-grid-template-columns:repeat(3, 1fr);--e-con-grid-template-rows:repeat(1, 1fr);--gap:0px 10px;--row-gap:0px;--column-gap:10px;--grid-auto-flow:row;--margin-top:0px;--margin-bottom:0px;--margin-left:0px;--margin-right:0px;--padding-top:0px;--padding-bottom:0px;--padding-left:0px;--padding-right:0px;}.elementor-3805 .elementor-element.elementor-element-4982754f{--display:flex;--gap:20px 20px;--row-gap:20px;--column-gap:20px;}.elementor-3805 .elementor-element.elementor-element-247ef93e img{width:124px;height:124px;object-fit:cover;object-position:center center;border-radius:62px 62px 62px 62px;}.elementor-3805 .elementor-element.elementor-element-4f49cd3f{text-align:center;font-family:\"Glaw\", Sans-serif;font-size:16px;font-weight:500;color:#243072;}.elementor-3805 .elementor-element.elementor-element-7f302d96{--display:flex;--align-items:center;--container-widget-width:calc( ( 1 - var( --container-widget-flex-grow ) ) * 100% );}.elementor-3805 .elementor-element.elementor-element-1feab8c1 img{width:124px;height:124px;object-fit:cover;object-position:center center;}.elementor-3805 .elementor-element.elementor-element-1c9d8d62{width:var( --container-widget-width, 82% );max-width:82%;--container-widget-width:82%;--container-widget-flex-grow:0;text-align:center;font-family:\"Glaw\", Sans-serif;font-size:16px;font-weight:500;color:#243072;}.elementor-3805 .elementor-element.elementor-element-60e7d18f{--display:flex;--align-items:center;--container-widget-width:calc( ( 1 - var( --container-widget-flex-grow ) ) * 100% );}.elementor-3805 .elementor-element.elementor-element-36326e18 img{width:124px;height:124px;object-fit:cover;object-position:center center;}.elementor-3805 .elementor-element.elementor-element-3f3e5db0{width:var( --container-widget-width, 82% );max-width:82%;--container-widget-width:82%;--container-widget-flex-grow:0;text-align:center;font-family:\"Glaw\", Sans-serif;font-size:16px;font-weight:500;color:#243072;}@media(max-width:1024px){.elementor-3805 .elementor-element.elementor-element-199d07e8{--grid-auto-flow:row;}}@media(min-width:768px){.elementor-3805 .elementor-element.elementor-element-4bd20221{--width:98.376%;}.elementor-3805 .elementor-element.elementor-element-4eb81f75{--width:35%;}.elementor-3805 .elementor-element.elementor-element-6c070a37{--content-width:100%;}.elementor-3805 .elementor-element.elementor-element-4a007187{--width:100%;}.elementor-3805 .elementor-element.elementor-element-5cac8ecd{--width:65%;}.elementor-3805 .elementor-element.elementor-element-6f60b849{--width:100%;}.elementor-3805 .elementor-element.elementor-element-199d07e8{--content-width:100%;}}@media(max-width:767px){.elementor-3805 .elementor-element.elementor-element-4bd20221{--width:100%;--gap:0px 0px;--row-gap:0px;--column-gap:0px;--padding-top:0px;--padding-bottom:0px;--padding-left:25px;--padding-right:25px;}.elementor-3805 .elementor-element.elementor-element-4eb81f75{--width:100%;--gap:020px 0px;--row-gap:020px;--column-gap:0px;--margin-top:0px;--margin-bottom:0px;--margin-left:0px;--margin-right:0px;--padding-top:0px;--padding-bottom:30px;--padding-left:0px;--padding-right:0px;}.elementor-3805 .elementor-element.elementor-element-6c070a37{--flex-direction:column;--container-widget-width:calc( ( 1 - var( --container-widget-flex-grow ) ) * 100% );--container-widget-height:initial;--container-widget-flex-grow:0;--container-widget-align-self:initial;--flex-wrap-mobile:wrap;--justify-content:center;--align-items:center;--gap:20px 20px;--row-gap:20px;--column-gap:20px;--margin-top:0px;--margin-bottom:0px;--margin-left:0px;--margin-right:0px;}.elementor-3805 .elementor-element.elementor-element-3afbbb3f.elementor-element{--align-self:center;}.elementor-3805 .elementor-element.elementor-element-1dfa7fd8{--margin-top:-16px;--margin-bottom:0px;--margin-left:32px;--margin-right:0px;}.elementor-3805 .elementor-element.elementor-element-31dc3d26.elementor-element{--align-self:center;}.elementor-3805 .elementor-element.elementor-element-5cac8ecd{--width:100%;--gap:40px 0px;--row-gap:40px;--column-gap:0px;--margin-top:0px;--margin-bottom:0px;--margin-left:0px;--margin-right:0px;--padding-top:0px;--padding-bottom:0px;--padding-left:0px;--padding-right:0px;}.elementor-3805 .elementor-element.elementor-element-6f60b849{--flex-direction:column;--container-widget-width:calc( ( 1 - var( --container-widget-flex-grow ) ) * 100% );--container-widget-height:initial;--container-widget-flex-grow:0;--container-widget-align-self:initial;--flex-wrap-mobile:wrap;--justify-content:center;--align-items:center;--gap:20px 20px;--row-gap:20px;--column-gap:20px;--margin-top:0px;--margin-bottom:0px;--margin-left:0px;--margin-right:0px;}.elementor-3805 .elementor-element.elementor-element-70785866 > .elementor-widget-container{margin:0px 0px 0px 0px;}.elementor-3805 .elementor-element.elementor-element-199d07e8{--e-con-grid-template-columns:repeat(3, 1fr);--grid-auto-flow:column;--justify-items:center;--align-items:start;--margin-top:0px;--margin-bottom:0px;--margin-left:0px;--margin-right:0px;--padding-top:0px;--padding-bottom:0px;--padding-left:0px;--padding-right:0px;}.elementor-3805 .elementor-element.elementor-element-4982754f{--content-width:100%;--gap:10px 0px;--row-gap:10px;--column-gap:0px;--margin-top:0px;--margin-bottom:0px;--margin-left:0px;--margin-right:0px;--padding-top:0px;--padding-bottom:0px;--padding-left:0px;--padding-right:0px;}.elementor-3805 .elementor-element.elementor-element-4982754f.e-con{--align-self:flex-start;}.elementor-3805 .elementor-element.elementor-element-247ef93e img{width:90px;height:90px;}.elementor-3805 .elementor-element.elementor-element-4f49cd3f{font-size:14px;line-height:1.1em;}.elementor-3805 .elementor-element.elementor-element-7f302d96{--gap:010px 0px;--row-gap:010px;--column-gap:0px;--margin-top:0px;--margin-bottom:0px;--margin-left:0px;--margin-right:0px;--padding-top:0px;--padding-bottom:0px;--padding-left:0px;--padding-right:0px;}.elementor-3805 .elementor-element.elementor-element-1feab8c1 img{width:90px;height:90px;}.elementor-3805 .elementor-element.elementor-element-1c9d8d62{font-size:14px;line-height:1.1em;}.elementor-3805 .elementor-element.elementor-element-60e7d18f{--gap:010px 0px;--row-gap:010px;--column-gap:0px;--margin-top:0px;--margin-bottom:0px;--margin-left:0px;--margin-right:0px;--padding-top:0px;--padding-bottom:0px;--padding-left:0px;--padding-right:0px;}.elementor-3805 .elementor-element.elementor-element-36326e18 img{width:90px;height:90px;}.elementor-3805 .elementor-element.elementor-element-3f3e5db0{font-size:14px;line-height:1.1em;}}\/* Start Custom Fonts CSS *\/@font-face {\n\tfont-family: 'Glaw';\n\tfont-style: normal;\n\tfont-weight: normal;\n\tfont-display: auto;\n\tsrc: url('https:\/\/hmi-test.ezenit.link\/wp-content\/uploads\/2024\/05\/glaw.ttf') format('truetype');\n}\n@font-face {\n\tfont-family: 'Glaw';\n\tfont-style: italic;\n\tfont-weight: normal;\n\tfont-display: auto;\n\tsrc: url('https:\/\/hmi-test.ezenit.link\/wp-content\/uploads\/2024\/05\/glawi.ttf') format('truetype');\n}\n@font-face {\n\tfont-family: 'Glaw';\n\tfont-style: normal;\n\tfont-weight: bold;\n\tfont-display: auto;\n\tsrc: url('https:\/\/hmi-test.ezenit.link\/wp-content\/uploads\/2024\/05\/glawb.ttf') format('truetype');\n}\n@font-face {\n\tfont-family: 'Glaw';\n\tfont-style: italic;\n\tfont-weight: bold;\n\tfont-display: auto;\n\tsrc: url('https:\/\/hmi-test.ezenit.link\/wp-content\/uploads\/2024\/05\/glawbi.ttf') format('truetype');\n}\n@font-face {\n\tfont-family: 'Glaw';\n\tfont-style: normal;\n\tfont-weight: 900;\n\tfont-display: auto;\n\tsrc: url('https:\/\/hmi-test.ezenit.link\/wp-content\/uploads\/2024\/05\/glawh.ttf') format('truetype');\n}\n@font-face {\n\tfont-family: 'Glaw';\n\tfont-style: italic;\n\tfont-weight: 900;\n\tfont-display: auto;\n\tsrc: url('https:\/\/hmi-test.ezenit.link\/wp-content\/uploads\/2024\/05\/glawhi.ttf') format('truetype');\n}\n@font-face {\n\tfont-family: 'Glaw';\n\tfont-style: normal;\n\tfont-weight: 100;\n\tfont-display: auto;\n\tsrc: url('https:\/\/hmi-test.ezenit.link\/wp-content\/uploads\/2024\/05\/glawl.ttf') format('truetype');\n}\n@font-face {\n\tfont-family: 'Glaw';\n\tfont-style: italic;\n\tfont-weight: 100;\n\tfont-display: auto;\n\tsrc: url('https:\/\/hmi-test.ezenit.link\/wp-content\/uploads\/2024\/05\/glawli.ttf') format('truetype');\n}\n\/* End Custom Fonts CSS *\/<\/style>\t\t<div data-elementor-type=\"wp-page\" data-elementor-id=\"3805\" class=\"elementor elementor-3805\" data-elementor-post-type=\"page\">\n\t\t\t\t<div class=\"elementor-element elementor-element-4bd20221 e-con-full e-flex e-con e-parent\" data-id=\"4bd20221\" data-element_type=\"container\">\n\t\t<div class=\"elementor-element elementor-element-4eb81f75 e-con-full e-flex e-con e-child\" data-id=\"4eb81f75\" data-element_type=\"container\">\n\t\t\t\t<div class=\"elementor-element elementor-element-7bd65634 elementor-widget elementor-widget-image\" data-id=\"7bd65634\" data-element_type=\"widget\" data-widget_type=\"image.default\">\n\t\t\t\t<div class=\"elementor-widget-container\">\n\t\t\t\t\t\t\t\t\t\t\t\t\t\t\t<img fetchpriority=\"high\" decoding=\"async\" width=\"2048\" height=\"1365\" src=\"https:\/\/assets-hmi.imgix.net\/uploads\/2024\/06\/HM-VALLES_09-09-22_.jpg?auto=format%2Ccompress&amp;ixlib=php-3.3.0\" class=\"attachment-full size-full wp-image-3476\" alt=\"\" srcset=\"https:\/\/assets-hmi.imgix.net\/uploads\/2024\/06\/HM-VALLES_09-09-22_.jpg?auto=format%2Ccompress&amp;ixlib=php-3.3.0&amp;w=2048 2048w, https:\/\/assets-hmi.imgix.net\/uploads\/2024\/06\/HM-VALLES_09-09-22_.jpg?auto=format%2Ccompress&amp;fit=crop&amp;h=200&amp;ixlib=php-3.3.0&amp;w=300 300w, https:\/\/assets-hmi.imgix.net\/uploads\/2024\/06\/HM-VALLES_09-09-22_.jpg?auto=format%2Ccompress&amp;fit=crop&amp;h=683&amp;ixlib=php-3.3.0&amp;w=1024 1024w, https:\/\/assets-hmi.imgix.net\/uploads\/2024\/06\/HM-VALLES_09-09-22_.jpg?auto=format%2Ccompress&amp;fit=crop&amp;h=512&amp;ixlib=php-3.3.0&amp;w=768 768w, https:\/\/assets-hmi.imgix.net\/uploads\/2024\/06\/HM-VALLES_09-09-22_.jpg?auto=format%2Ccompress&amp;fit=crop&amp;h=1024&amp;ixlib=php-3.3.0&amp;w=1536 1536w, https:\/\/assets-hmi.imgix.net\/uploads\/2024\/06\/HM-VALLES_09-09-22_.jpg?auto=format%2Ccompress&amp;fit=crop&amp;h=12&amp;ixlib=php-3.3.0&amp;w=18 18w\" sizes=\"(max-width: 2048px) 100vw, 2048px\" \/>\t\t\t\t\t\t\t\t\t\t\t\t\t\t\t<\/div>\n\t\t\t\t<\/div>\n\t\t<div class=\"elementor-element elementor-element-6c070a37 e-flex e-con-boxed e-con e-child\" data-id=\"6c070a37\" data-element_type=\"container\">\n\t\t\t\t\t<div class=\"e-con-inner\">\n\t\t<div class=\"elementor-element elementor-element-4a007187 e-con-full e-flex e-con e-child\" data-id=\"4a007187\" data-element_type=\"container\">\n\t\t<div class=\"elementor-element elementor-element-fe4880 e-flex e-con-boxed e-con e-child\" data-id=\"fe4880\" data-element_type=\"container\">\n\t\t\t\t\t<div class=\"e-con-inner\">\n\t\t\t\t<div class=\"elementor-element elementor-element-3afbbb3f elementor-widget elementor-widget-image\" data-id=\"3afbbb3f\" data-element_type=\"widget\" data-widget_type=\"image.default\">\n\t\t\t\t<div class=\"elementor-widget-container\">\n\t\t\t\t\t\t\t\t\t\t\t\t\t\t\t<img decoding=\"async\" width=\"364\" height=\"308\" src=\"https:\/\/assets-hmi.imgix.net\/uploads\/2024\/07\/HM-CINAC-5.png?auto=format%2Ccompress&amp;ixlib=php-3.3.0\" class=\"attachment-large size-large wp-image-3707\" alt=\"\" srcset=\"https:\/\/assets-hmi.imgix.net\/uploads\/2024\/07\/HM-CINAC-5.png?auto=format%2Ccompress&amp;ixlib=php-3.3.0&amp;w=364 364w, https:\/\/assets-hmi.imgix.net\/uploads\/2024\/07\/HM-CINAC-5.png?auto=format%2Ccompress&amp;fit=crop&amp;h=254&amp;ixlib=php-3.3.0&amp;w=300 300w, https:\/\/assets-hmi.imgix.net\/uploads\/2024\/07\/HM-CINAC-5.png?auto=format%2Ccompress&amp;fit=crop&amp;h=12&amp;ixlib=php-3.3.0&amp;w=14 14w\" sizes=\"(max-width: 364px) 100vw, 364px\" \/>\t\t\t\t\t\t\t\t\t\t\t\t\t\t\t<\/div>\n\t\t\t\t<\/div>\n\t\t\t\t\t<\/div>\n\t\t\t\t<\/div>\n\t\t<div class=\"elementor-element elementor-element-1dfa7fd8 e-flex e-con-boxed e-con e-child\" data-id=\"1dfa7fd8\" data-element_type=\"container\">\n\t\t\t\t\t<div class=\"e-con-inner\">\n\t\t\t\t<div class=\"elementor-element elementor-element-31dc3d26 elementor-widget elementor-widget-image\" data-id=\"31dc3d26\" data-element_type=\"widget\" data-widget_type=\"image.default\">\n\t\t\t\t<div class=\"elementor-widget-container\">\n\t\t\t\t\t\t\t\t\t\t\t\t\t\t\t<img decoding=\"async\" width=\"289\" height=\"47\" src=\"https:\/\/assets-hmi.imgix.net\/uploads\/2024\/07\/HM-CINAC-12.png?auto=format%2Ccompress&amp;ixlib=php-3.3.0\" class=\"attachment-large size-large wp-image-3807\" alt=\"\" srcset=\"https:\/\/assets-hmi.imgix.net\/uploads\/2024\/07\/HM-CINAC-12.png?auto=format%2Ccompress&amp;ixlib=php-3.3.0&amp;w=289 289w, https:\/\/assets-hmi.imgix.net\/uploads\/2024\/07\/HM-CINAC-12.png?auto=format%2Ccompress&amp;fit=crop&amp;h=3&amp;ixlib=php-3.3.0&amp;w=18 18w\" sizes=\"(max-width: 289px) 100vw, 289px\" \/>\t\t\t\t\t\t\t\t\t\t\t\t\t\t\t<\/div>\n\t\t\t\t<\/div>\n\t\t\t\t\t<\/div>\n\t\t\t\t<\/div>\n\t\t\t\t<\/div>\n\t\t\t\t\t<\/div>\n\t\t\t\t<\/div>\n\t\t\t\t<\/div>\n\t\t<div class=\"elementor-element elementor-element-5cac8ecd e-con-full e-flex e-con e-child\" data-id=\"5cac8ecd\" data-element_type=\"container\">\n\t\t<div class=\"elementor-element elementor-element-6f60b849 e-con-full e-flex e-con e-child\" data-id=\"6f60b849\" data-element_type=\"container\">\n\t\t\t\t<div class=\"elementor-element elementor-element-26185eea elementor-widget__width-inherit elementor-widget elementor-widget-heading\" data-id=\"26185eea\" data-element_type=\"widget\" data-widget_type=\"heading.default\">\n\t\t\t\t<div class=\"elementor-widget-container\">\n\t\t\t\t\t<h2 class=\"elementor-heading-title elementor-size-default\">HM Vall\u00e9s<\/h2>\t\t\t\t<\/div>\n\t\t\t\t<\/div>\n\t\t\t\t<div class=\"elementor-element elementor-element-70785866 elementor-widget__width-initial elementor-widget elementor-widget-text-editor\" data-id=\"70785866\" data-element_type=\"widget\" data-widget_type=\"text-editor.default\">\n\t\t\t\t<div class=\"elementor-widget-container\">\n\t\t\t\t\t\t\t\t\t<p>HM Valles es el primer centro hospitalario de Alcal\u00e1 de Henares, antes que la casa del Socorro, el Hospital Pr\u00edncipe de Asturias y el resto de Centros que hoy comparten asistencia sanitaria con nosotros.<\/p><p><b>HM Vall\u00e9s es un hospital m\u00e9dico-quir\u00fargico<\/b>\u00a0situado en el coraz\u00f3n de\u00a0<b>Alcal\u00e1 de Henares.<\/b>.\u00a0<b>Fue el primer centro cl\u00ednico de Alcal\u00e1.<\/b>Abri\u00f3 sus puertas en 1963 y se construy\u00f3 en la casa de Francisco Vall\u00e9s. Conocido como \"El Divino Vall\u00e9s\", fue m\u00e9dico personal de Felipe II pero tambi\u00e9n humanista y escritor considerado el m\u00e1ximo exponente espa\u00f1ol de la medicina renacentista.<\/p><p>En 2015 HM Vall\u00e9s, as\u00ed como los dos policl\u00ednicos contiguos, pasaron a formar parte del Grupo HM Hospitales. Cuenta con todas las especialidades m\u00e9dicas y quir\u00fargicas de adultos, adem\u00e1s de urgencias las 24 horas. Posteriormente, en mayo de 2016, se adquirieron los tres policl\u00ednicos HM La Paloma, que est\u00e1n ubicados en Torrej\u00f3n de Ardoz y que actualmente dependen del hospital HM Vall\u00e9s.<\/p>\t\t\t\t\t\t\t\t<\/div>\n\t\t\t\t<\/div>\n\t\t\t\t<\/div>\n\t\t<div class=\"elementor-element elementor-element-199d07e8 e-grid e-con-boxed e-con e-child\" data-id=\"199d07e8\" data-element_type=\"container\">\n\t\t\t\t\t<div class=\"e-con-inner\">\n\t\t<div class=\"elementor-element elementor-element-4982754f elementor-hidden-desktop elementor-hidden-tablet elementor-hidden-mobile e-flex e-con-boxed e-con e-child\" data-id=\"4982754f\" data-element_type=\"container\">\n\t\t\t\t\t<div class=\"e-con-inner\">\n\t\t\t\t<div class=\"elementor-element elementor-element-247ef93e elementor-widget elementor-widget-image\" data-id=\"247ef93e\" data-element_type=\"widget\" data-widget_type=\"image.default\">\n\t\t\t\t<div class=\"elementor-widget-container\">\n\t\t\t\t\t\t\t\t\t\t\t\t\t\t\t<img loading=\"lazy\" decoding=\"async\" width=\"150\" height=\"150\" src=\"https:\/\/assets-hmi.imgix.net\/uploads\/2024\/05\/Ellipse-2.png?auto=format%2Ccompress&amp;ixlib=php-3.3.0\" class=\"attachment-large size-large wp-image-183\" alt=\"\" \/>\t\t\t\t\t\t\t\t\t\t\t\t\t\t\t<\/div>\n\t\t\t\t<\/div>\n\t\t\t\t<div class=\"elementor-element elementor-element-4f49cd3f elementor-widget elementor-widget-text-editor\" data-id=\"4f49cd3f\" data-element_type=\"widget\" data-widget_type=\"text-editor.default\">\n\t\t\t\t<div class=\"elementor-widget-container\">\n\t\t\t\t\t\t\t\t\t<p>Asistencia m\u00e9dica personalizada<\/p>\t\t\t\t\t\t\t\t<\/div>\n\t\t\t\t<\/div>\n\t\t\t\t\t<\/div>\n\t\t\t\t<\/div>\n\t\t<div class=\"elementor-element elementor-element-7f302d96 elementor-hidden-desktop elementor-hidden-tablet elementor-hidden-mobile e-flex e-con-boxed e-con e-child\" data-id=\"7f302d96\" data-element_type=\"container\">\n\t\t\t\t\t<div class=\"e-con-inner\">\n\t\t\t\t<div class=\"elementor-element elementor-element-1feab8c1 elementor-widget elementor-widget-image\" data-id=\"1feab8c1\" data-element_type=\"widget\" data-widget_type=\"image.default\">\n\t\t\t\t<div class=\"elementor-widget-container\">\n\t\t\t\t\t\t\t\t\t\t\t\t\t\t\t<img loading=\"lazy\" decoding=\"async\" width=\"150\" height=\"150\" src=\"https:\/\/assets-hmi.imgix.net\/uploads\/2024\/05\/Ellipse-2.png?auto=format%2Ccompress&amp;ixlib=php-3.3.0\" class=\"attachment-large size-large wp-image-183\" alt=\"\" \/>\t\t\t\t\t\t\t\t\t\t\t\t\t\t\t<\/div>\n\t\t\t\t<\/div>\n\t\t\t\t<div class=\"elementor-element elementor-element-1c9d8d62 elementor-widget__width-initial elementor-widget elementor-widget-text-editor\" data-id=\"1c9d8d62\" data-element_type=\"widget\" data-widget_type=\"text-editor.default\">\n\t\t\t\t<div class=\"elementor-widget-container\">\n\t\t\t\t\t\t\t\t\t<p>Servicio M\u00e9dico a d\u00f3nde est\u00e9s<\/p>\t\t\t\t\t\t\t\t<\/div>\n\t\t\t\t<\/div>\n\t\t\t\t\t<\/div>\n\t\t\t\t<\/div>\n\t\t<div class=\"elementor-element elementor-element-60e7d18f elementor-hidden-desktop elementor-hidden-tablet elementor-hidden-mobile e-flex e-con-boxed e-con e-child\" data-id=\"60e7d18f\" data-element_type=\"container\">\n\t\t\t\t\t<div class=\"e-con-inner\">\n\t\t\t\t<div class=\"elementor-element elementor-element-36326e18 elementor-widget elementor-widget-image\" data-id=\"36326e18\" data-element_type=\"widget\" data-widget_type=\"image.default\">\n\t\t\t\t<div class=\"elementor-widget-container\">\n\t\t\t\t\t\t\t\t\t\t\t\t\t\t\t<img loading=\"lazy\" decoding=\"async\" width=\"150\" height=\"150\" src=\"https:\/\/assets-hmi.imgix.net\/uploads\/2024\/05\/Ellipse-2.png?auto=format%2Ccompress&amp;ixlib=php-3.3.0\" class=\"attachment-large size-large wp-image-183\" alt=\"\" \/>\t\t\t\t\t\t\t\t\t\t\t\t\t\t\t<\/div>\n\t\t\t\t<\/div>\n\t\t\t\t<div class=\"elementor-element elementor-element-3f3e5db0 elementor-widget__width-initial elementor-widget elementor-widget-text-editor\" data-id=\"3f3e5db0\" data-element_type=\"widget\" data-widget_type=\"text-editor.default\">\n\t\t\t\t<div class=\"elementor-widget-container\">\n\t\t\t\t\t\t\t\t\t<p>Segunda opini\u00f3n m\u00e9dica<\/p>\t\t\t\t\t\t\t\t<\/div>\n\t\t\t\t<\/div>\n\t\t\t\t\t<\/div>\n\t\t\t\t<\/div>\n\t\t\t\t\t<\/div>\n\t\t\t\t<\/div>\n\t\t\t\t<\/div>\n\t\t\t\t<\/div>\n\t\t\t\t<\/div>","protected":false},"excerpt":{"rendered":"<p>HM Vall\u00e9s HM Valles is the first hospital center in Alcal\u00e1 de Henares, before the Socorro house, the Principe de Asturias Hospital and the other Centers that today share health care with us. HM Vall\u00e9s is a medical-surgical hospital\u00a0situated in the heart of\u00a0Alcal\u00e1 de Henares.\u00a0It was the first clinic center in Alcal\u00e1. It opened its [&hellip;]<\/p>","protected":false},"author":8,"featured_media":0,"parent":0,"menu_order":0,"comment_status":"closed","ping_status":"closed","template":"","meta":{"footnotes":""},"class_list":["post-3805","page","type-page","status-publish","hentry"],"_links":{"self":[{"href":"https:\/\/hmi-test.ezenit.link\/es\/wp-json\/wp\/v2\/pages\/3805","targetHints":{"allow":["GET"]}}],"collection":[{"href":"https:\/\/hmi-test.ezenit.link\/es\/wp-json\/wp\/v2\/pages"}],"about":[{"href":"https:\/\/hmi-test.ezenit.link\/es\/wp-json\/wp\/v2\/types\/page"}],"author":[{"embeddable":true,"href":"https:\/\/hmi-test.ezenit.link\/es\/wp-json\/wp\/v2\/users\/8"}],"replies":[{"embeddable":true,"href":"https:\/\/hmi-test.ezenit.link\/es\/wp-json\/wp\/v2\/comments?post=3805"}],"version-history":[{"count":7,"href":"https:\/\/hmi-test.ezenit.link\/es\/wp-json\/wp\/v2\/pages\/3805\/revisions"}],"predecessor-version":[{"id":4032,"href":"https:\/\/hmi-test.ezenit.link\/es\/wp-json\/wp\/v2\/pages\/3805\/revisions\/4032"}],"wp:attachment":[{"href":"https:\/\/hmi-test.ezenit.link\/es\/wp-json\/wp\/v2\/media?parent=3805"}],"curies":[{"name":"wp","href":"https:\/\/api.w.org\/{rel}","templated":true}]}}