{"id":3847,"date":"2024-07-18T00:10:22","date_gmt":"2024-07-17T22:10:22","guid":{"rendered":"https:\/\/hmi-test.ezenit.link\/?page_id=3847"},"modified":"2024-07-18T10:34:17","modified_gmt":"2024-07-18T08:34:17","slug":"hm-nou-delfos","status":"publish","type":"page","link":"https:\/\/hmi-test.ezenit.link\/es\/hm-nou-delfos\/","title":{"rendered":"HM Nou Delfos"},"content":{"rendered":"<style>.elementor-3847 .elementor-element.elementor-element-3fdc56ba{--display:flex;--flex-direction:row;--container-widget-width:initial;--container-widget-height:100%;--container-widget-flex-grow:1;--container-widget-align-self:stretch;--flex-wrap-mobile:wrap;--gap:0px 0px;--row-gap:0px;--column-gap:0px;--margin-top:0px;--margin-bottom:140px;--margin-left:0px;--margin-right:0px;}.elementor-3847 .elementor-element.elementor-element-3fdc56ba.e-con{--flex-grow:0;--flex-shrink:0;}.elementor-3847 .elementor-element.elementor-element-1e5a1c36{--display:flex;--justify-content:flex-start;--align-items:flex-start;--container-widget-width:calc( ( 1 - var( --container-widget-flex-grow ) ) * 100% );--margin-top:0px;--margin-bottom:0px;--margin-left:0px;--margin-right:0px;--padding-top:0px;--padding-bottom:0px;--padding-left:0px;--padding-right:0px;}.elementor-widget-image .widget-image-caption{color:var( --e-global-color-text );font-family:var( --e-global-typography-text-font-family ), Sans-serif;font-weight:var( --e-global-typography-text-font-weight );}.elementor-3847 .elementor-element.elementor-element-22cc9cd0 img{border-radius:10px 10px 10px 10px;}.elementor-3847 .elementor-element.elementor-element-4b9c7c58{--display:flex;--flex-direction:column;--container-widget-width:calc( ( 1 - var( --container-widget-flex-grow ) ) * 100% );--container-widget-height:initial;--container-widget-flex-grow:0;--container-widget-align-self:initial;--flex-wrap-mobile:wrap;--justify-content:center;--align-items:flex-start;--gap:0px 53px;--row-gap:0px;--column-gap:53px;--margin-top:0px;--margin-bottom:0px;--margin-left:0px;--margin-right:0px;--padding-top:0px;--padding-bottom:0px;--padding-left:0px;--padding-right:0px;}.elementor-3847 .elementor-element.elementor-element-4b9c7c58.e-con{--align-self:center;}.elementor-3847 .elementor-element.elementor-element-5647698b{--display:flex;--flex-direction:row;--container-widget-width:initial;--container-widget-height:100%;--container-widget-flex-grow:1;--container-widget-align-self:stretch;--flex-wrap-mobile:wrap;--gap:0px 0px;--row-gap:0px;--column-gap:0px;}.elementor-3847 .elementor-element.elementor-element-f909ded{--display:flex;--justify-content:center;--align-items:center;--container-widget-width:calc( ( 1 - var( --container-widget-flex-grow ) ) * 100% );--margin-top:0px;--margin-bottom:0px;--margin-left:0px;--margin-right:0px;--padding-top:0px;--padding-bottom:0px;--padding-left:0px;--padding-right:0px;}.elementor-3847 .elementor-element.elementor-element-1839eb12 > .elementor-widget-container{margin:0px 0px 0px 0px;padding:0px 0px 0px 0px;}.elementor-3847 .elementor-element.elementor-element-1839eb12.elementor-element{--align-self:flex-end;--order:-99999 \/* order start hack *\/;}.elementor-3847 .elementor-element.elementor-element-30cd1c9d{--display:flex;--margin-top:0px;--margin-bottom:0px;--margin-left:0px;--margin-right:0px;--padding-top:0px;--padding-bottom:0px;--padding-left:0px;--padding-right:0px;}.elementor-3847 .elementor-element.elementor-element-474e89a8 > .elementor-widget-container{padding:020px 0px 0px 10px;}.elementor-3847 .elementor-element.elementor-element-474e89a8.elementor-element{--align-self:flex-start;}.elementor-3847 .elementor-element.elementor-element-474e89a8{text-align:center;}.elementor-3847 .elementor-element.elementor-element-2043a443{--display:flex;--padding-top:25px;--padding-bottom:0px;--padding-left:70px;--padding-right:70px;}.elementor-3847 .elementor-element.elementor-element-55c01114{--display:flex;--flex-direction:column;--container-widget-width:calc( ( 1 - var( --container-widget-flex-grow ) ) * 100% );--container-widget-height:initial;--container-widget-flex-grow:0;--container-widget-align-self:initial;--flex-wrap-mobile:wrap;--justify-content:center;--align-items:flex-start;--gap:0px 53px;--row-gap:0px;--column-gap:53px;--margin-top:0px;--margin-bottom:0px;--margin-left:0px;--margin-right:0px;--padding-top:0px;--padding-bottom:0px;--padding-left:0px;--padding-right:0px;}.elementor-3847 .elementor-element.elementor-element-55c01114.e-con{--align-self:center;}.elementor-widget-heading .elementor-heading-title{font-family:var( --e-global-typography-primary-font-family ), Sans-serif;font-weight:var( --e-global-typography-primary-font-weight );color:var( --e-global-color-primary );}.elementor-3847 .elementor-element.elementor-element-2e2e6f0{width:100%;max-width:100%;text-align:left;}.elementor-3847 .elementor-element.elementor-element-2e2e6f0 > .elementor-widget-container{margin:-28px 0px 0px 0px;}.elementor-3847 .elementor-element.elementor-element-2e2e6f0 .elementor-heading-title{font-family:\"Glaw\", Sans-serif;font-size:35px;font-weight:700;color:#243072;}.elementor-widget-text-editor{font-family:var( --e-global-typography-text-font-family ), Sans-serif;font-weight:var( --e-global-typography-text-font-weight );color:var( --e-global-color-text );}.elementor-widget-text-editor.elementor-drop-cap-view-stacked .elementor-drop-cap{background-color:var( --e-global-color-primary );}.elementor-widget-text-editor.elementor-drop-cap-view-framed .elementor-drop-cap, .elementor-widget-text-editor.elementor-drop-cap-view-default .elementor-drop-cap{color:var( --e-global-color-primary );border-color:var( --e-global-color-primary );}.elementor-3847 .elementor-element.elementor-element-720667fb{width:var( --container-widget-width, 100% );max-width:100%;--container-widget-width:100%;--container-widget-flex-grow:0;font-family:\"Glaw\", Sans-serif;font-weight:400;line-height:20px;color:#243072;}.elementor-3847 .elementor-element.elementor-element-720667fb > .elementor-widget-container{margin:16px 110px -20px 0px;padding:0px 0px 0px 0px;}.elementor-3847 .elementor-element.elementor-element-720667fb.elementor-element{--align-self:flex-start;}.elementor-3847 .elementor-element.elementor-element-65608fea{--display:grid;--e-con-grid-template-columns:repeat(3, 1fr);--e-con-grid-template-rows:repeat(1, 1fr);--gap:0px 10px;--row-gap:0px;--column-gap:10px;--grid-auto-flow:row;--margin-top:0px;--margin-bottom:0px;--margin-left:0px;--margin-right:0px;--padding-top:0px;--padding-bottom:0px;--padding-left:0px;--padding-right:0px;}.elementor-3847 .elementor-element.elementor-element-6ac7cf56{--display:flex;--gap:20px 20px;--row-gap:20px;--column-gap:20px;}.elementor-3847 .elementor-element.elementor-element-52bf7f2d img{width:124px;height:124px;object-fit:cover;object-position:center center;border-radius:62px 62px 62px 62px;}.elementor-3847 .elementor-element.elementor-element-2847bb88{text-align:center;font-family:\"Glaw\", Sans-serif;font-size:16px;font-weight:500;color:#243072;}.elementor-3847 .elementor-element.elementor-element-4509430d{--display:flex;--align-items:center;--container-widget-width:calc( ( 1 - var( --container-widget-flex-grow ) ) * 100% );}.elementor-3847 .elementor-element.elementor-element-3e1e45d9 img{width:124px;height:124px;object-fit:cover;object-position:center center;}.elementor-3847 .elementor-element.elementor-element-7e09c9ab{width:var( --container-widget-width, 82% );max-width:82%;--container-widget-width:82%;--container-widget-flex-grow:0;text-align:center;font-family:\"Glaw\", Sans-serif;font-size:16px;font-weight:500;color:#243072;}.elementor-3847 .elementor-element.elementor-element-7e80bd5c{--display:flex;--align-items:center;--container-widget-width:calc( ( 1 - var( --container-widget-flex-grow ) ) * 100% );}.elementor-3847 .elementor-element.elementor-element-1879bfe3 img{width:124px;height:124px;object-fit:cover;object-position:center center;}.elementor-3847 .elementor-element.elementor-element-2421edbf{width:var( --container-widget-width, 82% );max-width:82%;--container-widget-width:82%;--container-widget-flex-grow:0;text-align:center;font-family:\"Glaw\", Sans-serif;font-size:16px;font-weight:500;color:#243072;}@media(max-width:1024px){.elementor-3847 .elementor-element.elementor-element-65608fea{--grid-auto-flow:row;}}@media(min-width:768px){.elementor-3847 .elementor-element.elementor-element-3fdc56ba{--width:98.376%;}.elementor-3847 .elementor-element.elementor-element-1e5a1c36{--width:35%;}.elementor-3847 .elementor-element.elementor-element-4b9c7c58{--content-width:100%;}.elementor-3847 .elementor-element.elementor-element-5647698b{--width:100%;}.elementor-3847 .elementor-element.elementor-element-2043a443{--width:65%;}.elementor-3847 .elementor-element.elementor-element-55c01114{--width:100%;}.elementor-3847 .elementor-element.elementor-element-65608fea{--content-width:100%;}}@media(max-width:767px){.elementor-3847 .elementor-element.elementor-element-3fdc56ba{--width:100%;--gap:0px 0px;--row-gap:0px;--column-gap:0px;--padding-top:0px;--padding-bottom:0px;--padding-left:25px;--padding-right:25px;}.elementor-3847 .elementor-element.elementor-element-1e5a1c36{--width:100%;--gap:020px 0px;--row-gap:020px;--column-gap:0px;--margin-top:0px;--margin-bottom:0px;--margin-left:0px;--margin-right:0px;--padding-top:0px;--padding-bottom:30px;--padding-left:0px;--padding-right:0px;}.elementor-3847 .elementor-element.elementor-element-4b9c7c58{--flex-direction:column;--container-widget-width:calc( ( 1 - var( --container-widget-flex-grow ) ) * 100% );--container-widget-height:initial;--container-widget-flex-grow:0;--container-widget-align-self:initial;--flex-wrap-mobile:wrap;--justify-content:center;--align-items:center;--gap:20px 20px;--row-gap:20px;--column-gap:20px;--margin-top:0px;--margin-bottom:0px;--margin-left:0px;--margin-right:0px;}.elementor-3847 .elementor-element.elementor-element-1839eb12.elementor-element{--align-self:center;}.elementor-3847 .elementor-element.elementor-element-30cd1c9d{--margin-top:-16px;--margin-bottom:0px;--margin-left:32px;--margin-right:0px;}.elementor-3847 .elementor-element.elementor-element-474e89a8.elementor-element{--align-self:center;}.elementor-3847 .elementor-element.elementor-element-2043a443{--width:100%;--gap:40px 0px;--row-gap:40px;--column-gap:0px;--margin-top:0px;--margin-bottom:0px;--margin-left:0px;--margin-right:0px;--padding-top:0px;--padding-bottom:0px;--padding-left:0px;--padding-right:0px;}.elementor-3847 .elementor-element.elementor-element-55c01114{--flex-direction:column;--container-widget-width:calc( ( 1 - var( --container-widget-flex-grow ) ) * 100% );--container-widget-height:initial;--container-widget-flex-grow:0;--container-widget-align-self:initial;--flex-wrap-mobile:wrap;--justify-content:center;--align-items:center;--gap:20px 20px;--row-gap:20px;--column-gap:20px;--margin-top:0px;--margin-bottom:0px;--margin-left:0px;--margin-right:0px;}.elementor-3847 .elementor-element.elementor-element-720667fb > .elementor-widget-container{margin:0px 0px 0px 0px;}.elementor-3847 .elementor-element.elementor-element-65608fea{--e-con-grid-template-columns:repeat(3, 1fr);--grid-auto-flow:column;--justify-items:center;--align-items:start;--margin-top:0px;--margin-bottom:0px;--margin-left:0px;--margin-right:0px;--padding-top:0px;--padding-bottom:0px;--padding-left:0px;--padding-right:0px;}.elementor-3847 .elementor-element.elementor-element-6ac7cf56{--content-width:100%;--gap:10px 0px;--row-gap:10px;--column-gap:0px;--margin-top:0px;--margin-bottom:0px;--margin-left:0px;--margin-right:0px;--padding-top:0px;--padding-bottom:0px;--padding-left:0px;--padding-right:0px;}.elementor-3847 .elementor-element.elementor-element-6ac7cf56.e-con{--align-self:flex-start;}.elementor-3847 .elementor-element.elementor-element-52bf7f2d img{width:90px;height:90px;}.elementor-3847 .elementor-element.elementor-element-2847bb88{font-size:14px;line-height:1.1em;}.elementor-3847 .elementor-element.elementor-element-4509430d{--gap:010px 0px;--row-gap:010px;--column-gap:0px;--margin-top:0px;--margin-bottom:0px;--margin-left:0px;--margin-right:0px;--padding-top:0px;--padding-bottom:0px;--padding-left:0px;--padding-right:0px;}.elementor-3847 .elementor-element.elementor-element-3e1e45d9 img{width:90px;height:90px;}.elementor-3847 .elementor-element.elementor-element-7e09c9ab{font-size:14px;line-height:1.1em;}.elementor-3847 .elementor-element.elementor-element-7e80bd5c{--gap:010px 0px;--row-gap:010px;--column-gap:0px;--margin-top:0px;--margin-bottom:0px;--margin-left:0px;--margin-right:0px;--padding-top:0px;--padding-bottom:0px;--padding-left:0px;--padding-right:0px;}.elementor-3847 .elementor-element.elementor-element-1879bfe3 img{width:90px;height:90px;}.elementor-3847 .elementor-element.elementor-element-2421edbf{font-size:14px;line-height:1.1em;}}\/* Start Custom Fonts CSS *\/@font-face {\n\tfont-family: 'Glaw';\n\tfont-style: normal;\n\tfont-weight: normal;\n\tfont-display: auto;\n\tsrc: url('https:\/\/hmi-test.ezenit.link\/wp-content\/uploads\/2024\/05\/glaw.ttf') format('truetype');\n}\n@font-face {\n\tfont-family: 'Glaw';\n\tfont-style: italic;\n\tfont-weight: normal;\n\tfont-display: auto;\n\tsrc: url('https:\/\/hmi-test.ezenit.link\/wp-content\/uploads\/2024\/05\/glawi.ttf') format('truetype');\n}\n@font-face {\n\tfont-family: 'Glaw';\n\tfont-style: normal;\n\tfont-weight: bold;\n\tfont-display: auto;\n\tsrc: url('https:\/\/hmi-test.ezenit.link\/wp-content\/uploads\/2024\/05\/glawb.ttf') format('truetype');\n}\n@font-face {\n\tfont-family: 'Glaw';\n\tfont-style: italic;\n\tfont-weight: bold;\n\tfont-display: auto;\n\tsrc: url('https:\/\/hmi-test.ezenit.link\/wp-content\/uploads\/2024\/05\/glawbi.ttf') format('truetype');\n}\n@font-face {\n\tfont-family: 'Glaw';\n\tfont-style: normal;\n\tfont-weight: 900;\n\tfont-display: auto;\n\tsrc: url('https:\/\/hmi-test.ezenit.link\/wp-content\/uploads\/2024\/05\/glawh.ttf') format('truetype');\n}\n@font-face {\n\tfont-family: 'Glaw';\n\tfont-style: italic;\n\tfont-weight: 900;\n\tfont-display: auto;\n\tsrc: url('https:\/\/hmi-test.ezenit.link\/wp-content\/uploads\/2024\/05\/glawhi.ttf') format('truetype');\n}\n@font-face {\n\tfont-family: 'Glaw';\n\tfont-style: normal;\n\tfont-weight: 100;\n\tfont-display: auto;\n\tsrc: url('https:\/\/hmi-test.ezenit.link\/wp-content\/uploads\/2024\/05\/glawl.ttf') format('truetype');\n}\n@font-face {\n\tfont-family: 'Glaw';\n\tfont-style: italic;\n\tfont-weight: 100;\n\tfont-display: auto;\n\tsrc: url('https:\/\/hmi-test.ezenit.link\/wp-content\/uploads\/2024\/05\/glawli.ttf') format('truetype');\n}\n\/* End Custom Fonts CSS *\/<\/style>\t\t<div data-elementor-type=\"wp-page\" data-elementor-id=\"3847\" class=\"elementor elementor-3847\" data-elementor-post-type=\"page\">\n\t\t\t\t<div class=\"elementor-element elementor-element-3fdc56ba e-con-full e-flex e-con e-parent\" data-id=\"3fdc56ba\" data-element_type=\"container\">\n\t\t<div class=\"elementor-element elementor-element-1e5a1c36 e-con-full e-flex e-con e-child\" data-id=\"1e5a1c36\" data-element_type=\"container\">\n\t\t\t\t<div class=\"elementor-element elementor-element-22cc9cd0 elementor-widget elementor-widget-image\" data-id=\"22cc9cd0\" data-element_type=\"widget\" data-widget_type=\"image.default\">\n\t\t\t\t<div class=\"elementor-widget-container\">\n\t\t\t\t\t\t\t\t\t\t\t\t\t\t\t<img fetchpriority=\"high\" decoding=\"async\" width=\"2048\" height=\"1366\" src=\"https:\/\/assets-hmi.imgix.net\/uploads\/2024\/06\/Fachada-HM-Nou-Delfos.jpg?auto=format%2Ccompress&amp;ixlib=php-3.3.0\" class=\"attachment-full size-full wp-image-1439\" alt=\"\" srcset=\"https:\/\/assets-hmi.imgix.net\/uploads\/2024\/06\/Fachada-HM-Nou-Delfos.jpg?auto=format%2Ccompress&amp;ixlib=php-3.3.0&amp;w=2048 2048w, https:\/\/assets-hmi.imgix.net\/uploads\/2024\/06\/Fachada-HM-Nou-Delfos.jpg?auto=format%2Ccompress&amp;fit=crop&amp;h=200&amp;ixlib=php-3.3.0&amp;w=300 300w, https:\/\/assets-hmi.imgix.net\/uploads\/2024\/06\/Fachada-HM-Nou-Delfos.jpg?auto=format%2Ccompress&amp;fit=crop&amp;h=683&amp;ixlib=php-3.3.0&amp;w=1024 1024w, https:\/\/assets-hmi.imgix.net\/uploads\/2024\/06\/Fachada-HM-Nou-Delfos.jpg?auto=format%2Ccompress&amp;fit=crop&amp;h=512&amp;ixlib=php-3.3.0&amp;w=768 768w, https:\/\/assets-hmi.imgix.net\/uploads\/2024\/06\/Fachada-HM-Nou-Delfos.jpg?auto=format%2Ccompress&amp;fit=crop&amp;h=1025&amp;ixlib=php-3.3.0&amp;w=1536 1536w, https:\/\/assets-hmi.imgix.net\/uploads\/2024\/06\/Fachada-HM-Nou-Delfos.jpg?auto=format%2Ccompress&amp;fit=crop&amp;h=12&amp;ixlib=php-3.3.0&amp;w=18 18w\" sizes=\"(max-width: 2048px) 100vw, 2048px\" \/>\t\t\t\t\t\t\t\t\t\t\t\t\t\t\t<\/div>\n\t\t\t\t<\/div>\n\t\t<div class=\"elementor-element elementor-element-4b9c7c58 e-flex e-con-boxed e-con e-child\" data-id=\"4b9c7c58\" data-element_type=\"container\">\n\t\t\t\t\t<div class=\"e-con-inner\">\n\t\t<div class=\"elementor-element elementor-element-5647698b e-con-full e-flex e-con e-child\" data-id=\"5647698b\" data-element_type=\"container\">\n\t\t<div class=\"elementor-element elementor-element-f909ded e-flex e-con-boxed e-con e-child\" data-id=\"f909ded\" data-element_type=\"container\">\n\t\t\t\t\t<div class=\"e-con-inner\">\n\t\t\t\t<div class=\"elementor-element elementor-element-1839eb12 elementor-widget elementor-widget-image\" data-id=\"1839eb12\" data-element_type=\"widget\" data-widget_type=\"image.default\">\n\t\t\t\t<div class=\"elementor-widget-container\">\n\t\t\t\t\t\t\t\t\t\t\t\t\t\t\t<img decoding=\"async\" width=\"364\" height=\"308\" src=\"https:\/\/assets-hmi.imgix.net\/uploads\/2024\/07\/HM-CINAC-15.png?auto=format%2Ccompress&amp;ixlib=php-3.3.0\" class=\"attachment-large size-large wp-image-3853\" alt=\"\" srcset=\"https:\/\/assets-hmi.imgix.net\/uploads\/2024\/07\/HM-CINAC-15.png?auto=format%2Ccompress&amp;ixlib=php-3.3.0&amp;w=364 364w, https:\/\/assets-hmi.imgix.net\/uploads\/2024\/07\/HM-CINAC-15.png?auto=format%2Ccompress&amp;fit=crop&amp;h=254&amp;ixlib=php-3.3.0&amp;w=300 300w, https:\/\/assets-hmi.imgix.net\/uploads\/2024\/07\/HM-CINAC-15.png?auto=format%2Ccompress&amp;fit=crop&amp;h=12&amp;ixlib=php-3.3.0&amp;w=14 14w\" sizes=\"(max-width: 364px) 100vw, 364px\" \/>\t\t\t\t\t\t\t\t\t\t\t\t\t\t\t<\/div>\n\t\t\t\t<\/div>\n\t\t\t\t\t<\/div>\n\t\t\t\t<\/div>\n\t\t<div class=\"elementor-element elementor-element-30cd1c9d e-flex e-con-boxed e-con e-child\" data-id=\"30cd1c9d\" data-element_type=\"container\">\n\t\t\t\t\t<div class=\"e-con-inner\">\n\t\t\t\t<div class=\"elementor-element elementor-element-474e89a8 elementor-widget elementor-widget-image\" data-id=\"474e89a8\" data-element_type=\"widget\" data-widget_type=\"image.default\">\n\t\t\t\t<div class=\"elementor-widget-container\">\n\t\t\t\t\t\t\t\t\t\t\t\t\t\t\t<img decoding=\"async\" width=\"289\" height=\"47\" src=\"https:\/\/assets-hmi.imgix.net\/uploads\/2024\/07\/HM-CINAC-14.png?auto=format%2Ccompress&amp;ixlib=php-3.3.0\" class=\"attachment-large size-large wp-image-3852\" alt=\"\" srcset=\"https:\/\/assets-hmi.imgix.net\/uploads\/2024\/07\/HM-CINAC-14.png?auto=format%2Ccompress&amp;ixlib=php-3.3.0&amp;w=289 289w, https:\/\/assets-hmi.imgix.net\/uploads\/2024\/07\/HM-CINAC-14.png?auto=format%2Ccompress&amp;fit=crop&amp;h=3&amp;ixlib=php-3.3.0&amp;w=18 18w\" sizes=\"(max-width: 289px) 100vw, 289px\" \/>\t\t\t\t\t\t\t\t\t\t\t\t\t\t\t<\/div>\n\t\t\t\t<\/div>\n\t\t\t\t\t<\/div>\n\t\t\t\t<\/div>\n\t\t\t\t<\/div>\n\t\t\t\t\t<\/div>\n\t\t\t\t<\/div>\n\t\t\t\t<\/div>\n\t\t<div class=\"elementor-element elementor-element-2043a443 e-con-full e-flex e-con e-child\" data-id=\"2043a443\" data-element_type=\"container\">\n\t\t<div class=\"elementor-element elementor-element-55c01114 e-con-full e-flex e-con e-child\" data-id=\"55c01114\" data-element_type=\"container\">\n\t\t\t\t<div class=\"elementor-element elementor-element-2e2e6f0 elementor-widget__width-inherit elementor-widget elementor-widget-heading\" data-id=\"2e2e6f0\" data-element_type=\"widget\" data-widget_type=\"heading.default\">\n\t\t\t\t<div class=\"elementor-widget-container\">\n\t\t\t\t\t<h2 class=\"elementor-heading-title elementor-size-default\">HM Nou Delfos<\/h2>\t\t\t\t<\/div>\n\t\t\t\t<\/div>\n\t\t\t\t<div class=\"elementor-element elementor-element-720667fb elementor-widget__width-initial elementor-widget elementor-widget-text-editor\" data-id=\"720667fb\" data-element_type=\"widget\" data-widget_type=\"text-editor.default\">\n\t\t\t\t<div class=\"elementor-widget-container\">\n\t\t\t\t\t\t\t\t\t<p>El nuevo HM NOU Delfos es un\u00a0<b>centro m\u00e9dico-quir\u00fargico integral\u00a0<\/b>dotado\u00a0<b>de la \u00faltima tecnolog\u00eda<\/b>\u00a0y con una amplia cartera de servicios que lo convierten en uno de los hospitales privados de referencia en Barcelona y Catalu\u00f1a. Recientemente, la hist\u00f3rica Cl\u00ednica Delfos ha cumplido 50 a\u00f1os de trayectoria y cuenta con nuevos equipos de profesionales de primera l\u00ednea, pasando a formar parte de los m\u00e1s de 350 trabajadores.<\/p><p><b>Instalaciones<\/b><\/p><ul><li>155 camas con 5 suites VIP incluidas<\/li><li>10 cub\u00edculos de oncolog\u00eda ambulatoria<\/li><li>4 espacios de neurolog\u00eda ambulatoria<\/li><li>12 cub\u00edculos de emergencia y 1 cub\u00edculo de triaje<\/li><li>12 cabinas UCI con presi\u00f3n negativa<\/li><li>Nuevo Bloque Quir\u00fargico: 11 quir\u00f3fanos, dos de ellos integrados y uno con TAC intraoperatorio m\u00f3vil.<\/li><li>Sistema de im\u00e1genes de radiaci\u00f3n vertical 3D de baja dosis EOS<\/li><li>Esc\u00e1ner TAC multicorte 160<\/li><li>Mamograf\u00eda de \u00faltima generaci\u00f3n con tomos\u00edntesis y  biopsia de mama estereot\u00e1xica<\/li><li>Esc\u00e1ner de resonancia magn\u00e9tica 3 T cerrado de alto campo<\/li><li>Sala de Hemodin\u00e1mica y Radiolog\u00eda Vascular Intervencionista<\/li><li>Medicina nuclear \u2013 PET\/CAT<\/li><li>Unidad de Monitoreo de Epilepsia<\/li><li>HM CIEC<\/li><li>HM CINAC<\/li><li>HM CIOCC<\/li><li>Radiolog\u00eda - Diagn\u00f3stico por Im\u00e1genes<\/li><\/ul>\t\t\t\t\t\t\t\t<\/div>\n\t\t\t\t<\/div>\n\t\t\t\t<\/div>\n\t\t<div class=\"elementor-element elementor-element-65608fea e-grid e-con-boxed e-con e-child\" data-id=\"65608fea\" data-element_type=\"container\">\n\t\t\t\t\t<div class=\"e-con-inner\">\n\t\t<div class=\"elementor-element elementor-element-6ac7cf56 elementor-hidden-desktop elementor-hidden-tablet elementor-hidden-mobile e-flex e-con-boxed e-con e-child\" data-id=\"6ac7cf56\" data-element_type=\"container\">\n\t\t\t\t\t<div class=\"e-con-inner\">\n\t\t\t\t<div class=\"elementor-element elementor-element-52bf7f2d elementor-widget elementor-widget-image\" data-id=\"52bf7f2d\" data-element_type=\"widget\" data-widget_type=\"image.default\">\n\t\t\t\t<div class=\"elementor-widget-container\">\n\t\t\t\t\t\t\t\t\t\t\t\t\t\t\t<img loading=\"lazy\" decoding=\"async\" width=\"150\" height=\"150\" src=\"https:\/\/assets-hmi.imgix.net\/uploads\/2024\/05\/Ellipse-2.png?auto=format%2Ccompress&amp;ixlib=php-3.3.0\" class=\"attachment-large size-large wp-image-183\" alt=\"\" \/>\t\t\t\t\t\t\t\t\t\t\t\t\t\t\t<\/div>\n\t\t\t\t<\/div>\n\t\t\t\t<div class=\"elementor-element elementor-element-2847bb88 elementor-widget elementor-widget-text-editor\" data-id=\"2847bb88\" data-element_type=\"widget\" data-widget_type=\"text-editor.default\">\n\t\t\t\t<div class=\"elementor-widget-container\">\n\t\t\t\t\t\t\t\t\t<p>Asistencia m\u00e9dica personalizada<\/p>\t\t\t\t\t\t\t\t<\/div>\n\t\t\t\t<\/div>\n\t\t\t\t\t<\/div>\n\t\t\t\t<\/div>\n\t\t<div class=\"elementor-element elementor-element-4509430d elementor-hidden-desktop elementor-hidden-tablet elementor-hidden-mobile e-flex e-con-boxed e-con e-child\" data-id=\"4509430d\" data-element_type=\"container\">\n\t\t\t\t\t<div class=\"e-con-inner\">\n\t\t\t\t<div class=\"elementor-element elementor-element-3e1e45d9 elementor-widget elementor-widget-image\" data-id=\"3e1e45d9\" data-element_type=\"widget\" data-widget_type=\"image.default\">\n\t\t\t\t<div class=\"elementor-widget-container\">\n\t\t\t\t\t\t\t\t\t\t\t\t\t\t\t<img loading=\"lazy\" decoding=\"async\" width=\"150\" height=\"150\" src=\"https:\/\/assets-hmi.imgix.net\/uploads\/2024\/05\/Ellipse-2.png?auto=format%2Ccompress&amp;ixlib=php-3.3.0\" class=\"attachment-large size-large wp-image-183\" alt=\"\" \/>\t\t\t\t\t\t\t\t\t\t\t\t\t\t\t<\/div>\n\t\t\t\t<\/div>\n\t\t\t\t<div class=\"elementor-element elementor-element-7e09c9ab elementor-widget__width-initial elementor-widget elementor-widget-text-editor\" data-id=\"7e09c9ab\" data-element_type=\"widget\" data-widget_type=\"text-editor.default\">\n\t\t\t\t<div class=\"elementor-widget-container\">\n\t\t\t\t\t\t\t\t\t<p>Servicio M\u00e9dico a d\u00f3nde est\u00e9s<\/p>\t\t\t\t\t\t\t\t<\/div>\n\t\t\t\t<\/div>\n\t\t\t\t\t<\/div>\n\t\t\t\t<\/div>\n\t\t<div class=\"elementor-element elementor-element-7e80bd5c elementor-hidden-desktop elementor-hidden-tablet elementor-hidden-mobile e-flex e-con-boxed e-con e-child\" data-id=\"7e80bd5c\" data-element_type=\"container\">\n\t\t\t\t\t<div class=\"e-con-inner\">\n\t\t\t\t<div class=\"elementor-element elementor-element-1879bfe3 elementor-widget elementor-widget-image\" data-id=\"1879bfe3\" data-element_type=\"widget\" data-widget_type=\"image.default\">\n\t\t\t\t<div class=\"elementor-widget-container\">\n\t\t\t\t\t\t\t\t\t\t\t\t\t\t\t<img loading=\"lazy\" decoding=\"async\" width=\"150\" height=\"150\" src=\"https:\/\/assets-hmi.imgix.net\/uploads\/2024\/05\/Ellipse-2.png?auto=format%2Ccompress&amp;ixlib=php-3.3.0\" class=\"attachment-large size-large wp-image-183\" alt=\"\" \/>\t\t\t\t\t\t\t\t\t\t\t\t\t\t\t<\/div>\n\t\t\t\t<\/div>\n\t\t\t\t<div class=\"elementor-element elementor-element-2421edbf elementor-widget__width-initial elementor-widget elementor-widget-text-editor\" data-id=\"2421edbf\" data-element_type=\"widget\" data-widget_type=\"text-editor.default\">\n\t\t\t\t<div class=\"elementor-widget-container\">\n\t\t\t\t\t\t\t\t\t<p>Segunda opini\u00f3n m\u00e9dica<\/p>\t\t\t\t\t\t\t\t<\/div>\n\t\t\t\t<\/div>\n\t\t\t\t\t<\/div>\n\t\t\t\t<\/div>\n\t\t\t\t\t<\/div>\n\t\t\t\t<\/div>\n\t\t\t\t<\/div>\n\t\t\t\t<\/div>\n\t\t\t\t<\/div>","protected":false},"excerpt":{"rendered":"<p>HM Nou Delfos The new HM NOU\u00a0Delfos is a\u00a0comprehensive medical-surgical center\u00a0equipped\u00a0with the latest technology\u00a0and with a wide portfolio of services that make it one of the leading private hospitals in Barcelona and Catalonia. Recently, the historic Delfos Clinic has completed 50 years of experience and has new teams of first-line professionals, becoming part of the [&hellip;]<\/p>","protected":false},"author":8,"featured_media":0,"parent":0,"menu_order":0,"comment_status":"closed","ping_status":"closed","template":"","meta":{"footnotes":""},"class_list":["post-3847","page","type-page","status-publish","hentry"],"_links":{"self":[{"href":"https:\/\/hmi-test.ezenit.link\/es\/wp-json\/wp\/v2\/pages\/3847","targetHints":{"allow":["GET"]}}],"collection":[{"href":"https:\/\/hmi-test.ezenit.link\/es\/wp-json\/wp\/v2\/pages"}],"about":[{"href":"https:\/\/hmi-test.ezenit.link\/es\/wp-json\/wp\/v2\/types\/page"}],"author":[{"embeddable":true,"href":"https:\/\/hmi-test.ezenit.link\/es\/wp-json\/wp\/v2\/users\/8"}],"replies":[{"embeddable":true,"href":"https:\/\/hmi-test.ezenit.link\/es\/wp-json\/wp\/v2\/comments?post=3847"}],"version-history":[{"count":25,"href":"https:\/\/hmi-test.ezenit.link\/es\/wp-json\/wp\/v2\/pages\/3847\/revisions"}],"predecessor-version":[{"id":3986,"href":"https:\/\/hmi-test.ezenit.link\/es\/wp-json\/wp\/v2\/pages\/3847\/revisions\/3986"}],"wp:attachment":[{"href":"https:\/\/hmi-test.ezenit.link\/es\/wp-json\/wp\/v2\/media?parent=3847"}],"curies":[{"name":"wp","href":"https:\/\/api.w.org\/{rel}","templated":true}]}}