{"id":3860,"date":"2024-07-18T00:17:11","date_gmt":"2024-07-17T22:17:11","guid":{"rendered":"https:\/\/hmi-test.ezenit.link\/?page_id=3860"},"modified":"2024-07-18T10:41:53","modified_gmt":"2024-07-18T08:41:53","slug":"hm-nens","status":"publish","type":"page","link":"https:\/\/hmi-test.ezenit.link\/es\/hm-nens\/","title":{"rendered":"HM Nens"},"content":{"rendered":"<style>.elementor-3860 .elementor-element.elementor-element-2c3b82ca{--display:flex;--flex-direction:row;--container-widget-width:initial;--container-widget-height:100%;--container-widget-flex-grow:1;--container-widget-align-self:stretch;--flex-wrap-mobile:wrap;--gap:0px 0px;--row-gap:0px;--column-gap:0px;--margin-top:0px;--margin-bottom:140px;--margin-left:0px;--margin-right:0px;}.elementor-3860 .elementor-element.elementor-element-2c3b82ca.e-con{--flex-grow:0;--flex-shrink:0;}.elementor-3860 .elementor-element.elementor-element-596b1237{--display:flex;--justify-content:flex-start;--align-items:flex-start;--container-widget-width:calc( ( 1 - var( --container-widget-flex-grow ) ) * 100% );--margin-top:0px;--margin-bottom:0px;--margin-left:0px;--margin-right:0px;--padding-top:0px;--padding-bottom:0px;--padding-left:0px;--padding-right:0px;}.elementor-widget-image .widget-image-caption{color:var( --e-global-color-text );font-family:var( --e-global-typography-text-font-family ), Sans-serif;font-weight:var( --e-global-typography-text-font-weight );}.elementor-3860 .elementor-element.elementor-element-28a06d38 img{border-radius:10px 10px 10px 10px;}.elementor-3860 .elementor-element.elementor-element-672bd4ba{--display:flex;--flex-direction:column;--container-widget-width:calc( ( 1 - var( --container-widget-flex-grow ) ) * 100% );--container-widget-height:initial;--container-widget-flex-grow:0;--container-widget-align-self:initial;--flex-wrap-mobile:wrap;--justify-content:center;--align-items:flex-start;--gap:0px 53px;--row-gap:0px;--column-gap:53px;--margin-top:0px;--margin-bottom:0px;--margin-left:0px;--margin-right:0px;--padding-top:0px;--padding-bottom:0px;--padding-left:0px;--padding-right:0px;}.elementor-3860 .elementor-element.elementor-element-672bd4ba.e-con{--align-self:center;}.elementor-3860 .elementor-element.elementor-element-722fcad9{--display:flex;--flex-direction:row;--container-widget-width:initial;--container-widget-height:100%;--container-widget-flex-grow:1;--container-widget-align-self:stretch;--flex-wrap-mobile:wrap;--gap:0px 0px;--row-gap:0px;--column-gap:0px;}.elementor-3860 .elementor-element.elementor-element-6ece2b1a{--display:flex;--justify-content:center;--align-items:center;--container-widget-width:calc( ( 1 - var( --container-widget-flex-grow ) ) * 100% );--margin-top:0px;--margin-bottom:0px;--margin-left:0px;--margin-right:0px;--padding-top:0px;--padding-bottom:0px;--padding-left:0px;--padding-right:0px;}.elementor-3860 .elementor-element.elementor-element-2e700724 > .elementor-widget-container{margin:0px 0px 0px 0px;padding:0px 0px 0px 0px;}.elementor-3860 .elementor-element.elementor-element-2e700724.elementor-element{--align-self:flex-end;--order:-99999 \/* order start hack *\/;}.elementor-3860 .elementor-element.elementor-element-228c03a{--display:flex;--margin-top:0px;--margin-bottom:0px;--margin-left:0px;--margin-right:0px;--padding-top:0px;--padding-bottom:0px;--padding-left:0px;--padding-right:0px;}.elementor-3860 .elementor-element.elementor-element-65eae1cc > .elementor-widget-container{padding:020px 0px 0px 010px;}.elementor-3860 .elementor-element.elementor-element-65eae1cc.elementor-element{--align-self:flex-start;}.elementor-3860 .elementor-element.elementor-element-65eae1cc{text-align:center;}.elementor-3860 .elementor-element.elementor-element-314b72d5{--display:flex;--padding-top:25px;--padding-bottom:0px;--padding-left:70px;--padding-right:70px;}.elementor-3860 .elementor-element.elementor-element-63bd6bf{--display:flex;--flex-direction:column;--container-widget-width:calc( ( 1 - var( --container-widget-flex-grow ) ) * 100% );--container-widget-height:initial;--container-widget-flex-grow:0;--container-widget-align-self:initial;--flex-wrap-mobile:wrap;--justify-content:center;--align-items:flex-start;--gap:0px 53px;--row-gap:0px;--column-gap:53px;--margin-top:0px;--margin-bottom:0px;--margin-left:0px;--margin-right:0px;--padding-top:0px;--padding-bottom:0px;--padding-left:0px;--padding-right:0px;}.elementor-3860 .elementor-element.elementor-element-63bd6bf.e-con{--align-self:center;}.elementor-widget-heading .elementor-heading-title{font-family:var( --e-global-typography-primary-font-family ), Sans-serif;font-weight:var( --e-global-typography-primary-font-weight );color:var( --e-global-color-primary );}.elementor-3860 .elementor-element.elementor-element-2ffd77ee{width:100%;max-width:100%;text-align:left;}.elementor-3860 .elementor-element.elementor-element-2ffd77ee > .elementor-widget-container{margin:-28px 0px 0px 0px;}.elementor-3860 .elementor-element.elementor-element-2ffd77ee .elementor-heading-title{font-family:\"Glaw\", Sans-serif;font-size:35px;font-weight:700;color:#243072;}.elementor-widget-text-editor{font-family:var( --e-global-typography-text-font-family ), Sans-serif;font-weight:var( --e-global-typography-text-font-weight );color:var( --e-global-color-text );}.elementor-widget-text-editor.elementor-drop-cap-view-stacked .elementor-drop-cap{background-color:var( --e-global-color-primary );}.elementor-widget-text-editor.elementor-drop-cap-view-framed .elementor-drop-cap, .elementor-widget-text-editor.elementor-drop-cap-view-default .elementor-drop-cap{color:var( --e-global-color-primary );border-color:var( --e-global-color-primary );}.elementor-3860 .elementor-element.elementor-element-533bf895{width:var( --container-widget-width, 100% );max-width:100%;--container-widget-width:100%;--container-widget-flex-grow:0;font-family:\"Glaw\", Sans-serif;font-weight:400;line-height:20px;color:#243072;}.elementor-3860 .elementor-element.elementor-element-533bf895 > .elementor-widget-container{margin:16px 110px -20px 0px;padding:0px 0px 0px 0px;}.elementor-3860 .elementor-element.elementor-element-533bf895.elementor-element{--align-self:flex-start;}.elementor-3860 .elementor-element.elementor-element-4dfdd433{--display:grid;--e-con-grid-template-columns:repeat(3, 1fr);--e-con-grid-template-rows:repeat(1, 1fr);--gap:0px 10px;--row-gap:0px;--column-gap:10px;--grid-auto-flow:row;--margin-top:0px;--margin-bottom:0px;--margin-left:0px;--margin-right:0px;--padding-top:0px;--padding-bottom:0px;--padding-left:0px;--padding-right:0px;}.elementor-3860 .elementor-element.elementor-element-28ef3b05{--display:flex;--gap:20px 20px;--row-gap:20px;--column-gap:20px;}.elementor-3860 .elementor-element.elementor-element-15fa2c7b img{width:124px;height:124px;object-fit:cover;object-position:center center;border-radius:62px 62px 62px 62px;}.elementor-3860 .elementor-element.elementor-element-6e47c6c0{text-align:center;font-family:\"Glaw\", Sans-serif;font-size:16px;font-weight:500;color:#243072;}.elementor-3860 .elementor-element.elementor-element-2b51a51a{--display:flex;--align-items:center;--container-widget-width:calc( ( 1 - var( --container-widget-flex-grow ) ) * 100% );}.elementor-3860 .elementor-element.elementor-element-54d89705 img{width:124px;height:124px;object-fit:cover;object-position:center center;}.elementor-3860 .elementor-element.elementor-element-1a62ca9b{width:var( --container-widget-width, 82% );max-width:82%;--container-widget-width:82%;--container-widget-flex-grow:0;text-align:center;font-family:\"Glaw\", Sans-serif;font-size:16px;font-weight:500;color:#243072;}.elementor-3860 .elementor-element.elementor-element-657d6347{--display:flex;--align-items:center;--container-widget-width:calc( ( 1 - var( --container-widget-flex-grow ) ) * 100% );}.elementor-3860 .elementor-element.elementor-element-ba09d3f img{width:124px;height:124px;object-fit:cover;object-position:center center;}.elementor-3860 .elementor-element.elementor-element-7377d12a{width:var( --container-widget-width, 82% );max-width:82%;--container-widget-width:82%;--container-widget-flex-grow:0;text-align:center;font-family:\"Glaw\", Sans-serif;font-size:16px;font-weight:500;color:#243072;}@media(max-width:1024px){.elementor-3860 .elementor-element.elementor-element-4dfdd433{--grid-auto-flow:row;}}@media(min-width:768px){.elementor-3860 .elementor-element.elementor-element-2c3b82ca{--width:98.376%;}.elementor-3860 .elementor-element.elementor-element-596b1237{--width:35%;}.elementor-3860 .elementor-element.elementor-element-672bd4ba{--content-width:100%;}.elementor-3860 .elementor-element.elementor-element-722fcad9{--width:100%;}.elementor-3860 .elementor-element.elementor-element-314b72d5{--width:65%;}.elementor-3860 .elementor-element.elementor-element-63bd6bf{--width:100%;}.elementor-3860 .elementor-element.elementor-element-4dfdd433{--content-width:100%;}}@media(max-width:767px){.elementor-3860 .elementor-element.elementor-element-2c3b82ca{--width:100%;--gap:0px 0px;--row-gap:0px;--column-gap:0px;--padding-top:0px;--padding-bottom:0px;--padding-left:25px;--padding-right:25px;}.elementor-3860 .elementor-element.elementor-element-596b1237{--width:100%;--gap:020px 0px;--row-gap:020px;--column-gap:0px;--margin-top:0px;--margin-bottom:0px;--margin-left:0px;--margin-right:0px;--padding-top:0px;--padding-bottom:30px;--padding-left:0px;--padding-right:0px;}.elementor-3860 .elementor-element.elementor-element-672bd4ba{--flex-direction:column;--container-widget-width:calc( ( 1 - var( --container-widget-flex-grow ) ) * 100% );--container-widget-height:initial;--container-widget-flex-grow:0;--container-widget-align-self:initial;--flex-wrap-mobile:wrap;--justify-content:center;--align-items:center;--gap:20px 20px;--row-gap:20px;--column-gap:20px;--margin-top:0px;--margin-bottom:0px;--margin-left:0px;--margin-right:0px;}.elementor-3860 .elementor-element.elementor-element-2e700724.elementor-element{--align-self:center;}.elementor-3860 .elementor-element.elementor-element-228c03a{--margin-top:-16px;--margin-bottom:0px;--margin-left:32px;--margin-right:0px;}.elementor-3860 .elementor-element.elementor-element-65eae1cc.elementor-element{--align-self:center;}.elementor-3860 .elementor-element.elementor-element-314b72d5{--width:100%;--gap:40px 0px;--row-gap:40px;--column-gap:0px;--margin-top:0px;--margin-bottom:0px;--margin-left:0px;--margin-right:0px;--padding-top:0px;--padding-bottom:0px;--padding-left:0px;--padding-right:0px;}.elementor-3860 .elementor-element.elementor-element-63bd6bf{--flex-direction:column;--container-widget-width:calc( ( 1 - var( --container-widget-flex-grow ) ) * 100% );--container-widget-height:initial;--container-widget-flex-grow:0;--container-widget-align-self:initial;--flex-wrap-mobile:wrap;--justify-content:center;--align-items:center;--gap:20px 20px;--row-gap:20px;--column-gap:20px;--margin-top:0px;--margin-bottom:0px;--margin-left:0px;--margin-right:0px;}.elementor-3860 .elementor-element.elementor-element-533bf895 > .elementor-widget-container{margin:0px 0px 0px 0px;}.elementor-3860 .elementor-element.elementor-element-4dfdd433{--e-con-grid-template-columns:repeat(3, 1fr);--grid-auto-flow:column;--justify-items:center;--align-items:start;--margin-top:0px;--margin-bottom:0px;--margin-left:0px;--margin-right:0px;--padding-top:0px;--padding-bottom:0px;--padding-left:0px;--padding-right:0px;}.elementor-3860 .elementor-element.elementor-element-28ef3b05{--content-width:100%;--gap:10px 0px;--row-gap:10px;--column-gap:0px;--margin-top:0px;--margin-bottom:0px;--margin-left:0px;--margin-right:0px;--padding-top:0px;--padding-bottom:0px;--padding-left:0px;--padding-right:0px;}.elementor-3860 .elementor-element.elementor-element-28ef3b05.e-con{--align-self:flex-start;}.elementor-3860 .elementor-element.elementor-element-15fa2c7b img{width:90px;height:90px;}.elementor-3860 .elementor-element.elementor-element-6e47c6c0{font-size:14px;line-height:1.1em;}.elementor-3860 .elementor-element.elementor-element-2b51a51a{--gap:010px 0px;--row-gap:010px;--column-gap:0px;--margin-top:0px;--margin-bottom:0px;--margin-left:0px;--margin-right:0px;--padding-top:0px;--padding-bottom:0px;--padding-left:0px;--padding-right:0px;}.elementor-3860 .elementor-element.elementor-element-54d89705 img{width:90px;height:90px;}.elementor-3860 .elementor-element.elementor-element-1a62ca9b{font-size:14px;line-height:1.1em;}.elementor-3860 .elementor-element.elementor-element-657d6347{--gap:010px 0px;--row-gap:010px;--column-gap:0px;--margin-top:0px;--margin-bottom:0px;--margin-left:0px;--margin-right:0px;--padding-top:0px;--padding-bottom:0px;--padding-left:0px;--padding-right:0px;}.elementor-3860 .elementor-element.elementor-element-ba09d3f img{width:90px;height:90px;}.elementor-3860 .elementor-element.elementor-element-7377d12a{font-size:14px;line-height:1.1em;}}\/* Start Custom Fonts CSS *\/@font-face {\n\tfont-family: 'Glaw';\n\tfont-style: normal;\n\tfont-weight: normal;\n\tfont-display: auto;\n\tsrc: url('https:\/\/hmi-test.ezenit.link\/wp-content\/uploads\/2024\/05\/glaw.ttf') format('truetype');\n}\n@font-face {\n\tfont-family: 'Glaw';\n\tfont-style: italic;\n\tfont-weight: normal;\n\tfont-display: auto;\n\tsrc: url('https:\/\/hmi-test.ezenit.link\/wp-content\/uploads\/2024\/05\/glawi.ttf') format('truetype');\n}\n@font-face {\n\tfont-family: 'Glaw';\n\tfont-style: normal;\n\tfont-weight: bold;\n\tfont-display: auto;\n\tsrc: url('https:\/\/hmi-test.ezenit.link\/wp-content\/uploads\/2024\/05\/glawb.ttf') format('truetype');\n}\n@font-face {\n\tfont-family: 'Glaw';\n\tfont-style: italic;\n\tfont-weight: bold;\n\tfont-display: auto;\n\tsrc: url('https:\/\/hmi-test.ezenit.link\/wp-content\/uploads\/2024\/05\/glawbi.ttf') format('truetype');\n}\n@font-face {\n\tfont-family: 'Glaw';\n\tfont-style: normal;\n\tfont-weight: 900;\n\tfont-display: auto;\n\tsrc: url('https:\/\/hmi-test.ezenit.link\/wp-content\/uploads\/2024\/05\/glawh.ttf') format('truetype');\n}\n@font-face {\n\tfont-family: 'Glaw';\n\tfont-style: italic;\n\tfont-weight: 900;\n\tfont-display: auto;\n\tsrc: url('https:\/\/hmi-test.ezenit.link\/wp-content\/uploads\/2024\/05\/glawhi.ttf') format('truetype');\n}\n@font-face {\n\tfont-family: 'Glaw';\n\tfont-style: normal;\n\tfont-weight: 100;\n\tfont-display: auto;\n\tsrc: url('https:\/\/hmi-test.ezenit.link\/wp-content\/uploads\/2024\/05\/glawl.ttf') format('truetype');\n}\n@font-face {\n\tfont-family: 'Glaw';\n\tfont-style: italic;\n\tfont-weight: 100;\n\tfont-display: auto;\n\tsrc: url('https:\/\/hmi-test.ezenit.link\/wp-content\/uploads\/2024\/05\/glawli.ttf') format('truetype');\n}\n\/* End Custom Fonts CSS *\/<\/style>\t\t<div data-elementor-type=\"wp-page\" data-elementor-id=\"3860\" class=\"elementor elementor-3860\" data-elementor-post-type=\"page\">\n\t\t\t\t<div class=\"elementor-element elementor-element-2c3b82ca e-con-full e-flex e-con e-parent\" data-id=\"2c3b82ca\" data-element_type=\"container\">\n\t\t<div class=\"elementor-element elementor-element-596b1237 e-con-full e-flex e-con e-child\" data-id=\"596b1237\" data-element_type=\"container\">\n\t\t\t\t<div class=\"elementor-element elementor-element-28a06d38 elementor-widget elementor-widget-image\" data-id=\"28a06d38\" data-element_type=\"widget\" data-widget_type=\"image.default\">\n\t\t\t\t<div class=\"elementor-widget-container\">\n\t\t\t\t\t\t\t\t\t\t\t\t\t\t\t<img fetchpriority=\"high\" decoding=\"async\" width=\"2560\" height=\"1707\" src=\"https:\/\/assets-hmi.imgix.net\/uploads\/2024\/07\/HM-NENS-15-04-2021.-Photography-Alvaro-Laforer-%C2%A9-36-scaled.jpg?auto=format%2Ccompress&amp;ixlib=php-3.3.0\" class=\"attachment-full size-full wp-image-3990\" alt=\"\" \/>\t\t\t\t\t\t\t\t\t\t\t\t\t\t\t<\/div>\n\t\t\t\t<\/div>\n\t\t<div class=\"elementor-element elementor-element-672bd4ba e-flex e-con-boxed e-con e-child\" data-id=\"672bd4ba\" data-element_type=\"container\">\n\t\t\t\t\t<div class=\"e-con-inner\">\n\t\t<div class=\"elementor-element elementor-element-722fcad9 e-con-full e-flex e-con e-child\" data-id=\"722fcad9\" data-element_type=\"container\">\n\t\t<div class=\"elementor-element elementor-element-6ece2b1a e-flex e-con-boxed e-con e-child\" data-id=\"6ece2b1a\" data-element_type=\"container\">\n\t\t\t\t\t<div class=\"e-con-inner\">\n\t\t\t\t<div class=\"elementor-element elementor-element-2e700724 elementor-widget elementor-widget-image\" data-id=\"2e700724\" data-element_type=\"widget\" data-widget_type=\"image.default\">\n\t\t\t\t<div class=\"elementor-widget-container\">\n\t\t\t\t\t\t\t\t\t\t\t\t\t\t\t<img decoding=\"async\" width=\"364\" height=\"308\" src=\"https:\/\/assets-hmi.imgix.net\/uploads\/2024\/07\/HM-CINAC-15.png?auto=format%2Ccompress&amp;ixlib=php-3.3.0\" class=\"attachment-large size-large wp-image-3853\" alt=\"\" srcset=\"https:\/\/assets-hmi.imgix.net\/uploads\/2024\/07\/HM-CINAC-15.png?auto=format%2Ccompress&amp;ixlib=php-3.3.0&amp;w=364 364w, https:\/\/assets-hmi.imgix.net\/uploads\/2024\/07\/HM-CINAC-15.png?auto=format%2Ccompress&amp;fit=crop&amp;h=254&amp;ixlib=php-3.3.0&amp;w=300 300w, https:\/\/assets-hmi.imgix.net\/uploads\/2024\/07\/HM-CINAC-15.png?auto=format%2Ccompress&amp;fit=crop&amp;h=12&amp;ixlib=php-3.3.0&amp;w=14 14w\" sizes=\"(max-width: 364px) 100vw, 364px\" \/>\t\t\t\t\t\t\t\t\t\t\t\t\t\t\t<\/div>\n\t\t\t\t<\/div>\n\t\t\t\t\t<\/div>\n\t\t\t\t<\/div>\n\t\t<div class=\"elementor-element elementor-element-228c03a e-flex e-con-boxed e-con e-child\" data-id=\"228c03a\" data-element_type=\"container\">\n\t\t\t\t\t<div class=\"e-con-inner\">\n\t\t\t\t<div class=\"elementor-element elementor-element-65eae1cc elementor-widget elementor-widget-image\" data-id=\"65eae1cc\" data-element_type=\"widget\" data-widget_type=\"image.default\">\n\t\t\t\t<div class=\"elementor-widget-container\">\n\t\t\t\t\t\t\t\t\t\t\t\t\t\t\t<img decoding=\"async\" width=\"289\" height=\"47\" src=\"https:\/\/assets-hmi.imgix.net\/uploads\/2024\/07\/HM-CINAC-16.png?auto=format%2Ccompress&amp;ixlib=php-3.3.0\" class=\"attachment-large size-large wp-image-3869\" alt=\"\" srcset=\"https:\/\/assets-hmi.imgix.net\/uploads\/2024\/07\/HM-CINAC-16.png?auto=format%2Ccompress&amp;ixlib=php-3.3.0&amp;w=289 289w, https:\/\/assets-hmi.imgix.net\/uploads\/2024\/07\/HM-CINAC-16.png?auto=format%2Ccompress&amp;fit=crop&amp;h=3&amp;ixlib=php-3.3.0&amp;w=18 18w\" sizes=\"(max-width: 289px) 100vw, 289px\" \/>\t\t\t\t\t\t\t\t\t\t\t\t\t\t\t<\/div>\n\t\t\t\t<\/div>\n\t\t\t\t\t<\/div>\n\t\t\t\t<\/div>\n\t\t\t\t<\/div>\n\t\t\t\t\t<\/div>\n\t\t\t\t<\/div>\n\t\t\t\t<\/div>\n\t\t<div class=\"elementor-element elementor-element-314b72d5 e-con-full e-flex e-con e-child\" data-id=\"314b72d5\" data-element_type=\"container\">\n\t\t<div class=\"elementor-element elementor-element-63bd6bf e-con-full e-flex e-con e-child\" data-id=\"63bd6bf\" data-element_type=\"container\">\n\t\t\t\t<div class=\"elementor-element elementor-element-2ffd77ee elementor-widget__width-inherit elementor-widget elementor-widget-heading\" data-id=\"2ffd77ee\" data-element_type=\"widget\" data-widget_type=\"heading.default\">\n\t\t\t\t<div class=\"elementor-widget-container\">\n\t\t\t\t\t<h2 class=\"elementor-heading-title elementor-size-default\">HM Nens<\/h2>\t\t\t\t<\/div>\n\t\t\t\t<\/div>\n\t\t\t\t<div class=\"elementor-element elementor-element-533bf895 elementor-widget__width-initial elementor-widget elementor-widget-text-editor\" data-id=\"533bf895\" data-element_type=\"widget\" data-widget_type=\"text-editor.default\">\n\t\t\t\t<div class=\"elementor-widget-container\">\n\t\t\t\t\t\t\t\t\t<p>El 15 de mayo de 1886, el Dr. Francisco Vidal Solares y Sor Mercedes Viza, hermana de la Sociedad de Hijas de la Caridad de San Vicente de Pa\u00fal, decidieron crear un peque\u00f1o dispensario para ayudar a los ni\u00f1os desnutridos. En apenas 4 a\u00f1os, el proyecto creci\u00f3 tanto que en mayo de 1890 se inaugur\u00f3 el Hospital de Ni\u00f1os Pobres de Barcelona, \u200b\u200bel primer centro de estas caracter\u00edsticas abierto en Catalu\u00f1a y el segundo de toda Espa\u00f1a. As\u00ed comenz\u00f3 una gran historia de caridad y, sobre todo, de ayuda a los ni\u00f1os y a los m\u00e1s necesitados. DeDesde el primer d\u00eda, el Hospital se especializ\u00f3 en resolver los trastornos nutricionales de los lactantes, especialmente en aquellos casos en los que hab\u00eda falta de leche materna. La ca\u00edda de la leche Uno de los problemas de salud m\u00e1s graves de finales del siglo XIX fue la desnutrici\u00f3n y la excesiva mortalidad infantil que conllevaba. Para combatirlo se crearon las llamadas \"Gotas de Leche\", organizaciones ben\u00e9ficas en las que se ofrec\u00eda leche artificial a ni\u00f1os pobres, que no pod\u00edan ser amamantados por sus madres.<\/p><p>En el centro, adem\u00e1s de promover la lactancia materna y asesorar a las madres sobre la crianza de los hijos, se recogi\u00f3 leche de donantes y se distribuy\u00f3 entre los ni\u00f1os necesitados, quienes recibieron una canasta con los biberones necesarios para 24 horas. Pero la leche de vaca tambi\u00e9n fue tratada para higienizar y amamantar, haci\u00e9ndola apta para el consumo de los ni\u00f1os m\u00e1s peque\u00f1os.<\/p><p>La alta calidad profesional con la que se trataba a los beb\u00e9s y los modernos m\u00e9todos utilizados por el Hospital para cuidarlos hicieron que pronto fuera reconocido como pionero en Europa de la introducci\u00f3n higi\u00e9nica en la nutrici\u00f3n infantil.<\/p><p>HM Delfos es un hospital de referencia en la sanidad privada de Catalu\u00f1a, donde ofrecemos el mejor servicio de atenci\u00f3n a nuestros pacientes aportando soluciones a sus necesidades m\u00e9dicas.<\/p><p>En HM Delfos contamos con nuevos equipos de profesionales, de la m\u00e1s alta tecnolog\u00eda y con af\u00e1n de progreso continuo que nos permite aplicar los \u00faltimos avances de la medicina para superar todos nuestros retos.Gracias a todos los profesionales que hacen posible nuestro compromiso.<\/p><p>El pasado mes de abril de 2019, HM Hospitales anunci\u00f3 la adquisici\u00f3n de m\u00e1s del 75% de las acciones de la hist\u00f3rica Cl\u00ednica Sant Jordi de Barcelona.<\/p>\t\t\t\t\t\t\t\t<\/div>\n\t\t\t\t<\/div>\n\t\t\t\t<\/div>\n\t\t<div class=\"elementor-element elementor-element-4dfdd433 e-grid e-con-boxed e-con e-child\" data-id=\"4dfdd433\" data-element_type=\"container\">\n\t\t\t\t\t<div class=\"e-con-inner\">\n\t\t<div class=\"elementor-element elementor-element-28ef3b05 elementor-hidden-desktop elementor-hidden-tablet elementor-hidden-mobile e-flex e-con-boxed e-con e-child\" data-id=\"28ef3b05\" data-element_type=\"container\">\n\t\t\t\t\t<div class=\"e-con-inner\">\n\t\t\t\t<div class=\"elementor-element elementor-element-15fa2c7b elementor-widget elementor-widget-image\" data-id=\"15fa2c7b\" data-element_type=\"widget\" data-widget_type=\"image.default\">\n\t\t\t\t<div class=\"elementor-widget-container\">\n\t\t\t\t\t\t\t\t\t\t\t\t\t\t\t<img loading=\"lazy\" decoding=\"async\" width=\"150\" height=\"150\" src=\"https:\/\/assets-hmi.imgix.net\/uploads\/2024\/05\/Ellipse-2.png?auto=format%2Ccompress&amp;ixlib=php-3.3.0\" class=\"attachment-large size-large wp-image-183\" alt=\"\" \/>\t\t\t\t\t\t\t\t\t\t\t\t\t\t\t<\/div>\n\t\t\t\t<\/div>\n\t\t\t\t<div class=\"elementor-element elementor-element-6e47c6c0 elementor-widget elementor-widget-text-editor\" data-id=\"6e47c6c0\" data-element_type=\"widget\" data-widget_type=\"text-editor.default\">\n\t\t\t\t<div class=\"elementor-widget-container\">\n\t\t\t\t\t\t\t\t\t<p>Asistencia m\u00e9dica personalizada<\/p>\t\t\t\t\t\t\t\t<\/div>\n\t\t\t\t<\/div>\n\t\t\t\t\t<\/div>\n\t\t\t\t<\/div>\n\t\t<div class=\"elementor-element elementor-element-2b51a51a elementor-hidden-desktop elementor-hidden-tablet elementor-hidden-mobile e-flex e-con-boxed e-con e-child\" data-id=\"2b51a51a\" data-element_type=\"container\">\n\t\t\t\t\t<div class=\"e-con-inner\">\n\t\t\t\t<div class=\"elementor-element elementor-element-54d89705 elementor-widget elementor-widget-image\" data-id=\"54d89705\" data-element_type=\"widget\" data-widget_type=\"image.default\">\n\t\t\t\t<div class=\"elementor-widget-container\">\n\t\t\t\t\t\t\t\t\t\t\t\t\t\t\t<img loading=\"lazy\" decoding=\"async\" width=\"150\" height=\"150\" src=\"https:\/\/assets-hmi.imgix.net\/uploads\/2024\/05\/Ellipse-2.png?auto=format%2Ccompress&amp;ixlib=php-3.3.0\" class=\"attachment-large size-large wp-image-183\" alt=\"\" \/>\t\t\t\t\t\t\t\t\t\t\t\t\t\t\t<\/div>\n\t\t\t\t<\/div>\n\t\t\t\t<div class=\"elementor-element elementor-element-1a62ca9b elementor-widget__width-initial elementor-widget elementor-widget-text-editor\" data-id=\"1a62ca9b\" data-element_type=\"widget\" data-widget_type=\"text-editor.default\">\n\t\t\t\t<div class=\"elementor-widget-container\">\n\t\t\t\t\t\t\t\t\t<p>Servicio M\u00e9dico a d\u00f3nde est\u00e9s<\/p>\t\t\t\t\t\t\t\t<\/div>\n\t\t\t\t<\/div>\n\t\t\t\t\t<\/div>\n\t\t\t\t<\/div>\n\t\t<div class=\"elementor-element elementor-element-657d6347 elementor-hidden-desktop elementor-hidden-tablet elementor-hidden-mobile e-flex e-con-boxed e-con e-child\" data-id=\"657d6347\" data-element_type=\"container\">\n\t\t\t\t\t<div class=\"e-con-inner\">\n\t\t\t\t<div class=\"elementor-element elementor-element-ba09d3f elementor-widget elementor-widget-image\" data-id=\"ba09d3f\" data-element_type=\"widget\" data-widget_type=\"image.default\">\n\t\t\t\t<div class=\"elementor-widget-container\">\n\t\t\t\t\t\t\t\t\t\t\t\t\t\t\t<img loading=\"lazy\" decoding=\"async\" width=\"150\" height=\"150\" src=\"https:\/\/assets-hmi.imgix.net\/uploads\/2024\/05\/Ellipse-2.png?auto=format%2Ccompress&amp;ixlib=php-3.3.0\" class=\"attachment-large size-large wp-image-183\" alt=\"\" \/>\t\t\t\t\t\t\t\t\t\t\t\t\t\t\t<\/div>\n\t\t\t\t<\/div>\n\t\t\t\t<div class=\"elementor-element elementor-element-7377d12a elementor-widget__width-initial elementor-widget elementor-widget-text-editor\" data-id=\"7377d12a\" data-element_type=\"widget\" data-widget_type=\"text-editor.default\">\n\t\t\t\t<div class=\"elementor-widget-container\">\n\t\t\t\t\t\t\t\t\t<p>Segunda opini\u00f3n m\u00e9dica<\/p>\t\t\t\t\t\t\t\t<\/div>\n\t\t\t\t<\/div>\n\t\t\t\t\t<\/div>\n\t\t\t\t<\/div>\n\t\t\t\t\t<\/div>\n\t\t\t\t<\/div>\n\t\t\t\t<\/div>\n\t\t\t\t<\/div>\n\t\t\t\t<\/div>","protected":false},"excerpt":{"rendered":"<p>HM Nens On May 15, 1886, Dr. Francisco Vidal Solares and Sister Mercedes Viza, sister of the Society of Daughters of Charity of San Vicente de Paul, decided to create a small dispensary to help children with malnutrition. In just 4 years, the project grew so much that in May 1890 the Hospital for Poor [&hellip;]<\/p>","protected":false},"author":8,"featured_media":0,"parent":0,"menu_order":0,"comment_status":"closed","ping_status":"closed","template":"","meta":{"footnotes":""},"class_list":["post-3860","page","type-page","status-publish","hentry"],"_links":{"self":[{"href":"https:\/\/hmi-test.ezenit.link\/es\/wp-json\/wp\/v2\/pages\/3860","targetHints":{"allow":["GET"]}}],"collection":[{"href":"https:\/\/hmi-test.ezenit.link\/es\/wp-json\/wp\/v2\/pages"}],"about":[{"href":"https:\/\/hmi-test.ezenit.link\/es\/wp-json\/wp\/v2\/types\/page"}],"author":[{"embeddable":true,"href":"https:\/\/hmi-test.ezenit.link\/es\/wp-json\/wp\/v2\/users\/8"}],"replies":[{"embeddable":true,"href":"https:\/\/hmi-test.ezenit.link\/es\/wp-json\/wp\/v2\/comments?post=3860"}],"version-history":[{"count":16,"href":"https:\/\/hmi-test.ezenit.link\/es\/wp-json\/wp\/v2\/pages\/3860\/revisions"}],"predecessor-version":[{"id":3993,"href":"https:\/\/hmi-test.ezenit.link\/es\/wp-json\/wp\/v2\/pages\/3860\/revisions\/3993"}],"wp:attachment":[{"href":"https:\/\/hmi-test.ezenit.link\/es\/wp-json\/wp\/v2\/media?parent=3860"}],"curies":[{"name":"wp","href":"https:\/\/api.w.org\/{rel}","templated":true}]}}