{"id":3951,"date":"2024-07-18T00:56:54","date_gmt":"2024-07-17T22:56:54","guid":{"rendered":"https:\/\/hmi-test.ezenit.link\/?page_id=3951"},"modified":"2024-07-18T10:53:52","modified_gmt":"2024-07-18T08:53:52","slug":"hm-rosaleda","status":"publish","type":"page","link":"https:\/\/hmi-test.ezenit.link\/es\/hm-rosaleda\/","title":{"rendered":"HM Rosaleda"},"content":{"rendered":"<style>.elementor-3951 .elementor-element.elementor-element-7124d0e5{--display:flex;--flex-direction:row;--container-widget-width:initial;--container-widget-height:100%;--container-widget-flex-grow:1;--container-widget-align-self:stretch;--flex-wrap-mobile:wrap;--gap:0px 0px;--row-gap:0px;--column-gap:0px;--margin-top:0px;--margin-bottom:140px;--margin-left:0px;--margin-right:0px;}.elementor-3951 .elementor-element.elementor-element-7124d0e5.e-con{--flex-grow:0;--flex-shrink:0;}.elementor-3951 .elementor-element.elementor-element-2125df31{--display:flex;--justify-content:flex-start;--align-items:flex-start;--container-widget-width:calc( ( 1 - var( --container-widget-flex-grow ) ) * 100% );--margin-top:0px;--margin-bottom:0px;--margin-left:0px;--margin-right:0px;--padding-top:0px;--padding-bottom:0px;--padding-left:0px;--padding-right:0px;}.elementor-widget-image .widget-image-caption{color:var( --e-global-color-text );font-family:var( --e-global-typography-text-font-family ), Sans-serif;font-weight:var( --e-global-typography-text-font-weight );}.elementor-3951 .elementor-element.elementor-element-2e8eb9a3 img{border-radius:10px 10px 10px 10px;}.elementor-3951 .elementor-element.elementor-element-852678b{--display:flex;--flex-direction:column;--container-widget-width:calc( ( 1 - var( --container-widget-flex-grow ) ) * 100% );--container-widget-height:initial;--container-widget-flex-grow:0;--container-widget-align-self:initial;--flex-wrap-mobile:wrap;--justify-content:center;--align-items:flex-start;--gap:0px 53px;--row-gap:0px;--column-gap:53px;--margin-top:0px;--margin-bottom:0px;--margin-left:0px;--margin-right:0px;--padding-top:0px;--padding-bottom:0px;--padding-left:0px;--padding-right:0px;}.elementor-3951 .elementor-element.elementor-element-852678b.e-con{--align-self:center;}.elementor-3951 .elementor-element.elementor-element-7a7cf1e2{--display:flex;--flex-direction:row;--container-widget-width:initial;--container-widget-height:100%;--container-widget-flex-grow:1;--container-widget-align-self:stretch;--flex-wrap-mobile:wrap;--gap:0px 0px;--row-gap:0px;--column-gap:0px;}.elementor-3951 .elementor-element.elementor-element-3cfb4cd3{--display:flex;--justify-content:center;--align-items:center;--container-widget-width:calc( ( 1 - var( --container-widget-flex-grow ) ) * 100% );--margin-top:0px;--margin-bottom:0px;--margin-left:0px;--margin-right:0px;--padding-top:0px;--padding-bottom:0px;--padding-left:0px;--padding-right:0px;}.elementor-3951 .elementor-element.elementor-element-5aa47d1 > .elementor-widget-container{margin:0px 0px 0px 0px;padding:0px 0px 0px 0px;}.elementor-3951 .elementor-element.elementor-element-5aa47d1.elementor-element{--align-self:flex-end;--order:-99999 \/* order start hack *\/;}.elementor-3951 .elementor-element.elementor-element-5dc3b7d3{--display:flex;--margin-top:0px;--margin-bottom:0px;--margin-left:0px;--margin-right:0px;--padding-top:0px;--padding-bottom:0px;--padding-left:0px;--padding-right:0px;}.elementor-3951 .elementor-element.elementor-element-661dc0f9 > .elementor-widget-container{padding:020px 0px 0px 010px;}.elementor-3951 .elementor-element.elementor-element-661dc0f9.elementor-element{--align-self:flex-start;}.elementor-3951 .elementor-element.elementor-element-661dc0f9{text-align:center;}.elementor-3951 .elementor-element.elementor-element-590a8f38{--display:flex;--padding-top:25px;--padding-bottom:0px;--padding-left:70px;--padding-right:70px;}.elementor-3951 .elementor-element.elementor-element-1c0f6c4a{--display:flex;--flex-direction:column;--container-widget-width:calc( ( 1 - var( --container-widget-flex-grow ) ) * 100% );--container-widget-height:initial;--container-widget-flex-grow:0;--container-widget-align-self:initial;--flex-wrap-mobile:wrap;--justify-content:center;--align-items:flex-start;--gap:0px 53px;--row-gap:0px;--column-gap:53px;--margin-top:0px;--margin-bottom:0px;--margin-left:0px;--margin-right:0px;--padding-top:0px;--padding-bottom:0px;--padding-left:0px;--padding-right:0px;}.elementor-3951 .elementor-element.elementor-element-1c0f6c4a.e-con{--align-self:center;}.elementor-widget-heading .elementor-heading-title{font-family:var( --e-global-typography-primary-font-family ), Sans-serif;font-weight:var( --e-global-typography-primary-font-weight );color:var( --e-global-color-primary );}.elementor-3951 .elementor-element.elementor-element-2c6d1001{width:100%;max-width:100%;text-align:left;}.elementor-3951 .elementor-element.elementor-element-2c6d1001 > .elementor-widget-container{margin:-28px 0px 0px 0px;}.elementor-3951 .elementor-element.elementor-element-2c6d1001 .elementor-heading-title{font-family:\"Glaw\", Sans-serif;font-size:35px;font-weight:700;color:#243072;}.elementor-widget-text-editor{font-family:var( --e-global-typography-text-font-family ), Sans-serif;font-weight:var( --e-global-typography-text-font-weight );color:var( --e-global-color-text );}.elementor-widget-text-editor.elementor-drop-cap-view-stacked .elementor-drop-cap{background-color:var( --e-global-color-primary );}.elementor-widget-text-editor.elementor-drop-cap-view-framed .elementor-drop-cap, .elementor-widget-text-editor.elementor-drop-cap-view-default .elementor-drop-cap{color:var( --e-global-color-primary );border-color:var( --e-global-color-primary );}.elementor-3951 .elementor-element.elementor-element-12c343f8{width:var( --container-widget-width, 100% );max-width:100%;--container-widget-width:100%;--container-widget-flex-grow:0;font-family:\"Glaw\", Sans-serif;font-weight:400;line-height:20px;color:#243072;}.elementor-3951 .elementor-element.elementor-element-12c343f8 > .elementor-widget-container{margin:16px 110px -20px 0px;padding:0px 0px 0px 0px;}.elementor-3951 .elementor-element.elementor-element-12c343f8.elementor-element{--align-self:flex-start;}.elementor-3951 .elementor-element.elementor-element-33c3e5c5{--display:grid;--e-con-grid-template-columns:repeat(3, 1fr);--e-con-grid-template-rows:repeat(1, 1fr);--gap:0px 10px;--row-gap:0px;--column-gap:10px;--grid-auto-flow:row;--margin-top:0px;--margin-bottom:0px;--margin-left:0px;--margin-right:0px;--padding-top:0px;--padding-bottom:0px;--padding-left:0px;--padding-right:0px;}.elementor-3951 .elementor-element.elementor-element-5796723d{--display:flex;--gap:20px 20px;--row-gap:20px;--column-gap:20px;}.elementor-3951 .elementor-element.elementor-element-19a03b0b img{width:124px;height:124px;object-fit:cover;object-position:center center;border-radius:62px 62px 62px 62px;}.elementor-3951 .elementor-element.elementor-element-6eb32998{text-align:center;font-family:\"Glaw\", Sans-serif;font-size:16px;font-weight:500;color:#243072;}.elementor-3951 .elementor-element.elementor-element-9353bfa{--display:flex;--align-items:center;--container-widget-width:calc( ( 1 - var( --container-widget-flex-grow ) ) * 100% );}.elementor-3951 .elementor-element.elementor-element-3fa4705f img{width:124px;height:124px;object-fit:cover;object-position:center center;}.elementor-3951 .elementor-element.elementor-element-7fa369f3{width:var( --container-widget-width, 82% );max-width:82%;--container-widget-width:82%;--container-widget-flex-grow:0;text-align:center;font-family:\"Glaw\", Sans-serif;font-size:16px;font-weight:500;color:#243072;}.elementor-3951 .elementor-element.elementor-element-4412eb9{--display:flex;--align-items:center;--container-widget-width:calc( ( 1 - var( --container-widget-flex-grow ) ) * 100% );}.elementor-3951 .elementor-element.elementor-element-710344d img{width:124px;height:124px;object-fit:cover;object-position:center center;}.elementor-3951 .elementor-element.elementor-element-5589bb81{width:var( --container-widget-width, 82% );max-width:82%;--container-widget-width:82%;--container-widget-flex-grow:0;text-align:center;font-family:\"Glaw\", Sans-serif;font-size:16px;font-weight:500;color:#243072;}@media(max-width:1024px){.elementor-3951 .elementor-element.elementor-element-33c3e5c5{--grid-auto-flow:row;}}@media(min-width:768px){.elementor-3951 .elementor-element.elementor-element-7124d0e5{--width:98.376%;}.elementor-3951 .elementor-element.elementor-element-2125df31{--width:35%;}.elementor-3951 .elementor-element.elementor-element-852678b{--content-width:100%;}.elementor-3951 .elementor-element.elementor-element-7a7cf1e2{--width:100%;}.elementor-3951 .elementor-element.elementor-element-590a8f38{--width:65%;}.elementor-3951 .elementor-element.elementor-element-1c0f6c4a{--width:100%;}.elementor-3951 .elementor-element.elementor-element-33c3e5c5{--content-width:100%;}}@media(max-width:767px){.elementor-3951 .elementor-element.elementor-element-7124d0e5{--width:100%;--gap:0px 0px;--row-gap:0px;--column-gap:0px;--padding-top:0px;--padding-bottom:0px;--padding-left:25px;--padding-right:25px;}.elementor-3951 .elementor-element.elementor-element-2125df31{--width:100%;--gap:020px 0px;--row-gap:020px;--column-gap:0px;--margin-top:0px;--margin-bottom:0px;--margin-left:0px;--margin-right:0px;--padding-top:0px;--padding-bottom:30px;--padding-left:0px;--padding-right:0px;}.elementor-3951 .elementor-element.elementor-element-852678b{--flex-direction:column;--container-widget-width:calc( ( 1 - var( --container-widget-flex-grow ) ) * 100% );--container-widget-height:initial;--container-widget-flex-grow:0;--container-widget-align-self:initial;--flex-wrap-mobile:wrap;--justify-content:center;--align-items:center;--gap:20px 20px;--row-gap:20px;--column-gap:20px;--margin-top:0px;--margin-bottom:0px;--margin-left:0px;--margin-right:0px;}.elementor-3951 .elementor-element.elementor-element-5aa47d1.elementor-element{--align-self:center;}.elementor-3951 .elementor-element.elementor-element-5dc3b7d3{--margin-top:-16px;--margin-bottom:0px;--margin-left:32px;--margin-right:0px;}.elementor-3951 .elementor-element.elementor-element-661dc0f9.elementor-element{--align-self:center;}.elementor-3951 .elementor-element.elementor-element-590a8f38{--width:100%;--gap:40px 0px;--row-gap:40px;--column-gap:0px;--margin-top:0px;--margin-bottom:0px;--margin-left:0px;--margin-right:0px;--padding-top:0px;--padding-bottom:0px;--padding-left:0px;--padding-right:0px;}.elementor-3951 .elementor-element.elementor-element-1c0f6c4a{--flex-direction:column;--container-widget-width:calc( ( 1 - var( --container-widget-flex-grow ) ) * 100% );--container-widget-height:initial;--container-widget-flex-grow:0;--container-widget-align-self:initial;--flex-wrap-mobile:wrap;--justify-content:center;--align-items:center;--gap:20px 20px;--row-gap:20px;--column-gap:20px;--margin-top:0px;--margin-bottom:0px;--margin-left:0px;--margin-right:0px;}.elementor-3951 .elementor-element.elementor-element-12c343f8 > .elementor-widget-container{margin:0px 0px 0px 0px;}.elementor-3951 .elementor-element.elementor-element-33c3e5c5{--e-con-grid-template-columns:repeat(3, 1fr);--grid-auto-flow:column;--justify-items:center;--align-items:start;--margin-top:0px;--margin-bottom:0px;--margin-left:0px;--margin-right:0px;--padding-top:0px;--padding-bottom:0px;--padding-left:0px;--padding-right:0px;}.elementor-3951 .elementor-element.elementor-element-5796723d{--content-width:100%;--gap:10px 0px;--row-gap:10px;--column-gap:0px;--margin-top:0px;--margin-bottom:0px;--margin-left:0px;--margin-right:0px;--padding-top:0px;--padding-bottom:0px;--padding-left:0px;--padding-right:0px;}.elementor-3951 .elementor-element.elementor-element-5796723d.e-con{--align-self:flex-start;}.elementor-3951 .elementor-element.elementor-element-19a03b0b img{width:90px;height:90px;}.elementor-3951 .elementor-element.elementor-element-6eb32998{font-size:14px;line-height:1.1em;}.elementor-3951 .elementor-element.elementor-element-9353bfa{--gap:010px 0px;--row-gap:010px;--column-gap:0px;--margin-top:0px;--margin-bottom:0px;--margin-left:0px;--margin-right:0px;--padding-top:0px;--padding-bottom:0px;--padding-left:0px;--padding-right:0px;}.elementor-3951 .elementor-element.elementor-element-3fa4705f img{width:90px;height:90px;}.elementor-3951 .elementor-element.elementor-element-7fa369f3{font-size:14px;line-height:1.1em;}.elementor-3951 .elementor-element.elementor-element-4412eb9{--gap:010px 0px;--row-gap:010px;--column-gap:0px;--margin-top:0px;--margin-bottom:0px;--margin-left:0px;--margin-right:0px;--padding-top:0px;--padding-bottom:0px;--padding-left:0px;--padding-right:0px;}.elementor-3951 .elementor-element.elementor-element-710344d img{width:90px;height:90px;}.elementor-3951 .elementor-element.elementor-element-5589bb81{font-size:14px;line-height:1.1em;}}\/* Start Custom Fonts CSS *\/@font-face {\n\tfont-family: 'Glaw';\n\tfont-style: normal;\n\tfont-weight: normal;\n\tfont-display: auto;\n\tsrc: url('https:\/\/hmi-test.ezenit.link\/wp-content\/uploads\/2024\/05\/glaw.ttf') format('truetype');\n}\n@font-face {\n\tfont-family: 'Glaw';\n\tfont-style: italic;\n\tfont-weight: normal;\n\tfont-display: auto;\n\tsrc: url('https:\/\/hmi-test.ezenit.link\/wp-content\/uploads\/2024\/05\/glawi.ttf') format('truetype');\n}\n@font-face {\n\tfont-family: 'Glaw';\n\tfont-style: normal;\n\tfont-weight: bold;\n\tfont-display: auto;\n\tsrc: url('https:\/\/hmi-test.ezenit.link\/wp-content\/uploads\/2024\/05\/glawb.ttf') format('truetype');\n}\n@font-face {\n\tfont-family: 'Glaw';\n\tfont-style: italic;\n\tfont-weight: bold;\n\tfont-display: auto;\n\tsrc: url('https:\/\/hmi-test.ezenit.link\/wp-content\/uploads\/2024\/05\/glawbi.ttf') format('truetype');\n}\n@font-face {\n\tfont-family: 'Glaw';\n\tfont-style: normal;\n\tfont-weight: 900;\n\tfont-display: auto;\n\tsrc: url('https:\/\/hmi-test.ezenit.link\/wp-content\/uploads\/2024\/05\/glawh.ttf') format('truetype');\n}\n@font-face {\n\tfont-family: 'Glaw';\n\tfont-style: italic;\n\tfont-weight: 900;\n\tfont-display: auto;\n\tsrc: url('https:\/\/hmi-test.ezenit.link\/wp-content\/uploads\/2024\/05\/glawhi.ttf') format('truetype');\n}\n@font-face {\n\tfont-family: 'Glaw';\n\tfont-style: normal;\n\tfont-weight: 100;\n\tfont-display: auto;\n\tsrc: url('https:\/\/hmi-test.ezenit.link\/wp-content\/uploads\/2024\/05\/glawl.ttf') format('truetype');\n}\n@font-face {\n\tfont-family: 'Glaw';\n\tfont-style: italic;\n\tfont-weight: 100;\n\tfont-display: auto;\n\tsrc: url('https:\/\/hmi-test.ezenit.link\/wp-content\/uploads\/2024\/05\/glawli.ttf') format('truetype');\n}\n\/* End Custom Fonts CSS *\/<\/style>\t\t<div data-elementor-type=\"wp-page\" data-elementor-id=\"3951\" class=\"elementor elementor-3951\" data-elementor-post-type=\"page\">\n\t\t\t\t<div class=\"elementor-element elementor-element-7124d0e5 e-con-full e-flex e-con e-parent\" data-id=\"7124d0e5\" data-element_type=\"container\">\n\t\t<div class=\"elementor-element elementor-element-2125df31 e-con-full e-flex e-con e-child\" data-id=\"2125df31\" data-element_type=\"container\">\n\t\t\t\t<div class=\"elementor-element elementor-element-2e8eb9a3 elementor-widget elementor-widget-image\" data-id=\"2e8eb9a3\" data-element_type=\"widget\" data-widget_type=\"image.default\">\n\t\t\t\t<div class=\"elementor-widget-container\">\n\t\t\t\t\t\t\t\t\t\t\t\t\t\t\t<img fetchpriority=\"high\" decoding=\"async\" width=\"2048\" height=\"1365\" src=\"https:\/\/assets-hmi.imgix.net\/uploads\/2024\/06\/HM-ROSALEDA_17-08-22_-2.jpg?auto=format%2Ccompress&amp;ixlib=php-3.3.0\" class=\"attachment-full size-full wp-image-2059\" alt=\"\" srcset=\"https:\/\/assets-hmi.imgix.net\/uploads\/2024\/06\/HM-ROSALEDA_17-08-22_-2.jpg?auto=format%2Ccompress&amp;ixlib=php-3.3.0&amp;w=2048 2048w, https:\/\/assets-hmi.imgix.net\/uploads\/2024\/06\/HM-ROSALEDA_17-08-22_-2.jpg?auto=format%2Ccompress&amp;fit=crop&amp;h=200&amp;ixlib=php-3.3.0&amp;w=300 300w, https:\/\/assets-hmi.imgix.net\/uploads\/2024\/06\/HM-ROSALEDA_17-08-22_-2.jpg?auto=format%2Ccompress&amp;fit=crop&amp;h=683&amp;ixlib=php-3.3.0&amp;w=1024 1024w, https:\/\/assets-hmi.imgix.net\/uploads\/2024\/06\/HM-ROSALEDA_17-08-22_-2.jpg?auto=format%2Ccompress&amp;fit=crop&amp;h=512&amp;ixlib=php-3.3.0&amp;w=768 768w, https:\/\/assets-hmi.imgix.net\/uploads\/2024\/06\/HM-ROSALEDA_17-08-22_-2.jpg?auto=format%2Ccompress&amp;fit=crop&amp;h=1024&amp;ixlib=php-3.3.0&amp;w=1536 1536w, https:\/\/assets-hmi.imgix.net\/uploads\/2024\/06\/HM-ROSALEDA_17-08-22_-2.jpg?auto=format%2Ccompress&amp;fit=crop&amp;h=12&amp;ixlib=php-3.3.0&amp;w=18 18w\" sizes=\"(max-width: 2048px) 100vw, 2048px\" \/>\t\t\t\t\t\t\t\t\t\t\t\t\t\t\t<\/div>\n\t\t\t\t<\/div>\n\t\t<div class=\"elementor-element elementor-element-852678b e-flex e-con-boxed e-con e-child\" data-id=\"852678b\" data-element_type=\"container\">\n\t\t\t\t\t<div class=\"e-con-inner\">\n\t\t<div class=\"elementor-element elementor-element-7a7cf1e2 e-con-full e-flex e-con e-child\" data-id=\"7a7cf1e2\" data-element_type=\"container\">\n\t\t<div class=\"elementor-element elementor-element-3cfb4cd3 e-flex e-con-boxed e-con e-child\" data-id=\"3cfb4cd3\" data-element_type=\"container\">\n\t\t\t\t\t<div class=\"e-con-inner\">\n\t\t\t\t<div class=\"elementor-element elementor-element-5aa47d1 elementor-widget elementor-widget-image\" data-id=\"5aa47d1\" data-element_type=\"widget\" data-widget_type=\"image.default\">\n\t\t\t\t<div class=\"elementor-widget-container\">\n\t\t\t\t\t\t\t\t\t\t\t\t\t\t\t<img decoding=\"async\" width=\"364\" height=\"339\" src=\"https:\/\/assets-hmi.imgix.net\/uploads\/2024\/07\/HM-CINAC-18.png?auto=format%2Ccompress&amp;ixlib=php-3.3.0\" class=\"attachment-large size-large wp-image-3922\" alt=\"\" srcset=\"https:\/\/assets-hmi.imgix.net\/uploads\/2024\/07\/HM-CINAC-18.png?auto=format%2Ccompress&amp;ixlib=php-3.3.0&amp;w=364 364w, https:\/\/assets-hmi.imgix.net\/uploads\/2024\/07\/HM-CINAC-18.png?auto=format%2Ccompress&amp;fit=crop&amp;h=279&amp;ixlib=php-3.3.0&amp;w=300 300w, https:\/\/assets-hmi.imgix.net\/uploads\/2024\/07\/HM-CINAC-18.png?auto=format%2Ccompress&amp;fit=crop&amp;h=12&amp;ixlib=php-3.3.0&amp;w=13 13w\" sizes=\"(max-width: 364px) 100vw, 364px\" \/>\t\t\t\t\t\t\t\t\t\t\t\t\t\t\t<\/div>\n\t\t\t\t<\/div>\n\t\t\t\t\t<\/div>\n\t\t\t\t<\/div>\n\t\t<div class=\"elementor-element elementor-element-5dc3b7d3 e-flex e-con-boxed e-con e-child\" data-id=\"5dc3b7d3\" data-element_type=\"container\">\n\t\t\t\t\t<div class=\"e-con-inner\">\n\t\t\t\t<div class=\"elementor-element elementor-element-661dc0f9 elementor-widget elementor-widget-image\" data-id=\"661dc0f9\" data-element_type=\"widget\" data-widget_type=\"image.default\">\n\t\t\t\t<div class=\"elementor-widget-container\">\n\t\t\t\t\t\t\t\t\t\t\t\t\t\t\t<img decoding=\"async\" width=\"289\" height=\"47\" src=\"https:\/\/assets-hmi.imgix.net\/uploads\/2024\/07\/HM-CINAC-22.png?auto=format%2Ccompress&amp;ixlib=php-3.3.0\" class=\"attachment-large size-large wp-image-3953\" alt=\"\" srcset=\"https:\/\/assets-hmi.imgix.net\/uploads\/2024\/07\/HM-CINAC-22.png?auto=format%2Ccompress&amp;ixlib=php-3.3.0&amp;w=289 289w, https:\/\/assets-hmi.imgix.net\/uploads\/2024\/07\/HM-CINAC-22.png?auto=format%2Ccompress&amp;fit=crop&amp;h=3&amp;ixlib=php-3.3.0&amp;w=18 18w\" sizes=\"(max-width: 289px) 100vw, 289px\" \/>\t\t\t\t\t\t\t\t\t\t\t\t\t\t\t<\/div>\n\t\t\t\t<\/div>\n\t\t\t\t\t<\/div>\n\t\t\t\t<\/div>\n\t\t\t\t<\/div>\n\t\t\t\t\t<\/div>\n\t\t\t\t<\/div>\n\t\t\t\t<\/div>\n\t\t<div class=\"elementor-element elementor-element-590a8f38 e-con-full e-flex e-con e-child\" data-id=\"590a8f38\" data-element_type=\"container\">\n\t\t<div class=\"elementor-element elementor-element-1c0f6c4a e-con-full e-flex e-con e-child\" data-id=\"1c0f6c4a\" data-element_type=\"container\">\n\t\t\t\t<div class=\"elementor-element elementor-element-2c6d1001 elementor-widget__width-inherit elementor-widget elementor-widget-heading\" data-id=\"2c6d1001\" data-element_type=\"widget\" data-widget_type=\"heading.default\">\n\t\t\t\t<div class=\"elementor-widget-container\">\n\t\t\t\t\t<h2 class=\"elementor-heading-title elementor-size-default\">HM Rosaleda<\/h2>\t\t\t\t<\/div>\n\t\t\t\t<\/div>\n\t\t\t\t<div class=\"elementor-element elementor-element-12c343f8 elementor-widget__width-initial elementor-widget elementor-widget-text-editor\" data-id=\"12c343f8\" data-element_type=\"widget\" data-widget_type=\"text-editor.default\">\n\t\t\t\t<div class=\"elementor-widget-container\">\n\t\t\t\t\t\t\t\t\t<p>HM La Rosaleda es un centro m\u00e9dico quir\u00fargico y maternidad de referencia en Santiago de Compostela. Est\u00e1 situado en pleno centro de la capital gallega y ofrece todas las especialidades m\u00e9dicas en tres edificios y urgencias 24 horas al d\u00eda, 7 d\u00edas a la semana.<\/p>\n<p><b>Instalaciones<\/b><\/p>\n<ul>\n<li>68 camas<\/li>\n<li>5 operating theatres with resuscitation and&nbsp;sterilisation units<\/li>\n<li>6 cabinas de emergencia<\/li>\n<li>Laboratorio de An\u00e1lisis Cl\u00ednicos<\/li>\n<li>2 esc\u00e1neres de resonancia magn\u00e9tica cerrados de 1,5 T<\/li>\n<li>Esc\u00e1ner TAC de 64 cortes<\/li>\n<li>Ultrasonido<\/li>\n<li>Unidad Madre y Beb\u00e9 con 10 habitaciones individuales&nbsp;<span style=\"text-align: var(--text-align);\">sala de partos, sala de ces\u00e1reas y&nbsp;<\/span><span style=\"text-align: var(--text-align);\">reanimaci\u00f3n neonatal<\/span><\/li>\n<li>Unidad Gastrointestinal, sala de endoscopia<\/li>\n<\/ul>\t\t\t\t\t\t\t\t<\/div>\n\t\t\t\t<\/div>\n\t\t\t\t<\/div>\n\t\t<div class=\"elementor-element elementor-element-33c3e5c5 e-grid e-con-boxed e-con e-child\" data-id=\"33c3e5c5\" data-element_type=\"container\">\n\t\t\t\t\t<div class=\"e-con-inner\">\n\t\t<div class=\"elementor-element elementor-element-5796723d elementor-hidden-desktop elementor-hidden-tablet elementor-hidden-mobile e-flex e-con-boxed e-con e-child\" data-id=\"5796723d\" data-element_type=\"container\">\n\t\t\t\t\t<div class=\"e-con-inner\">\n\t\t\t\t<div class=\"elementor-element elementor-element-19a03b0b elementor-widget elementor-widget-image\" data-id=\"19a03b0b\" data-element_type=\"widget\" data-widget_type=\"image.default\">\n\t\t\t\t<div class=\"elementor-widget-container\">\n\t\t\t\t\t\t\t\t\t\t\t\t\t\t\t<img loading=\"lazy\" decoding=\"async\" width=\"150\" height=\"150\" src=\"https:\/\/assets-hmi.imgix.net\/uploads\/2024\/05\/Ellipse-2.png?auto=format%2Ccompress&amp;ixlib=php-3.3.0\" class=\"attachment-large size-large wp-image-183\" alt=\"\" \/>\t\t\t\t\t\t\t\t\t\t\t\t\t\t\t<\/div>\n\t\t\t\t<\/div>\n\t\t\t\t<div class=\"elementor-element elementor-element-6eb32998 elementor-widget elementor-widget-text-editor\" data-id=\"6eb32998\" data-element_type=\"widget\" data-widget_type=\"text-editor.default\">\n\t\t\t\t<div class=\"elementor-widget-container\">\n\t\t\t\t\t\t\t\t\t<p>Asistencia m\u00e9dica personalizada<\/p>\t\t\t\t\t\t\t\t<\/div>\n\t\t\t\t<\/div>\n\t\t\t\t\t<\/div>\n\t\t\t\t<\/div>\n\t\t<div class=\"elementor-element elementor-element-9353bfa elementor-hidden-desktop elementor-hidden-tablet elementor-hidden-mobile e-flex e-con-boxed e-con e-child\" data-id=\"9353bfa\" data-element_type=\"container\">\n\t\t\t\t\t<div class=\"e-con-inner\">\n\t\t\t\t<div class=\"elementor-element elementor-element-3fa4705f elementor-widget elementor-widget-image\" data-id=\"3fa4705f\" data-element_type=\"widget\" data-widget_type=\"image.default\">\n\t\t\t\t<div class=\"elementor-widget-container\">\n\t\t\t\t\t\t\t\t\t\t\t\t\t\t\t<img loading=\"lazy\" decoding=\"async\" width=\"150\" height=\"150\" src=\"https:\/\/assets-hmi.imgix.net\/uploads\/2024\/05\/Ellipse-2.png?auto=format%2Ccompress&amp;ixlib=php-3.3.0\" class=\"attachment-large size-large wp-image-183\" alt=\"\" \/>\t\t\t\t\t\t\t\t\t\t\t\t\t\t\t<\/div>\n\t\t\t\t<\/div>\n\t\t\t\t<div class=\"elementor-element elementor-element-7fa369f3 elementor-widget__width-initial elementor-widget elementor-widget-text-editor\" data-id=\"7fa369f3\" data-element_type=\"widget\" data-widget_type=\"text-editor.default\">\n\t\t\t\t<div class=\"elementor-widget-container\">\n\t\t\t\t\t\t\t\t\t<p>Servicio M\u00e9dico a d\u00f3nde est\u00e9s<\/p>\t\t\t\t\t\t\t\t<\/div>\n\t\t\t\t<\/div>\n\t\t\t\t\t<\/div>\n\t\t\t\t<\/div>\n\t\t<div class=\"elementor-element elementor-element-4412eb9 elementor-hidden-desktop elementor-hidden-tablet elementor-hidden-mobile e-flex e-con-boxed e-con e-child\" data-id=\"4412eb9\" data-element_type=\"container\">\n\t\t\t\t\t<div class=\"e-con-inner\">\n\t\t\t\t<div class=\"elementor-element elementor-element-710344d elementor-widget elementor-widget-image\" data-id=\"710344d\" data-element_type=\"widget\" data-widget_type=\"image.default\">\n\t\t\t\t<div class=\"elementor-widget-container\">\n\t\t\t\t\t\t\t\t\t\t\t\t\t\t\t<img loading=\"lazy\" decoding=\"async\" width=\"150\" height=\"150\" src=\"https:\/\/assets-hmi.imgix.net\/uploads\/2024\/05\/Ellipse-2.png?auto=format%2Ccompress&amp;ixlib=php-3.3.0\" class=\"attachment-large size-large wp-image-183\" alt=\"\" \/>\t\t\t\t\t\t\t\t\t\t\t\t\t\t\t<\/div>\n\t\t\t\t<\/div>\n\t\t\t\t<div class=\"elementor-element elementor-element-5589bb81 elementor-widget__width-initial elementor-widget elementor-widget-text-editor\" data-id=\"5589bb81\" data-element_type=\"widget\" data-widget_type=\"text-editor.default\">\n\t\t\t\t<div class=\"elementor-widget-container\">\n\t\t\t\t\t\t\t\t\t<p>Segunda opini\u00f3n m\u00e9dica<\/p>\t\t\t\t\t\t\t\t<\/div>\n\t\t\t\t<\/div>\n\t\t\t\t\t<\/div>\n\t\t\t\t<\/div>\n\t\t\t\t\t<\/div>\n\t\t\t\t<\/div>\n\t\t\t\t<\/div>\n\t\t\t\t<\/div>\n\t\t\t\t<\/div>","protected":false},"excerpt":{"rendered":"<p>HM Rosaleda HM La Rosaleda is a leading medical and surgical centre and maternity clinic in Santiago de Compostela. It is situated in the heart of the Galician capital and it offers all medical specialties in three buildings and ER 24\/7. Facilities 68 beds 5 operating theatres with resuscitation and&nbsp;sterilisation units 6 emergency cubicles Clinical [&hellip;]<\/p>","protected":false},"author":8,"featured_media":0,"parent":0,"menu_order":0,"comment_status":"closed","ping_status":"closed","template":"","meta":{"footnotes":""},"class_list":["post-3951","page","type-page","status-publish","hentry"],"_links":{"self":[{"href":"https:\/\/hmi-test.ezenit.link\/es\/wp-json\/wp\/v2\/pages\/3951","targetHints":{"allow":["GET"]}}],"collection":[{"href":"https:\/\/hmi-test.ezenit.link\/es\/wp-json\/wp\/v2\/pages"}],"about":[{"href":"https:\/\/hmi-test.ezenit.link\/es\/wp-json\/wp\/v2\/types\/page"}],"author":[{"embeddable":true,"href":"https:\/\/hmi-test.ezenit.link\/es\/wp-json\/wp\/v2\/users\/8"}],"replies":[{"embeddable":true,"href":"https:\/\/hmi-test.ezenit.link\/es\/wp-json\/wp\/v2\/comments?post=3951"}],"version-history":[{"count":16,"href":"https:\/\/hmi-test.ezenit.link\/es\/wp-json\/wp\/v2\/pages\/3951\/revisions"}],"predecessor-version":[{"id":4008,"href":"https:\/\/hmi-test.ezenit.link\/es\/wp-json\/wp\/v2\/pages\/3951\/revisions\/4008"}],"wp:attachment":[{"href":"https:\/\/hmi-test.ezenit.link\/es\/wp-json\/wp\/v2\/media?parent=3951"}],"curies":[{"name":"wp","href":"https:\/\/api.w.org\/{rel}","templated":true}]}}