{"id":4174,"date":"2024-07-18T14:29:52","date_gmt":"2024-07-18T12:29:52","guid":{"rendered":"https:\/\/hmi-test.ezenit.link\/?page_id=4174"},"modified":"2024-07-18T14:44:38","modified_gmt":"2024-07-18T12:44:38","slug":"insurance-coordination","status":"publish","type":"page","link":"https:\/\/hmi-test.ezenit.link\/es\/insurance-coordination\/","title":{"rendered":"Insurance coordination"},"content":{"rendered":"<style>.elementor-4174 .elementor-element.elementor-element-224806be{--display:flex;--flex-direction:column;--container-widget-width:100%;--container-widget-height:initial;--container-widget-flex-grow:0;--container-widget-align-self:initial;--flex-wrap-mobile:wrap;--gap:60px 60px;--row-gap:60px;--column-gap:60px;}.elementor-widget-image .widget-image-caption{color:var( --e-global-color-text );font-family:var( --e-global-typography-text-font-family ), Sans-serif;font-weight:var( --e-global-typography-text-font-weight );}.elementor-4174 .elementor-element.elementor-element-52faf6ff img{width:100%;height:400px;object-fit:cover;object-position:center center;border-radius:10px 10px 10px 10px;}.elementor-4174 .elementor-element.elementor-element-763711c2{--display:flex;--flex-direction:column;--container-widget-width:100%;--container-widget-height:initial;--container-widget-flex-grow:0;--container-widget-align-self:initial;--flex-wrap-mobile:wrap;--gap:20px 20px;--row-gap:20px;--column-gap:20px;}.elementor-widget-heading .elementor-heading-title{font-family:var( --e-global-typography-primary-font-family ), Sans-serif;font-weight:var( --e-global-typography-primary-font-weight );color:var( --e-global-color-primary );}.elementor-4174 .elementor-element.elementor-element-3cccd0a3{width:var( --container-widget-width, 50% );max-width:50%;--container-widget-width:50%;--container-widget-flex-grow:0;text-align:center;}.elementor-4174 .elementor-element.elementor-element-3cccd0a3 > .elementor-widget-container{margin:0px 0px 0px 0px;}.elementor-4174 .elementor-element.elementor-element-3cccd0a3.elementor-element{--align-self:center;}.elementor-4174 .elementor-element.elementor-element-3cccd0a3 .elementor-heading-title{font-family:\"Glaw\", Sans-serif;font-size:35px;font-weight:bold;color:#2E297E;}.elementor-4174 .elementor-element.elementor-element-7b5dd778 > .elementor-widget-container{margin:0px 0px 0px 0px;}.elementor-4174 .elementor-element.elementor-element-7b5dd778.elementor-element{--flex-grow:0;--flex-shrink:0;}.elementor-4174 .elementor-element.elementor-element-7b5dd778{text-align:center;}.elementor-4174 .elementor-element.elementor-element-7b5dd778 .elementor-heading-title{font-family:\"Glaw\", Sans-serif;font-size:20px;font-weight:200;color:#2E297E;}.elementor-4174 .elementor-element.elementor-element-488ffb6e{--display:flex;--flex-direction:row;--container-widget-width:initial;--container-widget-height:100%;--container-widget-flex-grow:1;--container-widget-align-self:stretch;--flex-wrap-mobile:wrap;--gap:0px 0px;--row-gap:0px;--column-gap:0px;}.elementor-4174 .elementor-element.elementor-element-7791e017{--display:flex;--justify-content:center;--gap:20px 20px;--row-gap:20px;--column-gap:20px;--margin-top:0px;--margin-bottom:0px;--margin-left:0px;--margin-right:0px;--padding-top:0px;--padding-bottom:0px;--padding-left:44px;--padding-right:0px;}.elementor-4174 .elementor-element.elementor-element-d53ca3c{width:var( --container-widget-width, calc(100% - 81px) );max-width:calc(100% - 81px);--container-widget-width:calc(100% - 81px);--container-widget-flex-grow:0;text-align:left;}.elementor-4174 .elementor-element.elementor-element-d53ca3c > .elementor-widget-container{margin:0px 0px 0px 0px;}.elementor-4174 .elementor-element.elementor-element-d53ca3c .elementor-heading-title{font-family:\"Glaw\", Sans-serif;font-size:35px;font-weight:700;color:#243072;}.elementor-widget-text-editor{font-family:var( --e-global-typography-text-font-family ), Sans-serif;font-weight:var( --e-global-typography-text-font-weight );color:var( --e-global-color-text );}.elementor-widget-text-editor.elementor-drop-cap-view-stacked .elementor-drop-cap{background-color:var( --e-global-color-primary );}.elementor-widget-text-editor.elementor-drop-cap-view-framed .elementor-drop-cap, .elementor-widget-text-editor.elementor-drop-cap-view-default .elementor-drop-cap{color:var( --e-global-color-primary );border-color:var( --e-global-color-primary );}.elementor-4174 .elementor-element.elementor-element-4e7d737b{width:var( --container-widget-width, calc(100% - 81px) );max-width:calc(100% - 81px);--container-widget-width:calc(100% - 81px);--container-widget-flex-grow:0;text-align:left;font-family:\"Raleway\", Sans-serif;font-size:16px;font-weight:400;color:#243072;}.elementor-4174 .elementor-element.elementor-element-4e7d737b > .elementor-widget-container{margin:08px 0px 0px 0px;}.elementor-4174 .elementor-element.elementor-element-1e5d0a77{--display:flex;--gap:0px 0px;--row-gap:0px;--column-gap:0px;--margin-top:0px;--margin-bottom:0px;--margin-left:0px;--margin-right:0px;--padding-top:0px;--padding-bottom:0px;--padding-left:0px;--padding-right:44px;}.elementor-4174 .elementor-element.elementor-element-6b2bb6c5 > .elementor-widget-container{margin:0px 0px 0px 0px;padding:0px 0px 0px 0px;}.elementor-4174 .elementor-element.elementor-element-6b2bb6c5 img{border-radius:10px 10px 10px 10px;}@media(max-width:767px){.elementor-4174 .elementor-element.elementor-element-224806be{--width:90%;--gap:35px 35px;--row-gap:35px;--column-gap:35px;}.elementor-4174 .elementor-element.elementor-element-3cccd0a3{--container-widget-width:100%;--container-widget-flex-grow:0;width:var( --container-widget-width, 100% );max-width:100%;}.elementor-4174 .elementor-element.elementor-element-488ffb6e{--content-width:90%;--flex-direction:column;--container-widget-width:100%;--container-widget-height:initial;--container-widget-flex-grow:0;--container-widget-align-self:initial;--flex-wrap-mobile:wrap;--gap:56px 56px;--row-gap:56px;--column-gap:56px;}.elementor-4174 .elementor-element.elementor-element-7791e017{--gap:20px 20px;--row-gap:20px;--column-gap:20px;--padding-top:0px;--padding-bottom:0px;--padding-left:0px;--padding-right:0px;}.elementor-4174 .elementor-element.elementor-element-d53ca3c > .elementor-widget-container{margin:0px 0px 0px 0px;}.elementor-4174 .elementor-element.elementor-element-d53ca3c{--container-widget-width:100%;--container-widget-flex-grow:0;width:var( --container-widget-width, 100% );max-width:100%;}.elementor-4174 .elementor-element.elementor-element-4e7d737b > .elementor-widget-container{margin:0px 0px 0px 0px;}.elementor-4174 .elementor-element.elementor-element-4e7d737b{--container-widget-width:100%;--container-widget-flex-grow:0;width:var( --container-widget-width, 100% );max-width:100%;}.elementor-4174 .elementor-element.elementor-element-1e5d0a77{--padding-top:0px;--padding-bottom:0px;--padding-left:0px;--padding-right:0px;}.elementor-4174 .elementor-element.elementor-element-6b2bb6c5 > .elementor-widget-container{padding:0px 0px 0px 0px;}}@media(min-width:768px){.elementor-4174 .elementor-element.elementor-element-224806be{--width:90%;}.elementor-4174 .elementor-element.elementor-element-488ffb6e{--content-width:90%;}.elementor-4174 .elementor-element.elementor-element-7791e017{--content-width:100%;}.elementor-4174 .elementor-element.elementor-element-1e5d0a77{--content-width:100%;}}\/* Start Custom Fonts CSS *\/@font-face {\n\tfont-family: 'Glaw';\n\tfont-style: normal;\n\tfont-weight: normal;\n\tfont-display: auto;\n\tsrc: url('https:\/\/hmi-test.ezenit.link\/wp-content\/uploads\/2024\/05\/glaw.ttf') format('truetype');\n}\n@font-face {\n\tfont-family: 'Glaw';\n\tfont-style: italic;\n\tfont-weight: normal;\n\tfont-display: auto;\n\tsrc: url('https:\/\/hmi-test.ezenit.link\/wp-content\/uploads\/2024\/05\/glawi.ttf') format('truetype');\n}\n@font-face {\n\tfont-family: 'Glaw';\n\tfont-style: normal;\n\tfont-weight: bold;\n\tfont-display: auto;\n\tsrc: url('https:\/\/hmi-test.ezenit.link\/wp-content\/uploads\/2024\/05\/glawb.ttf') format('truetype');\n}\n@font-face {\n\tfont-family: 'Glaw';\n\tfont-style: italic;\n\tfont-weight: bold;\n\tfont-display: auto;\n\tsrc: url('https:\/\/hmi-test.ezenit.link\/wp-content\/uploads\/2024\/05\/glawbi.ttf') format('truetype');\n}\n@font-face {\n\tfont-family: 'Glaw';\n\tfont-style: normal;\n\tfont-weight: 900;\n\tfont-display: auto;\n\tsrc: url('https:\/\/hmi-test.ezenit.link\/wp-content\/uploads\/2024\/05\/glawh.ttf') format('truetype');\n}\n@font-face {\n\tfont-family: 'Glaw';\n\tfont-style: italic;\n\tfont-weight: 900;\n\tfont-display: auto;\n\tsrc: url('https:\/\/hmi-test.ezenit.link\/wp-content\/uploads\/2024\/05\/glawhi.ttf') format('truetype');\n}\n@font-face {\n\tfont-family: 'Glaw';\n\tfont-style: normal;\n\tfont-weight: 100;\n\tfont-display: auto;\n\tsrc: url('https:\/\/hmi-test.ezenit.link\/wp-content\/uploads\/2024\/05\/glawl.ttf') format('truetype');\n}\n@font-face {\n\tfont-family: 'Glaw';\n\tfont-style: italic;\n\tfont-weight: 100;\n\tfont-display: auto;\n\tsrc: url('https:\/\/hmi-test.ezenit.link\/wp-content\/uploads\/2024\/05\/glawli.ttf') format('truetype');\n}\n\/* End Custom Fonts CSS *\/<\/style>\t\t<div data-elementor-type=\"wp-page\" data-elementor-id=\"4174\" class=\"elementor elementor-4174\" data-elementor-post-type=\"page\">\n\t\t\t\t<div class=\"elementor-element elementor-element-224806be e-con-full e-flex e-con e-parent\" data-id=\"224806be\" data-element_type=\"container\">\n\t\t\t\t<div class=\"elementor-element elementor-element-52faf6ff elementor-widget elementor-widget-image\" data-id=\"52faf6ff\" data-element_type=\"widget\" data-widget_type=\"image.default\">\n\t\t\t\t<div class=\"elementor-widget-container\">\n\t\t\t\t\t\t\t\t\t\t\t\t\t\t\t<img fetchpriority=\"high\" decoding=\"async\" width=\"1280\" height=\"853\" src=\"https:\/\/assets-hmi.imgix.net\/uploads\/2024\/06\/HM-NOU-DELFOS-PHOTO-ALVARO-LAFORET-%C2%A9-80-en-tamano-grande.jpeg?auto=format%2Ccompress&amp;ixlib=php-3.3.0\" class=\"attachment-full size-full wp-image-1859\" alt=\"\" \/>\t\t\t\t\t\t\t\t\t\t\t\t\t\t\t<\/div>\n\t\t\t\t<\/div>\n\t\t<div class=\"elementor-element elementor-element-763711c2 e-flex e-con-boxed e-con e-child\" data-id=\"763711c2\" data-element_type=\"container\">\n\t\t\t\t\t<div class=\"e-con-inner\">\n\t\t\t\t<div class=\"elementor-element elementor-element-3cccd0a3 elementor-widget__width-initial elementor-widget elementor-widget-heading\" data-id=\"3cccd0a3\" data-element_type=\"widget\" data-widget_type=\"heading.default\">\n\t\t\t\t<div class=\"elementor-widget-container\">\n\t\t\t\t\t<h2 class=\"elementor-heading-title elementor-size-default\">Nosotros nos encargamos de la coordinaci\u00f3n con tu seguro m\u00e9dico, t\u00fa enf\u00f3cate en tu salud.<\/h2>\t\t\t\t<\/div>\n\t\t\t\t<\/div>\n\t\t\t\t<div class=\"elementor-element elementor-element-7b5dd778 elementor-widget elementor-widget-heading\" data-id=\"7b5dd778\" data-element_type=\"widget\" data-widget_type=\"heading.default\">\n\t\t\t\t<div class=\"elementor-widget-container\">\n\t\t\t\t\t<h3 class=\"elementor-heading-title elementor-size-default\">Nuestro Servicio Internacional para Pacientes se encarga de gestionar la documentaci\u00f3n y la coordinaci\u00f3n con tu seguro m\u00e9dico, para que puedas concentrarte en tu salud.<\/h3>\t\t\t\t<\/div>\n\t\t\t\t<\/div>\n\t\t\t\t\t<\/div>\n\t\t\t\t<\/div>\n\t\t\t\t<\/div>\n\t\t<div class=\"elementor-element elementor-element-488ffb6e e-flex e-con-boxed e-con e-parent\" data-id=\"488ffb6e\" data-element_type=\"container\">\n\t\t\t\t\t<div class=\"e-con-inner\">\n\t\t<div class=\"elementor-element elementor-element-7791e017 e-flex e-con-boxed e-con e-child\" data-id=\"7791e017\" data-element_type=\"container\">\n\t\t\t\t\t<div class=\"e-con-inner\">\n\t\t\t\t<div class=\"elementor-element elementor-element-d53ca3c elementor-widget__width-initial elementor-widget elementor-widget-heading\" data-id=\"d53ca3c\" data-element_type=\"widget\" data-widget_type=\"heading.default\">\n\t\t\t\t<div class=\"elementor-widget-container\">\n\t\t\t\t\t<h2 class=\"elementor-heading-title elementor-size-default\">Coordinaci\u00f3n de documentaci\u00f3n y seguros m\u00e9dicos<\/h2>\t\t\t\t<\/div>\n\t\t\t\t<\/div>\n\t\t\t\t<div class=\"elementor-element elementor-element-4e7d737b elementor-widget__width-initial elementor-widget elementor-widget-text-editor\" data-id=\"4e7d737b\" data-element_type=\"widget\" data-widget_type=\"text-editor.default\">\n\t\t\t\t<div class=\"elementor-widget-container\">\n\t\t\t\t\t\t\t\t\t<p>Si viajas a Espa\u00f1a por vacaciones, para trabajar o vivir y necesitas asistencia m\u00e9dica 24\/7 en tu propio idioma, no dudes en contactarnos. Nuestro departamento de Pacientes Internacionales te guiar\u00e1 y asistir\u00e1 en todo el proceso, ayud\u00e1ndote en cada paso para que recibas el mejor tratamiento con los profesionales m\u00e9dicos m\u00e1s especializados.<\/p><p>We will deal directly with your insurance company to make sure it covers all the necessary treatments while you are in Spain. If you don\u2019t have an international insurance please contact us directly to send you a quote of the treatment.<\/p>\t\t\t\t\t\t\t\t<\/div>\n\t\t\t\t<\/div>\n\t\t\t\t\t<\/div>\n\t\t\t\t<\/div>\n\t\t<div class=\"elementor-element elementor-element-1e5d0a77 e-flex e-con-boxed e-con e-child\" data-id=\"1e5d0a77\" data-element_type=\"container\">\n\t\t\t\t\t<div class=\"e-con-inner\">\n\t\t\t\t<div class=\"elementor-element elementor-element-6b2bb6c5 elementor-widget elementor-widget-image\" data-id=\"6b2bb6c5\" data-element_type=\"widget\" data-widget_type=\"image.default\">\n\t\t\t\t<div class=\"elementor-widget-container\">\n\t\t\t\t\t\t\t\t\t\t\t\t\t\t\t<img decoding=\"async\" width=\"800\" height=\"533\" src=\"https:\/\/assets-hmi.imgix.net\/uploads\/2024\/06\/HM-MALAGA-2024-PHOTO-ALVARO-LAFORET_09-05-25-56-en-tamano-grande.jpeg?auto=format%2Ccompress&amp;fit=crop&amp;ixlib=php-3.3.0&amp;max-h=533&amp;max-w=800\" class=\"attachment-large size-large wp-image-1852\" alt=\"\" srcset=\"https:\/\/assets-hmi.imgix.net\/uploads\/2024\/06\/HM-MALAGA-2024-PHOTO-ALVARO-LAFORET_09-05-25-56-en-tamano-grande.jpeg?auto=format%2Ccompress&amp;ixlib=php-3.3.0&amp;w=1280 1280w, https:\/\/assets-hmi.imgix.net\/uploads\/2024\/06\/HM-MALAGA-2024-PHOTO-ALVARO-LAFORET_09-05-25-56-en-tamano-grande.jpeg?auto=format%2Ccompress&amp;fit=crop&amp;h=200&amp;ixlib=php-3.3.0&amp;w=300 300w, https:\/\/assets-hmi.imgix.net\/uploads\/2024\/06\/HM-MALAGA-2024-PHOTO-ALVARO-LAFORET_09-05-25-56-en-tamano-grande.jpeg?auto=format%2Ccompress&amp;fit=crop&amp;h=682&amp;ixlib=php-3.3.0&amp;w=1024 1024w, https:\/\/assets-hmi.imgix.net\/uploads\/2024\/06\/HM-MALAGA-2024-PHOTO-ALVARO-LAFORET_09-05-25-56-en-tamano-grande.jpeg?auto=format%2Ccompress&amp;fit=crop&amp;h=512&amp;ixlib=php-3.3.0&amp;w=768 768w, https:\/\/assets-hmi.imgix.net\/uploads\/2024\/06\/HM-MALAGA-2024-PHOTO-ALVARO-LAFORET_09-05-25-56-en-tamano-grande.jpeg?auto=format%2Ccompress&amp;fit=crop&amp;h=12&amp;ixlib=php-3.3.0&amp;w=18 18w\" sizes=\"(max-width: 800px) 100vw, 800px\" \/>\t\t\t\t\t\t\t\t\t\t\t\t\t\t\t<\/div>\n\t\t\t\t<\/div>\n\t\t\t\t\t<\/div>\n\t\t\t\t<\/div>\n\t\t\t\t\t<\/div>\n\t\t\t\t<\/div>\n\t\t\t\t<\/div>","protected":false},"excerpt":{"rendered":"<p>We Handle Insurance Coordination, You Focus on Your Health Our International Patient Services handle all documentation and insurance coordination, so you can focus on your health. Documentation and Insurance Coordination If you are travelling to Spain to visit, work or live and you need medical assistance 24\/7 in your own language please do not hesitate [&hellip;]<\/p>","protected":false},"author":8,"featured_media":0,"parent":0,"menu_order":0,"comment_status":"closed","ping_status":"closed","template":"","meta":{"footnotes":""},"class_list":["post-4174","page","type-page","status-publish","hentry"],"_links":{"self":[{"href":"https:\/\/hmi-test.ezenit.link\/es\/wp-json\/wp\/v2\/pages\/4174","targetHints":{"allow":["GET"]}}],"collection":[{"href":"https:\/\/hmi-test.ezenit.link\/es\/wp-json\/wp\/v2\/pages"}],"about":[{"href":"https:\/\/hmi-test.ezenit.link\/es\/wp-json\/wp\/v2\/types\/page"}],"author":[{"embeddable":true,"href":"https:\/\/hmi-test.ezenit.link\/es\/wp-json\/wp\/v2\/users\/8"}],"replies":[{"embeddable":true,"href":"https:\/\/hmi-test.ezenit.link\/es\/wp-json\/wp\/v2\/comments?post=4174"}],"version-history":[{"count":7,"href":"https:\/\/hmi-test.ezenit.link\/es\/wp-json\/wp\/v2\/pages\/4174\/revisions"}],"predecessor-version":[{"id":4188,"href":"https:\/\/hmi-test.ezenit.link\/es\/wp-json\/wp\/v2\/pages\/4174\/revisions\/4188"}],"wp:attachment":[{"href":"https:\/\/hmi-test.ezenit.link\/es\/wp-json\/wp\/v2\/media?parent=4174"}],"curies":[{"name":"wp","href":"https:\/\/api.w.org\/{rel}","templated":true}]}}