{"id":903,"date":"2024-06-03T10:35:30","date_gmt":"2024-06-03T08:35:30","guid":{"rendered":"https:\/\/hmi-test.ezenit.link\/?page_id=903"},"modified":"2024-06-17T01:24:24","modified_gmt":"2024-06-16T23:24:24","slug":"personalized-medical-assistance","status":"publish","type":"page","link":"https:\/\/hmi-test.ezenit.link\/es\/personalized-medical-assistance\/","title":{"rendered":"Asistencia m\u00e9dica personalizada"},"content":{"rendered":"<style>.elementor-903 .elementor-element.elementor-element-b372a37{--display:flex;--flex-direction:column;--container-widget-width:100%;--container-widget-height:initial;--container-widget-flex-grow:0;--container-widget-align-self:initial;--flex-wrap-mobile:wrap;--gap:60px 60px;--row-gap:60px;--column-gap:60px;}.elementor-widget-image .widget-image-caption{color:var( --e-global-color-text );font-family:var( --e-global-typography-text-font-family ), Sans-serif;font-weight:var( --e-global-typography-text-font-weight );}.elementor-903 .elementor-element.elementor-element-1baf93a img{width:100%;height:400px;object-fit:cover;object-position:center center;border-radius:10px 10px 10px 10px;}.elementor-903 .elementor-element.elementor-element-68bbf98{--display:flex;--flex-direction:column;--container-widget-width:100%;--container-widget-height:initial;--container-widget-flex-grow:0;--container-widget-align-self:initial;--flex-wrap-mobile:wrap;--gap:20px 20px;--row-gap:20px;--column-gap:20px;}.elementor-widget-heading .elementor-heading-title{font-family:var( --e-global-typography-primary-font-family ), Sans-serif;font-weight:var( --e-global-typography-primary-font-weight );color:var( --e-global-color-primary );}.elementor-903 .elementor-element.elementor-element-cf6ba37{width:100%;max-width:100%;text-align:center;}.elementor-903 .elementor-element.elementor-element-cf6ba37 > .elementor-widget-container{margin:0px 0px 0px 0px;}.elementor-903 .elementor-element.elementor-element-cf6ba37.elementor-element{--align-self:center;--flex-grow:0;--flex-shrink:0;}.elementor-903 .elementor-element.elementor-element-cf6ba37 .elementor-heading-title{font-family:\"Glaw\", Sans-serif;font-size:35px;font-weight:bold;color:#2E297E;}.elementor-903 .elementor-element.elementor-element-8447584 > .elementor-widget-container{margin:0px 0px 0px 0px;}.elementor-903 .elementor-element.elementor-element-8447584.elementor-element{--flex-grow:0;--flex-shrink:0;}.elementor-903 .elementor-element.elementor-element-8447584{text-align:center;}.elementor-903 .elementor-element.elementor-element-8447584 .elementor-heading-title{font-family:\"Glaw\", Sans-serif;font-size:20px;font-weight:200;color:#2E297E;}.elementor-903 .elementor-element.elementor-element-a00fccd{--display:flex;--flex-direction:row;--container-widget-width:initial;--container-widget-height:100%;--container-widget-flex-grow:1;--container-widget-align-self:stretch;--flex-wrap-mobile:wrap;--gap:0px 0px;--row-gap:0px;--column-gap:0px;--margin-top:60px;--margin-bottom:0px;--margin-left:0px;--margin-right:0px;}.elementor-903 .elementor-element.elementor-element-93f7b8f{--display:flex;--justify-content:center;--gap:20px 20px;--row-gap:20px;--column-gap:20px;--margin-top:0px;--margin-bottom:0px;--margin-left:0px;--margin-right:0px;--padding-top:0px;--padding-bottom:0px;--padding-left:45px;--padding-right:45px;}.elementor-903 .elementor-element.elementor-element-e1bcd5a > .elementor-widget-container{margin:0px 0px 0px 0px;}.elementor-903 .elementor-element.elementor-element-e1bcd5a{text-align:left;}.elementor-903 .elementor-element.elementor-element-e1bcd5a .elementor-heading-title{font-family:\"Glaw\", Sans-serif;font-size:35px;font-weight:700;color:#243072;}.elementor-widget-text-editor{font-family:var( --e-global-typography-text-font-family ), Sans-serif;font-weight:var( --e-global-typography-text-font-weight );color:var( --e-global-color-text );}.elementor-widget-text-editor.elementor-drop-cap-view-stacked .elementor-drop-cap{background-color:var( --e-global-color-primary );}.elementor-widget-text-editor.elementor-drop-cap-view-framed .elementor-drop-cap, .elementor-widget-text-editor.elementor-drop-cap-view-default .elementor-drop-cap{color:var( --e-global-color-primary );border-color:var( --e-global-color-primary );}.elementor-903 .elementor-element.elementor-element-f233130 > .elementor-widget-container{margin:08px 0px 0px 0px;}.elementor-903 .elementor-element.elementor-element-f233130{text-align:left;font-family:\"Raleway\", Sans-serif;font-size:16px;font-weight:400;color:#243072;}.elementor-903 .elementor-element.elementor-element-e41345e{--display:flex;--justify-content:center;--align-items:center;--container-widget-width:calc( ( 1 - var( --container-widget-flex-grow ) ) * 100% );--gap:0px 0px;--row-gap:0px;--column-gap:0px;--margin-top:0px;--margin-bottom:0px;--margin-left:0px;--margin-right:0px;--padding-top:0px;--padding-bottom:0px;--padding-left:0px;--padding-right:0px;}.elementor-903 .elementor-element.elementor-element-8c1b493 > .elementor-widget-container{margin:0px 0px 0px 0px;padding:78px 78px 78px 78px;}.elementor-903 .elementor-element.elementor-element-8c1b493 img{border-radius:10px 10px 10px 10px;}.elementor-903 .elementor-element.elementor-element-f60e9ca{--display:flex;--align-items:center;--container-widget-width:calc( ( 1 - var( --container-widget-flex-grow ) ) * 100% );--gap:0px 0px;--row-gap:0px;--column-gap:0px;--margin-top:34px;--margin-bottom:146px;--margin-left:0px;--margin-right:0px;--padding-top:0px;--padding-bottom:0px;--padding-left:0px;--padding-right:0px;}.elementor-903 .elementor-element.elementor-element-7df0394 > .elementor-widget-container{border-radius:10px 10px 10px 10px;}.elementor-903 .elementor-element.elementor-element-7df0394 .elementor-wrapper{--video-aspect-ratio:1.77777;}:root{--page-title-display:none;}@media(max-width:767px){.elementor-903 .elementor-element.elementor-element-b372a37{--width:100%;--gap:35px 35px;--row-gap:35px;--column-gap:35px;--padding-top:0px;--padding-bottom:0px;--padding-left:25px;--padding-right:25px;}.elementor-903 .elementor-element.elementor-element-a00fccd{--content-width:100%;--flex-direction:column;--container-widget-width:100%;--container-widget-height:initial;--container-widget-flex-grow:0;--container-widget-align-self:initial;--flex-wrap-mobile:wrap;--gap:56px 56px;--row-gap:56px;--column-gap:56px;--padding-top:0px;--padding-bottom:0px;--padding-left:25px;--padding-right:25px;}.elementor-903 .elementor-element.elementor-element-93f7b8f{--gap:20px 20px;--row-gap:20px;--column-gap:20px;--padding-top:0px;--padding-bottom:0px;--padding-left:0px;--padding-right:0px;}.elementor-903 .elementor-element.elementor-element-e1bcd5a > .elementor-widget-container{margin:0px 0px 0px 0px;}.elementor-903 .elementor-element.elementor-element-f233130 > .elementor-widget-container{margin:0px 0px 0px 0px;}.elementor-903 .elementor-element.elementor-element-e41345e{--padding-top:0px;--padding-bottom:0px;--padding-left:0px;--padding-right:0px;}.elementor-903 .elementor-element.elementor-element-8c1b493 > .elementor-widget-container{padding:0px 0px 0px 0px;}.elementor-903 .elementor-element.elementor-element-f60e9ca{--margin-top:70px;--margin-bottom:140px;--margin-left:0px;--margin-right:0px;--padding-top:0px;--padding-bottom:0px;--padding-left:25px;--padding-right:25px;}}@media(min-width:768px){.elementor-903 .elementor-element.elementor-element-b372a37{--width:90%;}.elementor-903 .elementor-element.elementor-element-a00fccd{--content-width:90%;}.elementor-903 .elementor-element.elementor-element-93f7b8f{--content-width:100%;}.elementor-903 .elementor-element.elementor-element-e41345e{--content-width:100%;}.elementor-903 .elementor-element.elementor-element-f60e9ca{--content-width:90%;}}\/* Start Custom Fonts CSS *\/@font-face {\n\tfont-family: 'Glaw';\n\tfont-style: normal;\n\tfont-weight: normal;\n\tfont-display: auto;\n\tsrc: url('https:\/\/hmi-test.ezenit.link\/wp-content\/uploads\/2024\/05\/glaw.ttf') format('truetype');\n}\n@font-face {\n\tfont-family: 'Glaw';\n\tfont-style: italic;\n\tfont-weight: normal;\n\tfont-display: auto;\n\tsrc: url('https:\/\/hmi-test.ezenit.link\/wp-content\/uploads\/2024\/05\/glawi.ttf') format('truetype');\n}\n@font-face {\n\tfont-family: 'Glaw';\n\tfont-style: normal;\n\tfont-weight: bold;\n\tfont-display: auto;\n\tsrc: url('https:\/\/hmi-test.ezenit.link\/wp-content\/uploads\/2024\/05\/glawb.ttf') format('truetype');\n}\n@font-face {\n\tfont-family: 'Glaw';\n\tfont-style: italic;\n\tfont-weight: bold;\n\tfont-display: auto;\n\tsrc: url('https:\/\/hmi-test.ezenit.link\/wp-content\/uploads\/2024\/05\/glawbi.ttf') format('truetype');\n}\n@font-face {\n\tfont-family: 'Glaw';\n\tfont-style: normal;\n\tfont-weight: 900;\n\tfont-display: auto;\n\tsrc: url('https:\/\/hmi-test.ezenit.link\/wp-content\/uploads\/2024\/05\/glawh.ttf') format('truetype');\n}\n@font-face {\n\tfont-family: 'Glaw';\n\tfont-style: italic;\n\tfont-weight: 900;\n\tfont-display: auto;\n\tsrc: url('https:\/\/hmi-test.ezenit.link\/wp-content\/uploads\/2024\/05\/glawhi.ttf') format('truetype');\n}\n@font-face {\n\tfont-family: 'Glaw';\n\tfont-style: normal;\n\tfont-weight: 100;\n\tfont-display: auto;\n\tsrc: url('https:\/\/hmi-test.ezenit.link\/wp-content\/uploads\/2024\/05\/glawl.ttf') format('truetype');\n}\n@font-face {\n\tfont-family: 'Glaw';\n\tfont-style: italic;\n\tfont-weight: 100;\n\tfont-display: auto;\n\tsrc: url('https:\/\/hmi-test.ezenit.link\/wp-content\/uploads\/2024\/05\/glawli.ttf') format('truetype');\n}\n\/* End Custom Fonts CSS *\/<\/style>\t\t<div data-elementor-type=\"wp-page\" data-elementor-id=\"903\" class=\"elementor elementor-903\" data-elementor-post-type=\"page\">\n\t\t\t\t<div class=\"elementor-element elementor-element-b372a37 e-con-full e-flex e-con e-parent\" data-id=\"b372a37\" data-element_type=\"container\">\n\t\t\t\t<div class=\"elementor-element elementor-element-1baf93a elementor-widget elementor-widget-image\" data-id=\"1baf93a\" data-element_type=\"widget\" data-widget_type=\"image.default\">\n\t\t\t\t<div class=\"elementor-widget-container\">\n\t\t\t\t\t\t\t\t\t\t\t\t\t\t\t<img fetchpriority=\"high\" decoding=\"async\" width=\"640\" height=\"246\" src=\"https:\/\/assets-hmi.imgix.net\/uploads\/2024\/06\/HM-NUEVO-BELEN_07-09-22_-29-en-tamano-mediano-e1717584290386.jpeg?auto=format%2Ccompress&amp;ixlib=php-3.3.0\" class=\"attachment-full size-full wp-image-1512\" alt=\"\" srcset=\"https:\/\/assets-hmi.imgix.net\/uploads\/2024\/06\/HM-NUEVO-BELEN_07-09-22_-29-en-tamano-mediano-e1717584290386.jpeg?auto=format%2Ccompress&amp;ixlib=php-3.3.0&amp;w=640 640w, https:\/\/assets-hmi.imgix.net\/uploads\/2024\/06\/HM-NUEVO-BELEN_07-09-22_-29-en-tamano-mediano-e1717584290386.jpeg?auto=format%2Ccompress&amp;fit=crop&amp;h=115&amp;ixlib=php-3.3.0&amp;w=300 300w, https:\/\/assets-hmi.imgix.net\/uploads\/2024\/06\/HM-NUEVO-BELEN_07-09-22_-29-en-tamano-mediano-e1717584290386.jpeg?auto=format%2Ccompress&amp;fit=crop&amp;h=7&amp;ixlib=php-3.3.0&amp;w=18 18w\" sizes=\"(max-width: 640px) 100vw, 640px\" \/>\t\t\t\t\t\t\t\t\t\t\t\t\t\t\t<\/div>\n\t\t\t\t<\/div>\n\t\t<div class=\"elementor-element elementor-element-68bbf98 e-flex e-con-boxed e-con e-child\" data-id=\"68bbf98\" data-element_type=\"container\">\n\t\t\t\t\t<div class=\"e-con-inner\">\n\t\t\t\t<div class=\"elementor-element elementor-element-cf6ba37 elementor-widget__width-inherit elementor-widget elementor-widget-heading\" data-id=\"cf6ba37\" data-element_type=\"widget\" data-widget_type=\"heading.default\">\n\t\t\t\t<div class=\"elementor-widget-container\">\n\t\t\t\t\t<h2 class=\"elementor-heading-title elementor-size-default\">Asistencia m\u00e9dica personalizada<\/h2>\t\t\t\t<\/div>\n\t\t\t\t<\/div>\n\t\t\t\t<div class=\"elementor-element elementor-element-8447584 elementor-widget elementor-widget-heading\" data-id=\"8447584\" data-element_type=\"widget\" data-widget_type=\"heading.default\">\n\t\t\t\t<div class=\"elementor-widget-container\">\n\t\t\t\t\t<h3 class=\"elementor-heading-title elementor-size-default\">Brindando Excelencia en la atenci\u00f3n m\u00e9dica en cada paciente internacional<\/h3>\t\t\t\t<\/div>\n\t\t\t\t<\/div>\n\t\t\t\t\t<\/div>\n\t\t\t\t<\/div>\n\t\t\t\t<\/div>\n\t\t<div class=\"elementor-element elementor-element-a00fccd e-flex e-con-boxed e-con e-parent\" data-id=\"a00fccd\" data-element_type=\"container\">\n\t\t\t\t\t<div class=\"e-con-inner\">\n\t\t<div class=\"elementor-element elementor-element-93f7b8f e-flex e-con-boxed e-con e-child\" data-id=\"93f7b8f\" data-element_type=\"container\">\n\t\t\t\t\t<div class=\"e-con-inner\">\n\t\t\t\t<div class=\"elementor-element elementor-element-e1bcd5a elementor-widget elementor-widget-heading\" data-id=\"e1bcd5a\" data-element_type=\"widget\" data-widget_type=\"heading.default\">\n\t\t\t\t<div class=\"elementor-widget-container\">\n\t\t\t\t\t<h2 class=\"elementor-heading-title elementor-size-default\">Experiencias \u00fanicas para todos nuestros pacientes internacionales<\/h2>\t\t\t\t<\/div>\n\t\t\t\t<\/div>\n\t\t\t\t<div class=\"elementor-element elementor-element-f233130 elementor-widget elementor-widget-text-editor\" data-id=\"f233130\" data-element_type=\"widget\" data-widget_type=\"text-editor.default\">\n\t\t\t\t<div class=\"elementor-widget-container\">\n\t\t\t\t\t\t\t\t\t<p>En HM Hospitales, estamos comprometidos a brindar una atenci\u00f3n m\u00e9dica excepcional y personalizada a nuestros pacientes internacionales durante su estancia en Espa\u00f1a. Nuestros servicios est\u00e1n adaptados para satisfacer las necesidades de nuestra clientela global y est\u00e1n disponibles en varios idiomas para garantizar la m\u00e1xima comodidad y comprensi\u00f3n.<\/p><p>Nuestro equipo administrativo altamente capacitado maneja eficientemente toda la documentaci\u00f3n necesaria y mantiene un contacto directo con nuestro departamento internacional, asegurando una comunicaci\u00f3n fluida y una coordinaci\u00f3n \u00f3ptima de su atenci\u00f3n m\u00e9dica.<\/p><p>Nuestros servicios de seguros est\u00e1n disponibles 24\/7\/365, brind\u00e1ndole apoyo inmediato y continuo cuando lo necesite.<\/p><p>Este enfoque integral de la atenci\u00f3n m\u00e9dica garantiza una experiencia sin interrupciones, accesible y tranquila para todos nuestros pacientes internacionales. Nos esforzamos por ofrecer no solo tratamiento m\u00e9dico, sino un recorrido de atenci\u00f3n integral que asegura la tranquilidad de principio a fin.<\/p>\t\t\t\t\t\t\t\t<\/div>\n\t\t\t\t<\/div>\n\t\t\t\t\t<\/div>\n\t\t\t\t<\/div>\n\t\t<div class=\"elementor-element elementor-element-e41345e e-flex e-con-boxed e-con e-child\" data-id=\"e41345e\" data-element_type=\"container\">\n\t\t\t\t\t<div class=\"e-con-inner\">\n\t\t\t\t<div class=\"elementor-element elementor-element-8c1b493 elementor-widget elementor-widget-image\" data-id=\"8c1b493\" data-element_type=\"widget\" data-widget_type=\"image.default\">\n\t\t\t\t<div class=\"elementor-widget-container\">\n\t\t\t\t\t\t\t\t\t\t\t\t\t\t\t<img decoding=\"async\" width=\"800\" height=\"570\" src=\"https:\/\/assets-hmi.imgix.net\/uploads\/2024\/06\/Medico-paciente-mujer-2-e1719309676237.jpg?auto=format%2Ccompress&amp;ixlib=php-3.3.0\" class=\"attachment-large size-large wp-image-2678\" alt=\"\" \/>\t\t\t\t\t\t\t\t\t\t\t\t\t\t\t<\/div>\n\t\t\t\t<\/div>\n\t\t\t\t\t<\/div>\n\t\t\t\t<\/div>\n\t\t\t\t\t<\/div>\n\t\t\t\t<\/div>\n\t\t<div class=\"elementor-element elementor-element-f60e9ca e-flex e-con-boxed e-con e-parent\" data-id=\"f60e9ca\" data-element_type=\"container\">\n\t\t\t\t\t<div class=\"e-con-inner\">\n\t\t\t\t<div class=\"elementor-element elementor-element-7df0394 elementor-widget elementor-widget-video\" data-id=\"7df0394\" data-element_type=\"widget\" data-settings=\"{&quot;youtube_url&quot;:&quot;https:\\\/\\\/www.youtube.com\\\/watch?v=AxkdqnzPC58&amp;t=73s&quot;,&quot;autoplay&quot;:&quot;yes&quot;,&quot;play_on_mobile&quot;:&quot;yes&quot;,&quot;mute&quot;:&quot;yes&quot;,&quot;loop&quot;:&quot;yes&quot;,&quot;video_type&quot;:&quot;youtube&quot;}\" data-widget_type=\"video.default\">\n\t\t\t\t<div class=\"elementor-widget-container\">\n\t\t\t\t\t\t\t<div class=\"elementor-wrapper elementor-open-inline\">\n\t\t\t<div class=\"elementor-video\"><\/div>\t\t<\/div>\n\t\t\t\t\t\t<\/div>\n\t\t\t\t<\/div>\n\t\t\t\t\t<\/div>\n\t\t\t\t<\/div>\n\t\t\t\t<\/div>","protected":false},"excerpt":{"rendered":"<p>Personalized Medical Assistance Providing Excellence in Healthcare for Every International Patient Stress-free experience for all our international patients At HM Hospitales, we are committed to delivering exceptional, personalized medical care to our international patients throughout their stay in Spain. Our services are customized to meet the needs of our global clientele and are available in [&hellip;]<\/p>","protected":false},"author":3,"featured_media":0,"parent":0,"menu_order":0,"comment_status":"closed","ping_status":"closed","template":"","meta":{"footnotes":""},"class_list":["post-903","page","type-page","status-publish","hentry"],"_links":{"self":[{"href":"https:\/\/hmi-test.ezenit.link\/es\/wp-json\/wp\/v2\/pages\/903","targetHints":{"allow":["GET"]}}],"collection":[{"href":"https:\/\/hmi-test.ezenit.link\/es\/wp-json\/wp\/v2\/pages"}],"about":[{"href":"https:\/\/hmi-test.ezenit.link\/es\/wp-json\/wp\/v2\/types\/page"}],"author":[{"embeddable":true,"href":"https:\/\/hmi-test.ezenit.link\/es\/wp-json\/wp\/v2\/users\/3"}],"replies":[{"embeddable":true,"href":"https:\/\/hmi-test.ezenit.link\/es\/wp-json\/wp\/v2\/comments?post=903"}],"version-history":[{"count":23,"href":"https:\/\/hmi-test.ezenit.link\/es\/wp-json\/wp\/v2\/pages\/903\/revisions"}],"predecessor-version":[{"id":2681,"href":"https:\/\/hmi-test.ezenit.link\/es\/wp-json\/wp\/v2\/pages\/903\/revisions\/2681"}],"wp:attachment":[{"href":"https:\/\/hmi-test.ezenit.link\/es\/wp-json\/wp\/v2\/media?parent=903"}],"curies":[{"name":"wp","href":"https:\/\/api.w.org\/{rel}","templated":true}]}}